{"id":158,"date":"2018-12-06T12:49:02","date_gmt":"2018-12-06T12:49:02","guid":{"rendered":"http:\/\/rishabh.sharkz.in\/?page_id=158"},"modified":"2021-06-10T15:44:57","modified_gmt":"2021-06-10T13:44:57","slug":"despre-noi","status":"publish","type":"page","link":"https:\/\/global-learning.ro\/cursuri-online\/despre-noi\/","title":{"rendered":"Despre noi"},"content":{"rendered":"\n<section class=\"wp-block-uagb-columns uagb-columns__wrap uagb-columns__background-gradient uagb-columns__stack-mobile uagb-columns__valign-undefined uagb-columns__gap-10 alignundefined uagb-block-f45c3fe6\"><div class=\"uagb-columns__overlay\"><\/div><div class=\"uagb-columns__inner-wrap uagb-columns__columns-3\">\n<div class=\"wp-block-uagb-column uagb-column__wrap uagb-column__background-undefined uagb-block-e55f18b6\"><div class=\"uagb-column__overlay\"><\/div><div class=\"uagb-column__inner-wrap\">\n<p><\/p>\n<\/div><\/div>\n\n\n\n<div class=\"wp-block-uagb-column uagb-column__wrap uagb-column__background-undefined uagb-block-cdf52fc1\"><div class=\"uagb-column__overlay\"><\/div><div class=\"uagb-column__inner-wrap\">\n<div class=\"wp-block-uagb-info-box uagb-infobox__outer-wrap uagb-block-97fad9ed\"><div class=\"uagb-infobox__content-wrap uagb-infobox uagb-infobox-has-icon uagb-infobox-icon-above-title uagb-infobox-image-valign-top uagb-infobox-enable-border-radius \"><div class=\"uagb-ifb-left-right-wrap\"><div class=\"uagb-ifb-content\"><div class=\"uagb-ifb-title-wrap\"><h1 class=\"uagb-ifb-title\">Despre noi<\/h1><\/div><div class=\"uagb-ifb-text-wrap\"><p class=\"uagb-ifb-desc\">  Global-Learning.ro &#8211; Cursuri de Limba Germana si Engleza<br>Cine suntem noi? Cum va putem ajuta?   <\/p><\/div><\/div><\/div><\/div><\/div>\n<\/div><\/div>\n\n\n\n<div class=\"wp-block-uagb-column uagb-column__wrap uagb-column__background-undefined uagb-block-63f77b9d\"><div class=\"uagb-column__overlay\"><\/div><div class=\"uagb-column__inner-wrap\"><\/div><\/div>\n<\/div><\/section>\n\n\n\n<section class=\"wp-block-uagb-columns uagb-columns__wrap uagb-columns__background-color uagb-columns__stack-tablet uagb-columns__valign-undefined uagb-columns__gap-10 alignundefined uagb-block-b2830e90\"><div class=\"uagb-columns__overlay\"><\/div><div class=\"uagb-columns__inner-wrap uagb-columns__columns-2\">\n<div class=\"wp-block-uagb-column uagb-column__wrap uagb-column__background-undefined uagb-block-fd2f3f55 hidden\"><div class=\"uagb-column__overlay\"><\/div><div class=\"uagb-column__inner-wrap\">\n<div class=\"uagb-infobox__outer-wrap uagb-block-54a9e595-1d8a-4fd7-bd18-c472b3eb1e6c\"><div class=\"uagb-infobox__content-wrap uagb-infobox uagb-infobox-has-image uagb-infobox-icon-above-title uagb-infobox-image-valign-top uagb-infobox-enable-border-radius \"><div class=\"uagb-ifb-left-right-wrap\"><div class=\"uagb-ifb-content\"><div class=\"uagb-ifb-image-icon-content uagb-ifb-imgicon-wrap\"><div class=\"uagb-ifb-image\"><div class=\"uagb-ifb-image-content\"><img decoding=\"async\" class=\"\" src=\"https:\/\/global-learning.ro\/cursuri-online\/wp-content\/uploads\/2020\/03\/cursuri-online-global-learning.png\" alt=\"Cursuri Online \u2013 Global Learning\" title=\"\"><\/div><\/div><\/div><div class=\"uagb-ifb-title-wrap\"><h5 class=\"uagb-ifb-title\"> Cursuri Online &#8211; Global Learning <\/h5><\/div><div class=\"uagb-ifb-text-wrap\"><\/div><\/div><\/div><\/div><\/div>\n<\/div><\/div>\n\n\n\n<div class=\"wp-block-uagb-column uagb-column__wrap uagb-column__background-color uagb-block-67edb97d\"><div class=\"uagb-column__overlay\"><\/div><div class=\"uagb-column__inner-wrap\">\n<div class=\"wp-block-uagb-info-box uagb-infobox__outer-wrap uagb-block-7ccb322a\"><div class=\"uagb-infobox__content-wrap uagb-infobox uagb-infobox-has-icon uagb-infobox-icon-above-title uagb-infobox-image-valign-top uagb-infobox-enable-border-radius \"><div class=\"uagb-ifb-left-right-wrap\"><div class=\"uagb-ifb-content\"><div class=\"uagb-ifb-title-wrap\"><h2 class=\"uagb-ifb-title\">Despre noi si despre cursurile noastre de engleza si germana <\/h2><\/div><div class=\"uagb-ifb-text-wrap\"><p class=\"uagb-ifb-desc\">Acum poti apela cu foarte mare usurinta la cursuri de englez\u0103 \u0219i german\u0103 pentru copii, elevi \u0219i adul\u021bi.<br> <br>Programul <em><strong>\u201eEduca\u021bia \u2013 Pa\u0219aportul pentru o via\u021b\u0103 mai bun\u0103\u201d<\/strong><\/em>  \u00ee\u0219i propune s\u0103 sprijine copiii, elevii \u0219i adul\u021bii care doresc ini\u021bierea \u00een limbile englez\u0103 \u0219i german\u0103. <br><\/p><\/div><\/div><\/div><\/div><\/div>\n<\/div><\/div>\n<\/div><div class=\"uagb-columns__shape uagb-columns__shape-bottom uagb-columns__shape-flip\" data-negative=\"false\"><svg xmlns=\"http:\/\/www.w3.org\/2000\/svg\" viewbox=\"0 0 1000 100\" preserveaspectratio=\"none\"><path class=\"uagb-columns__shape-fill\" d=\"M421.9,6.5c22.6-2.5,51.5,0.4,75.5,5.3c23.6,4.9,70.9,23.5,100.5,35.7c75.8,32.2,133.7,44.5,192.6,49.7  c23.6,2.1,48.7,3.5,103.4-2.5c54.7-6,106.2-25.6,106.2-25.6V0H0v30.3c0,0,72,32.6,158.4,30.5c39.2-0.7,92.8-6.7,134-22.4  c21.2-8.1,52.2-18.2,79.7-24.2C399.3,7.9,411.6,7.5,421.9,6.5z\"><\/path><\/svg><\/div><\/section>\n\n\n\n<section class=\"wp-block-uagb-columns uagb-columns__wrap uagb-columns__background-color uagb-columns__stack-tablet uagb-columns__valign-middle uagb-columns__gap-10 alignundefined uagb-block-64b91173-9089-4730-98b7-10e61ea1c197 custom-about-info\"><div class=\"uagb-columns__overlay\"><\/div><div class=\"uagb-columns__inner-wrap uagb-columns__columns-2\">\n\n<\/div><\/section>\n\n\n\n<section class=\"wp-block-uagb-columns uagb-columns__wrap uagb-columns__background-color uagb-columns__stack-mobile uagb-columns__valign-undefined uagb-columns__gap-10 alignundefined uagb-block-58cd3bd5\"><div class=\"uagb-columns__overlay\"><\/div><div class=\"uagb-columns__inner-wrap uagb-columns__columns-3\">\n<div class=\"wp-block-uagb-column uagb-column__wrap uagb-column__background-undefined uagb-block-ff4dc8de\"><div class=\"uagb-column__overlay\"><\/div><div class=\"uagb-column__inner-wrap\">\n<p><\/p>\n<\/div><\/div>\n\n\n\n<div class=\"wp-block-uagb-column uagb-column__wrap uagb-column__background-undefined uagb-block-ad6f8beb\"><div class=\"uagb-column__overlay\"><\/div><div class=\"uagb-column__inner-wrap\">\n<div class=\"uagb-infobox__outer-wrap uagb-block-4d1833d0-3b75-45bd-9eb9-31b75b77feb5\">\n    <div class=\"uagb-infobox__content-wrap uagb-infobox uagb-infobox-has-icon uagb-infobox-icon-above-title uagb-infobox-image-valign-top uagb-infobox-enable-border-radius \">\n        <div class=\"uagb-ifb-left-right-wrap\">\n            <div class=\"uagb-ifb-content custom-cta\">\n                <div class=\"uagb-ifb-title-wrap\">\n                    <h2 class=\"uagb-ifb-title\">\u00cenva\u0163\u0103 exact ce ai nevoie!<\/h2>\n                <\/div>\n                <div class=\"uagb-ifb-text-wrap\">\n                    <p class=\"uagb-ifb-desc\">\u00cencepe acum s\u0103 \u00eenve\u0163i, c\u00e2\u015ftig\u00e2nd timp! \u00censcrie-te ast\u0103zi \u015fi studiaz\u0103 \u00een propriul t\u0103u ritm.<\/p>\n                    <div class=\"uagb-ifb-cta uagb-infobox-cta-link-style\">\n                        <div class=\"uagb-ifb-button-wrapper\"><a href=\"https:\/\/global-learning.ro\/cursuri-online\/contul-meu\/\" class=\"uagb-infobox-cta-link uagb-ifb-cta-button\" target=\"_self\" rel=\"noopener noreferrer\"><span class=\"uagb-ifb-cta-content-wrapper\"><span class=\"uagb-inline-editing \">Inscrieri<\/span><\/span><\/a><\/div>\n                    <\/div>\n                <\/div>\n            <\/div>\n        <\/div>\n    <\/div>\n<\/div>\n<\/div><\/div>\n\n\n\n<div class=\"wp-block-uagb-column uagb-column__wrap uagb-column__background-undefined uagb-block-62a58a5c\"><div class=\"uagb-column__overlay\"><\/div><div class=\"uagb-column__inner-wrap\"><\/div><\/div>\n<\/div><\/section>\n","protected":false},"excerpt":{"rendered":"<p>Cursuri Online &#8211; Global Learning \u00cenva\u0163\u0103 exact ce ai nevoie! \u00cencepe acum s\u0103 \u00eenve\u0163i, c\u00e2\u015ftig\u00e2nd timp! \u00censcrie-te ast\u0103zi \u015fi studiaz\u0103 \u00een propriul t\u0103u ritm. Inscrieri<\/p>\n","protected":false},"author":2,"featured_media":0,"parent":0,"menu_order":0,"comment_status":"closed","ping_status":"closed","template":"","meta":{"_uag_custom_page_level_css":"","site-sidebar-layout":"no-sidebar","site-content-layout":"page-builder","ast-site-content-layout":"default","site-content-style":"default","site-sidebar-style":"default","ast-global-header-display":"","ast-banner-title-visibility":"","ast-main-header-display":"","ast-hfb-above-header-display":"","ast-hfb-below-header-display":"","ast-hfb-mobile-header-display":"","site-post-title":"disabled","ast-breadcrumbs-content":"","ast-featured-img":"disabled","footer-sml-layout":"","ast-disable-related-posts":"","theme-transparent-header-meta":"enabled","adv-header-id-meta":"","stick-header-meta":"","header-above-stick-meta":"","header-main-stick-meta":"","header-below-stick-meta":"","astra-migrate-meta-layouts":"default","ast-page-background-enabled":"default","ast-page-background-meta":{"desktop":{"background-color":"","background-image":"","background-repeat":"repeat","background-position":"center center","background-size":"auto","background-attachment":"scroll","background-type":"","background-media":"","overlay-type":"","overlay-color":"","overlay-opacity":"","overlay-gradient":""},"tablet":{"background-color":"","background-image":"","background-repeat":"repeat","background-position":"center center","background-size":"auto","background-attachment":"scroll","background-type":"","background-media":"","overlay-type":"","overlay-color":"","overlay-opacity":"","overlay-gradient":""},"mobile":{"background-color":"","background-image":"","background-repeat":"repeat","background-position":"center center","background-size":"auto","background-attachment":"scroll","background-type":"","background-media":"","overlay-type":"","overlay-color":"","overlay-opacity":"","overlay-gradient":""}},"ast-content-background-meta":{"desktop":{"background-color":"var(--ast-global-color-5)","background-image":"","background-repeat":"repeat","background-position":"center center","background-size":"auto","background-attachment":"scroll","background-type":"","background-media":"","overlay-type":"","overlay-color":"","overlay-opacity":"","overlay-gradient":""},"tablet":{"background-color":"var(--ast-global-color-5)","background-image":"","background-repeat":"repeat","background-position":"center center","background-size":"auto","background-attachment":"scroll","background-type":"","background-media":"","overlay-type":"","overlay-color":"","overlay-opacity":"","overlay-gradient":""},"mobile":{"background-color":"var(--ast-global-color-5)","background-image":"","background-repeat":"repeat","background-position":"center center","background-size":"auto","background-attachment":"scroll","background-type":"","background-media":"","overlay-type":"","overlay-color":"","overlay-opacity":"","overlay-gradient":""}},"footnotes":""},"class_list":["post-158","page","type-page","status-publish","hentry"],"uagb_featured_image_src":{"full":false,"thumbnail":false,"medium":false,"medium_large":false,"large":false,"1536x1536":false,"2048x2048":false,"mailpoet_newsletter_max":false,"woocommerce_thumbnail":false,"woocommerce_single":false,"woocommerce_gallery_thumbnail":false},"uagb_author_info":{"display_name":"SEO Undesigned","author_link":"https:\/\/global-learning.ro\/cursuri-online\/author\/undesigned\/"},"uagb_comment_info":0,"uagb_excerpt":"Cursuri Online &#8211; Global Learning \u00cenva\u0163\u0103 exact ce ai nevoie! \u00cencepe acum s\u0103 \u00eenve\u0163i, c\u00e2\u015ftig\u00e2nd timp! \u00censcrie-te ast\u0103zi \u015fi studiaz\u0103 \u00een propriul t\u0103u ritm. Inscrieri","_links":{"self":[{"href":"https:\/\/global-learning.ro\/cursuri-online\/wp-json\/wp\/v2\/pages\/158","targetHints":{"allow":["GET"]}}],"collection":[{"href":"https:\/\/global-learning.ro\/cursuri-online\/wp-json\/wp\/v2\/pages"}],"about":[{"href":"https:\/\/global-learning.ro\/cursuri-online\/wp-json\/wp\/v2\/types\/page"}],"author":[{"embeddable":true,"href":"https:\/\/global-learning.ro\/cursuri-online\/wp-json\/wp\/v2\/users\/2"}],"replies":[{"embeddable":true,"href":"https:\/\/global-learning.ro\/cursuri-online\/wp-json\/wp\/v2\/comments?post=158"}],"version-history":[{"count":1,"href":"https:\/\/global-learning.ro\/cursuri-online\/wp-json\/wp\/v2\/pages\/158\/revisions"}],"predecessor-version":[{"id":54831,"href":"https:\/\/global-learning.ro\/cursuri-online\/wp-json\/wp\/v2\/pages\/158\/revisions\/54831"}],"wp:attachment":[{"href":"https:\/\/global-learning.ro\/cursuri-online\/wp-json\/wp\/v2\/media?parent=158"}],"curies":[{"name":"wp","href":"https:\/\/api.w.org\/{rel}","templated":true}]}}