{"id":25727,"date":"2020-02-10T16:06:46","date_gmt":"2020-02-10T16:06:46","guid":{"rendered":"https:\/\/www.global-learning.ro\/cursuri-online\/?page_id=25727"},"modified":"2024-01-31T19:59:46","modified_gmt":"2024-01-31T17:59:46","slug":"termeni-si-conditii","status":"publish","type":"page","link":"https:\/\/global-learning.ro\/cursuri-online\/termeni-si-conditii\/","title":{"rendered":"Termeni si conditii de utilizare"},"content":{"rendered":"\n<p>  Datorita actualizarilor tehnologice si schimbarilor legislative, acest document trebuie sa fie revizuit, din cand in cand, de catre noi. Prin urmare, solicitam utilizatorilor sa ia cunostinta de acest document \u2013 Termeni si Conditii de Utilizare &#8211; inainte de fiecare vizita, pentru a fi la curent cu toate schimbarile si amendamentele aparute. <\/p>\n\n\n\n<h4 class=\"wp-block-heading\"> Introducere <\/h4>\n\n\n\n<p>  Acest site este proprietatea GLOBAL LEARNING SRL, denumita mai departe <a href=\"https:\/\/global-learning.ro\/\">global-learning.ro<\/a>. Informatia disponibila pe acest site se vrea a fi cat se poate de corecta. Cu toate acestea, nu putem garanta pentru corectitudinea informatiei. Astfel ca nu ne asumam nicio responsabilitate pentru vreo greseala din continutul acestui site. Declaratiile facute pe acest site au fost facute in concordanta cu cunostintele si convingerile noastre. Cu toate acestea, rezultatele finale pot diferi in mare masura de declaratiile initiale, deoarece depind de un grup de factori de natura competitionala si macroeconomica care sunt in unele cazuri foarte dificil de actualizat constant pe acest site. Accesand acest site, acceptati fara nicio restrictie sau rezerva urmatorii Termeni Generali de Utilizare a Site-ului pe care ii puteti vizualiza sau tipari. <\/p>\n\n\n\n<h2 class=\"wp-block-heading\"> <strong>Termeni generali de folosire a site-ului<\/strong> <\/h2>\n\n\n\n<h3 class=\"wp-block-heading\"> <strong>Legea drepturilor de autor<\/strong> <\/h3>\n\n\n\n<p> Paginile site-ului nostru sunt protejate de legea drepturilor de autor. In particular, orice reproducere, adaptare, traducere, stocare sau procesare in alte media, incluzand stocarea si procesarea prin mijloace electronice se bucura de copyright. Orice utilizare partiala sau integrala va necesita acordul prealabil in scris din partea <a href=\"https:\/\/global-learning.ro\/\">global-learning.ro<\/a>. Atat continutul cat si structura site-ului sunt protejate de legea drepturilor de autor. Orice reproducere a informatiilor sau datelor, in particular folosirea textelor sau imaginilor de produse (cu exceptia materialelor de presa) necesita acordul nostru prealabil in scris. Drepturile de folosinta ale imaginilor se pastreaza atunci cand imaginile sunt adaugate automatic sau manual intr-o arhiva. <\/p>\n\n\n\n<h3 class=\"wp-block-heading\"> <strong>Marci inregistrate<\/strong> <\/h3>\n\n\n\n<p>   Logo-ul si tot continutul grafic aflat pe aceste pagini sunt marci inregistrate ale partenerilor aditionali, co-partenerilor, membrilor si reprezentantilor legali. Orice abuz sau utilizare neautorizata ale acestor marci sunt interzise si constituie incalcari ale legii marcilor, legii dreptului de autor si a altor legi ale proprietatii intelectuale si ale concurentiei neloiale. <\/p>\n\n\n\n<h3 class=\"wp-block-heading\"> <strong>Renuntarea la drepturi ale partilor terte ale websitului<\/strong> <\/h3>\n\n\n\n<p>   Paginile acestui website contin linkuri (&#8220;hyperlinkuri&#8221;) catre alte websituri care sunt administrate de parti terte si ale caror continuturi nu sunt cunoscute companiei noastre. <a href=\"https:\/\/global-learning.ro\/\">global-learning.ro<\/a> permite doar accesul catre aceste situri, dar nu isi asuma nicio responsabilitate pentru continutul acestora. Linkurile noastre catre websiturile partilor terte sunt menite sa va faciliteze navigarea. Formularile de pe siturile redirectionate nu ne apartin. Nu ne identificam cu niciun fel de continut de pe paginile de website ale partilor terte. In particular, nu ne asumam nicio raspundere pentru incalcarile prevederilor legale sau pentru incalcarile drepturilor partilor terte. Administratorii websiturilor la care se ajunge prin redirectionarea de pe acest website sunt exclusiv responsabili de continutul acestor pagini, de asemenea de produsele puse in vanzare sau de comenzile relationate, de orice tip. <a href=\"https:\/\/global-learning.ro\/\">global-learning.ro<\/a> nu isi asuma responsabilitatea pentru nicio incalcare a legii dreptului de autor, a legii marcilor sau a drepturilor proprietatii intelectuale sau personale care se pot produce pe o pagina accesata printr-un hyperlink.. In cazul unei comenzi sau unei declaratii legale de orice fel, se incheie un contract intre utilizator si administratorul websitului respectiv sau intre utilizator si alta parte legala sau persoana instruita in aceasta privinta, fara nicio relationare intre Autor si utilizator. Va rugam sa consultati termenii legali si conditiile de utilizare de pe websitul redirectionat. <\/p>\n\n\n\n<h3 class=\"wp-block-heading\"> <strong>General Disclaimer<\/strong> <\/h3>\n\n\n\n<p>    Orice responsabilitate a autorului pentru prejudiciile survenite in urma utilizarii acestui website &#8211; fara a tine seama de cauzele legale, inclusiv ofensele &#8211; este limitata la prejudiciile cauzate cu buna stiinta sau prin neglijenta grava. In aceeasi masura, responsabilitatea obligatorie a autorului fata de incalcarile contractuale, totalitatea reclamatiilor va fi limitata la prejudiciile previzibile. Acest lucru nu va afecta responsabilitatea in privinta legii Responsabilitatilor Produsului sau in alte garantii oferite anterior. De asemenea, limitarile responsabilitatilor mai sus mentionate nu se aplica in cazul vatamarilor corporale, atentarii la viata sau sanatatea unei persoane. <a href=\"https:\/\/global-learning.ro\/\">global-learning.ro<\/a> se angajzeaza sa nu permita intruziunea virusilor pe websit, pe de alta parte, <a href=\"https:\/\/global-learning.ro\/\">global-learning.ro<\/a> nu poate asigura absenta totala a virusilor. Drept urmare, recomandam o atentie deosebita pentru protectia impotriva virusilor (ex: prin scanare) inainte de descarcarea de date si documente de pe website. <a href=\"https:\/\/global-learning.ro\/\">global-learning.ro<\/a> nu raspunde de greselile sau erorile serviciilor oferite pe website, independente de responsabilitatile sale, nici de validitatea acestora. <\/p>\n\n\n\n<h3 class=\"wp-block-heading\"> <strong>Prevederi si declaratii<\/strong> <\/h3>\n\n\n\n<p>  Prevederile si declaratiile de pe acest website au fost incheiate in concordanta cu misiunea si principiile noastre. Cu toate acestea, rezultatele actuale obtinute de Autor pot sa difere considerabil fata de aceste prevederi si declaratii deoarece depind de o serie de factori de natura macroeconomica si competitiva, care sunt, in unele cazuri, independente de controlul <a href=\"https:\/\/global-learning.ro\/\">global-learning.ro<\/a>. Fara a aduce prejudicii obligatiilor legale prin amendarea prevederilor si declaratiilor, <a href=\"https:\/\/global-learning.ro\/\">global-learning.ro<\/a> nu urmareste sa actualizeze toate prevederile si declaratiile continute de acest website. <\/p>\n\n\n\n<h3 class=\"wp-block-heading\"> <strong>Produsele si Serviciile prezentate<\/strong> <\/h3>\n\n\n\n<p>  Produsele prezente pe acest website sunt exemple de produse sau servicii ale companiei. Imaginile folosite au scop de prezentare. <\/p>\n\n\n\n<h3 class=\"wp-block-heading\"> <strong>Politica de confidentialitate<\/strong> <\/h3>\n\n\n\n<p>  Acest site foloseste cookies. Prin navigarea pe acest site, va exprimati acordul asupra folosirii <a href=\"https:\/\/global-learning.ro\/cursuri-online\/politica-cookie\/\">cookie-urilor<\/a>. Detalii <a href=\"https:\/\/global-learning.ro\/cursuri-online\/politica-de-confidentialitate\/\" data-type=\"link\" data-id=\"https:\/\/global-learning.ro\/cursuri-online\/politica-de-confidentialitate\/\"><strong>politica de confidentialitate<\/strong><\/a>. Pentru orice informatii suplimentare folositi adresa de mail: <a href=\"mailto:info@global-learning.ro\">info@global-learning.ro<\/a> <\/p>\n\n\n\n<p><strong>Website: <\/strong><a href=\"https:\/\/global-learning.ro\/\">global-learning.ro<\/a><\/p>\n\n\n\n<p><strong>E-mail:<\/strong><a href=\"mailto:info@global-learning.ro\">&nbsp;info@global-learning.ro<\/a><\/p>\n\n\n\n<p><strong>Telefon:<\/strong> <a href=\"tel:+40723642817\">+40 723 642 817<\/a><\/p>\n\n\n\n<p><strong>Adresa:&nbsp;<\/strong>Str. Ion G. Raco\u021beanu 7, Sector 3, Bucuresti, Romania, 030891<\/p>\n\n\n\n<h3 class=\"wp-block-heading\"><a href=\"#livrare\" id=\"livrare\"><strong>Politica de livrare<\/strong><\/a><\/h3>\n\n\n\n<p>Prin achizitionarea unui curs prin platforma noastra de e-learning, beneficiati de accesul nelimitat la materialele documentate in format video, text, lectii, teste online, disponibile in contul dvs. de cursant, pe platforma.<\/p>\n\n\n\n<ul class=\"wp-block-list\">\n<li><strong><em>La plata prin card<\/em><\/strong> \u2013 cursurile apar instant in contul dumneavoastra de cursant pe platforma;<\/li>\n\n\n\n<li><strong><em>La plata prin transfer bancar<\/em><\/strong> \u2013 cursurile apar in cont in 24 h de la confirmarea inregistrarii platii.<\/li>\n<\/ul>\n\n\n\n<p>Prin drepturile de autor detinute, este strict interzisa duplicarea materialelor, distribuirea sau revanzarea acestora in orice fel.<\/p>\n\n\n\n<h3 class=\"wp-block-heading\"><a href=\"#retur\" id=\"retur\"><strong>Politica de retur<\/strong><\/a><\/h3>\n\n\n\n<h4 class=\"wp-block-heading\"><a id=\"retur\" href=\"#retur\"><strong>Dreptul de denun\u021bare unilateral\u0103<\/strong><\/a><\/h4>\n\n\n\n<p>OUG 34\/2014 Art. 9. &#8211; (1): condi\u021biile \u0219i modalit\u0103\u021bile de exercitare a dreptului de denun\u021bare unilateral\u0103, pentru cazurile prev\u0103zute \u00een prezenta ordonan\u021b\u0103, sub forma clauzei urm\u0103toare: &#8220;Consumatorul are dreptul s\u0103 notifice \u00een scris comerciantului c\u0103 renun\u021b\u0103 la cump\u0103rare, far\u0103 penalit\u0103\u021bi \u0219i far\u0103 invocarea unui motiv, \u00een termen de 14 zile lucr\u0103toare de la primirea produsului s\u0103u, \u00een cazul prest\u0103rilor de servicii, de la \u00eencheierea contractului&#8221;.<\/p>\n\n\n\n<p>OUG 34\/2014 Art. 14. &#8211; (1): &#8220;Consumatorul returneaz\u0103 produsele far\u0103 \u00eent\u00e2rziere nejustificata \u0219i \u00een decurs de cel mult 14 zile de la data la care acesta a comunicat comerciantului decizia sa de retragere din contract \u00een conformitate cu art. 11. Termenul este respectat dac\u0103 produsele sunt trimise \u00eenapoi de consumator \u00eenainte de expirarea perioadei de 14 zile.&#8221;<\/p>\n\n\n\n<p>OUG 34\/2014 Art. 14. &#8211; (3): Clientul este direct responsabil de diminuarea valorii produselor, ce rezult\u0103 din manipularea sau utilizarea acestora pe toat\u0103 perioada \u00een care s-au aflat \u00een posesia sa, altele dec\u00e2t cele necesare pentru determinarea naturii, calit\u0103\u021bilor \u0219i func\u021bionarii produselor.<\/p>\n\n\n\n<p>OUG 34\/2014 Art. 16. \u2013 (m): \u201cSunt exceptate de la dreptul de retragere prev\u0103zut la art. 9-15 \u00een ceea ce prive\u015fte contractele la<br>distan\u0163\u0103 \u015fi contractele \u00een afara spa\u0163iilor comerciale urm\u0103toarele:\u201d<\/p>\n\n\n\n<ul class=\"wp-block-list\">\n<li>(m.): &#8220;furnizarea de con\u0163inut digital care nu este livrat pe un suport material, dac\u0103 prestarea a \u00eenceput cu acordul prealabil expres al consumatorului \u015fi dup\u0103 ce acesta a confirmat c\u0103 a luat cuno\u015ftin\u0163\u0103 de faptul c\u0103 \u00ee\u015fi va pierde dreptul la retragere.&#8221;<\/li>\n<\/ul>\n\n\n\n<p>Mai multe detalii despre OUG 34\/2014 reg\u0103si\u021bi <a href=\"https:\/\/www.anpc.ro\/galerie\/file\/alege\/Ordonanta_de_urgenta_nr._34.pdf\" target=\"_blank\" rel=\"nofollow noopener\"><span style=\"text-decoration: underline;\">aici<\/span><\/a>.<\/p>\n\n\n\n<p>Beneficiarul are dreptul de a solicita restituirea contravalorii cursurilor comandate si achitate, iar Furnizorul se obliga sa restituie integral sumele incasate, numai in situatia in care nu a inceput parcurgerea cursurilor (lectiilor) contractate, prin activarea datelor de acces pe platforma e-learning. Deasemenea, in cazul emiterii unor documente digitale care atesta calitatea de cursant sau inceperea cursului, sau a oricaror tipuri de documente ce decurg din calitatea de cursant, nu se va restitui taxa de curs.<\/p>\n\n\n\n<ul class=\"wp-block-list\">\n<li>Pentru comenzile platite prin&nbsp;<em>Transfer bancar<\/em>&nbsp;avem nevoie sa ne transmiteti un cont IBAN in care se va efectua transferul;<\/li>\n\n\n\n<li>Pentru comenzile <em>Platite cu cardul<\/em> suma va fi returnata pe acelasi card utilizat la tranzactionare; <\/li>\n<\/ul>\n\n\n\n<p>Solicitarile de returnare se fac in decurs de 14 zile, daca se indeplinesc conditiile de mai sus, mentionate la <em>Politica de retur<\/em>. <br>Restituirile se fac in decurs de 14 zile de la acceptarea returului.<\/p>\n\n\n\n<p>Daca doriti sa returnati o comanda, va rugam sa completati <a style=\"text-decoration: underline;\" href=\"https:\/\/global-learning.ro\/cursuri-online\/returnare-produse\/\">Formularul de retur<\/a> accesibil <a style=\"text-decoration: underline;\" href=\"https:\/\/global-learning.ro\/cursuri-online\/returnare-produse\/\">aici<\/a>.<\/p>\n\n\n","protected":false},"excerpt":{"rendered":"<p>Datorita actualizarilor tehnologice si schimbarilor legislative, acest document trebuie sa fie revizuit, din cand in cand, de catre noi. Prin urmare, solicitam utilizatorilor sa ia cunostinta de acest document \u2013 Termeni si Conditii de Utilizare &#8211; inainte de fiecare vizita, pentru a fi la curent cu toate schimbarile si amendamentele aparute. Introducere Acest site este [&hellip;]<\/p>\n","protected":false},"author":2,"featured_media":0,"parent":0,"menu_order":0,"comment_status":"closed","ping_status":"open","template":"","meta":{"_uag_custom_page_level_css":"","site-sidebar-layout":"default","site-content-layout":"default","ast-site-content-layout":"default","site-content-style":"default","site-sidebar-style":"default","ast-global-header-display":"","ast-banner-title-visibility":"","ast-main-header-display":"","ast-hfb-above-header-display":"","ast-hfb-below-header-display":"","ast-hfb-mobile-header-display":"","site-post-title":"","ast-breadcrumbs-content":"","ast-featured-img":"","footer-sml-layout":"","ast-disable-related-posts":"","theme-transparent-header-meta":"default","adv-header-id-meta":"","stick-header-meta":"","header-above-stick-meta":"","header-main-stick-meta":"","header-below-stick-meta":"","astra-migrate-meta-layouts":"set","ast-page-background-enabled":"default","ast-page-background-meta":{"desktop":{"background-color":"","background-image":"","background-repeat":"repeat","background-position":"center center","background-size":"auto","background-attachment":"scroll","background-type":"","background-media":"","overlay-type":"","overlay-color":"","overlay-opacity":"","overlay-gradient":""},"tablet":{"background-color":"","background-image":"","background-repeat":"repeat","background-position":"center center","background-size":"auto","background-attachment":"scroll","background-type":"","background-media":"","overlay-type":"","overlay-color":"","overlay-opacity":"","overlay-gradient":""},"mobile":{"background-color":"","background-image":"","background-repeat":"repeat","background-position":"center center","background-size":"auto","background-attachment":"scroll","background-type":"","background-media":"","overlay-type":"","overlay-color":"","overlay-opacity":"","overlay-gradient":""}},"ast-content-background-meta":{"desktop":{"background-color":"var(--ast-global-color-5)","background-image":"","background-repeat":"repeat","background-position":"center center","background-size":"auto","background-attachment":"scroll","background-type":"","background-media":"","overlay-type":"","overlay-color":"","overlay-opacity":"","overlay-gradient":""},"tablet":{"background-color":"var(--ast-global-color-5)","background-image":"","background-repeat":"repeat","background-position":"center center","background-size":"auto","background-attachment":"scroll","background-type":"","background-media":"","overlay-type":"","overlay-color":"","overlay-opacity":"","overlay-gradient":""},"mobile":{"background-color":"var(--ast-global-color-5)","background-image":"","background-repeat":"repeat","background-position":"center center","background-size":"auto","background-attachment":"scroll","background-type":"","background-media":"","overlay-type":"","overlay-color":"","overlay-opacity":"","overlay-gradient":""}},"footnotes":""},"class_list":["post-25727","page","type-page","status-publish","hentry"],"uagb_featured_image_src":{"full":false,"thumbnail":false,"medium":false,"medium_large":false,"large":false,"1536x1536":false,"2048x2048":false,"mailpoet_newsletter_max":false,"woocommerce_thumbnail":false,"woocommerce_single":false,"woocommerce_gallery_thumbnail":false},"uagb_author_info":{"display_name":"SEO Undesigned","author_link":"https:\/\/global-learning.ro\/cursuri-online\/author\/undesigned\/"},"uagb_comment_info":0,"uagb_excerpt":"Datorita actualizarilor tehnologice si schimbarilor legislative, acest document trebuie sa fie revizuit, din cand in cand, de catre noi. Prin urmare, solicitam utilizatorilor sa ia cunostinta de acest document \u2013 Termeni si Conditii de Utilizare &#8211; inainte de fiecare vizita, pentru a fi la curent cu toate schimbarile si amendamentele aparute. Introducere Acest site este&hellip;","_links":{"self":[{"href":"https:\/\/global-learning.ro\/cursuri-online\/wp-json\/wp\/v2\/pages\/25727","targetHints":{"allow":["GET"]}}],"collection":[{"href":"https:\/\/global-learning.ro\/cursuri-online\/wp-json\/wp\/v2\/pages"}],"about":[{"href":"https:\/\/global-learning.ro\/cursuri-online\/wp-json\/wp\/v2\/types\/page"}],"author":[{"embeddable":true,"href":"https:\/\/global-learning.ro\/cursuri-online\/wp-json\/wp\/v2\/users\/2"}],"replies":[{"embeddable":true,"href":"https:\/\/global-learning.ro\/cursuri-online\/wp-json\/wp\/v2\/comments?post=25727"}],"version-history":[{"count":4,"href":"https:\/\/global-learning.ro\/cursuri-online\/wp-json\/wp\/v2\/pages\/25727\/revisions"}],"predecessor-version":[{"id":55302,"href":"https:\/\/global-learning.ro\/cursuri-online\/wp-json\/wp\/v2\/pages\/25727\/revisions\/55302"}],"wp:attachment":[{"href":"https:\/\/global-learning.ro\/cursuri-online\/wp-json\/wp\/v2\/media?parent=25727"}],"curies":[{"name":"wp","href":"https:\/\/api.w.org\/{rel}","templated":true}]}}