{"id":31191,"date":"2020-05-22T16:35:28","date_gmt":"2020-05-22T14:35:28","guid":{"rendered":"https:\/\/www.global-learning.ro\/cursuri-online\/?page_id=31191"},"modified":"2021-06-10T15:42:06","modified_gmt":"2021-06-10T13:42:06","slug":"cum-comand","status":"publish","type":"page","link":"https:\/\/global-learning.ro\/cursuri-online\/cum-comand\/","title":{"rendered":"Cum comand"},"content":{"rendered":"\n<p>Pentru a achizi\u021biona unul dintre cursurile noastre trebuie s\u0103 ai cont de cursant pe platform\u0103 \u0219i s\u0103 parcurgi pa\u0219ii urm\u0103tori:<\/p>\n\n\n\n<ol class=\"wp-block-list\"><li>Acceseaz\u0103 sec\u021biunea <a href=\"https:\/\/global-learning.ro\/cursuri-online\/cursuri\/\"><strong>Cursuri Online <\/strong><\/a><\/li><li>Creaz\u0103 un cont de cursant:<ul><li>Click pe \u201dContul meu\u201d, apoi pe pe \u201dLogin\u201d \u2013 \u201d\u00cenregistrare\u201d<\/li><li>Completeaz\u0103 numele de utilizator pe care \u00eel dore\u0219ti \u0219i adresa de mail. <br>Vei primi un email de confirmare pentru a activa contul \u0219i a seta o parol\u0103.      <\/li><\/ul><\/li><li>Te autentifici cu datele create \u00een <a href=\"https:\/\/global-learning.ro\/cursuri-online\/contul-meu\/\"><strong>cont<\/strong><\/a><ul><li>Click pe <a href=\"https:\/\/global-learning.ro\/cursuri-online\/cursuri\/\"><strong>Cursuri Online <\/strong><\/a><\/li><li>Alegi cursul dorit \u0219i dai click pe \u201dCump\u0103r\u0103 Cursul\u201d      <\/li><\/ul><\/li><li>Adaugi produsul \u00een co\u0219.<ul><li>Dac\u0103 dore\u0219ti mai multe produse, le adaugi \u00een co\u0219 urm\u00e2nd aceia\u0219i pa\u0219i;<\/li><li>Click pe \u201d<strong>Vezi co\u0219<\/strong>\u201d pentru a vedea produsele dorite;<\/li><li>Pentru a finaliza comanda click pe \u201d<strong>Continu\u0103 cu finalizarea comenzii<\/strong>\u201d;<\/li><li>Dac\u0103 alegi plata online cu cardul prin MobilPay vei avea acces la produsul cump\u0103rat \u00eentr-un timp scurt, dac\u0103 alegi plata prin transfer bancar direct vei avea acces la produs doar atunci c\u00e2nd banii intr\u0103 \u00een contul nostru. (vezi sectiunea <a href=\"https:\/\/global-learning.ro\/cursuri-online\/cum-platesc\/\"><strong>Cum platesc<\/strong><\/a>)<\/li><li>Completeaz\u0103 datele de facturare, alege una dintre metodele de plat\u0103 apoi <strong>Finalizeaz\u0103 Comanda<\/strong>.   <\/li><\/ul><\/li><li>Pentru c\u0103r\u021bile digitale click pe sec\u021biunea <a href=\"https:\/\/global-learning.ro\/cursuri-online\/carti-digitale\/\"><strong>Carti digitale<\/strong><\/a> \u2013 alege produsul , vei fi redirec\u021bionat c\u0103tre site-ul Letras, de unde po\u021bi ad\u0103uga produsul \u00een co\u0219 \u0219i finaliza comanda.<\/li><\/ol>\n\n\n\n<p><\/p>\n\n\n\n<p><\/p>\n","protected":false},"excerpt":{"rendered":"<p>Pentru a achizi\u021biona unul dintre cursurile noastre trebuie s\u0103 ai cont de cursant pe platform\u0103 \u0219i s\u0103 parcurgi pa\u0219ii urm\u0103tori: Acceseaz\u0103 sec\u021biunea Cursuri Online Creaz\u0103 un cont de cursant: Click pe \u201dContul meu\u201d, apoi pe pe \u201dLogin\u201d \u2013 \u201d\u00cenregistrare\u201d Completeaz\u0103 numele de utilizator pe care \u00eel dore\u0219ti \u0219i adresa de mail. Vei primi un email [&hellip;]<\/p>\n","protected":false},"author":2,"featured_media":57567,"parent":0,"menu_order":0,"comment_status":"closed","ping_status":"open","template":"","meta":{"_uag_custom_page_level_css":"","site-sidebar-layout":"default","site-content-layout":"default","ast-site-content-layout":"default","site-content-style":"default","site-sidebar-style":"default","ast-global-header-display":"","ast-banner-title-visibility":"","ast-main-header-display":"","ast-hfb-above-header-display":"","ast-hfb-below-header-display":"","ast-hfb-mobile-header-display":"","site-post-title":"","ast-breadcrumbs-content":"","ast-featured-img":"","footer-sml-layout":"","ast-disable-related-posts":"","theme-transparent-header-meta":"default","adv-header-id-meta":"","stick-header-meta":"","header-above-stick-meta":"","header-main-stick-meta":"","header-below-stick-meta":"","astra-migrate-meta-layouts":"default","ast-page-background-enabled":"default","ast-page-background-meta":{"desktop":{"background-color":"","background-image":"","background-repeat":"repeat","background-position":"center center","background-size":"auto","background-attachment":"scroll","background-type":"","background-media":"","overlay-type":"","overlay-color":"","overlay-opacity":"","overlay-gradient":""},"tablet":{"background-color":"","background-image":"","background-repeat":"repeat","background-position":"center center","background-size":"auto","background-attachment":"scroll","background-type":"","background-media":"","overlay-type":"","overlay-color":"","overlay-opacity":"","overlay-gradient":""},"mobile":{"background-color":"","background-image":"","background-repeat":"repeat","background-position":"center center","background-size":"auto","background-attachment":"scroll","background-type":"","background-media":"","overlay-type":"","overlay-color":"","overlay-opacity":"","overlay-gradient":""}},"ast-content-background-meta":{"desktop":{"background-color":"var(--ast-global-color-5)","background-image":"","background-repeat":"repeat","background-position":"center center","background-size":"auto","background-attachment":"scroll","background-type":"","background-media":"","overlay-type":"","overlay-color":"","overlay-opacity":"","overlay-gradient":""},"tablet":{"background-color":"var(--ast-global-color-5)","background-image":"","background-repeat":"repeat","background-position":"center center","background-size":"auto","background-attachment":"scroll","background-type":"","background-media":"","overlay-type":"","overlay-color":"","overlay-opacity":"","overlay-gradient":""},"mobile":{"background-color":"var(--ast-global-color-5)","background-image":"","background-repeat":"repeat","background-position":"center center","background-size":"auto","background-attachment":"scroll","background-type":"","background-media":"","overlay-type":"","overlay-color":"","overlay-opacity":"","overlay-gradient":""}},"footnotes":""},"class_list":["post-31191","page","type-page","status-publish","has-post-thumbnail","hentry"],"uagb_featured_image_src":{"full":["https:\/\/global-learning.ro\/cursuri-online\/wp-content\/uploads\/2026\/05\/placeholder-gl.avif",1200,800,false],"thumbnail":["https:\/\/global-learning.ro\/cursuri-online\/wp-content\/uploads\/2026\/05\/placeholder-gl-150x150.avif",150,150,true],"medium":["https:\/\/global-learning.ro\/cursuri-online\/wp-content\/uploads\/2026\/05\/placeholder-gl-378x252.avif",378,252,true],"medium_large":["https:\/\/global-learning.ro\/cursuri-online\/wp-content\/uploads\/2026\/05\/placeholder-gl-768x512.avif",768,512,true],"large":["https:\/\/global-learning.ro\/cursuri-online\/wp-content\/uploads\/2026\/05\/placeholder-gl-987x658.avif",987,658,true],"1536x1536":["https:\/\/global-learning.ro\/cursuri-online\/wp-content\/uploads\/2026\/05\/placeholder-gl.avif",1200,800,false],"2048x2048":["https:\/\/global-learning.ro\/cursuri-online\/wp-content\/uploads\/2026\/05\/placeholder-gl.avif",1200,800,false],"mailpoet_newsletter_max":["https:\/\/global-learning.ro\/cursuri-online\/wp-content\/uploads\/2026\/05\/placeholder-gl.avif",1200,800,false],"woocommerce_thumbnail":["https:\/\/global-learning.ro\/cursuri-online\/wp-content\/uploads\/2026\/05\/placeholder-gl-239x159.avif",239,159,true],"woocommerce_single":["https:\/\/global-learning.ro\/cursuri-online\/wp-content\/uploads\/2026\/05\/placeholder-gl-600x400.avif",600,400,true],"woocommerce_gallery_thumbnail":["https:\/\/global-learning.ro\/cursuri-online\/wp-content\/uploads\/2026\/05\/placeholder-gl-100x100.avif",100,100,true]},"uagb_author_info":{"display_name":"SEO Undesigned","author_link":"https:\/\/global-learning.ro\/cursuri-online\/author\/undesigned\/"},"uagb_comment_info":0,"uagb_excerpt":"Pentru a achizi\u021biona unul dintre cursurile noastre trebuie s\u0103 ai cont de cursant pe platform\u0103 \u0219i s\u0103 parcurgi pa\u0219ii urm\u0103tori: Acceseaz\u0103 sec\u021biunea Cursuri Online Creaz\u0103 un cont de cursant: Click pe \u201dContul meu\u201d, apoi pe pe \u201dLogin\u201d \u2013 \u201d\u00cenregistrare\u201d Completeaz\u0103 numele de utilizator pe care \u00eel dore\u0219ti \u0219i adresa de mail. Vei primi un email&hellip;","_links":{"self":[{"href":"https:\/\/global-learning.ro\/cursuri-online\/wp-json\/wp\/v2\/pages\/31191","targetHints":{"allow":["GET"]}}],"collection":[{"href":"https:\/\/global-learning.ro\/cursuri-online\/wp-json\/wp\/v2\/pages"}],"about":[{"href":"https:\/\/global-learning.ro\/cursuri-online\/wp-json\/wp\/v2\/types\/page"}],"author":[{"embeddable":true,"href":"https:\/\/global-learning.ro\/cursuri-online\/wp-json\/wp\/v2\/users\/2"}],"replies":[{"embeddable":true,"href":"https:\/\/global-learning.ro\/cursuri-online\/wp-json\/wp\/v2\/comments?post=31191"}],"version-history":[{"count":0,"href":"https:\/\/global-learning.ro\/cursuri-online\/wp-json\/wp\/v2\/pages\/31191\/revisions"}],"wp:featuredmedia":[{"embeddable":true,"href":"https:\/\/global-learning.ro\/cursuri-online\/wp-json\/wp\/v2\/media\/57567"}],"wp:attachment":[{"href":"https:\/\/global-learning.ro\/cursuri-online\/wp-json\/wp\/v2\/media?parent=31191"}],"curies":[{"name":"wp","href":"https:\/\/api.w.org\/{rel}","templated":true}]}}