{"id":36923,"date":"2021-08-23T17:30:37","date_gmt":"2021-08-23T15:30:37","guid":{"rendered":"https:\/\/www.global-learning.ro\/cursuri-online\/?page_id=36923"},"modified":"2021-09-23T16:47:58","modified_gmt":"2021-09-23T14:47:58","slug":"pre-a1-starters-english-course","status":"publish","type":"page","link":"https:\/\/global-learning.ro\/cursuri-online\/pre-a1-starters-english-course\/","title":{"rendered":"Pre A1 Starters English Course"},"content":{"rendered":"\n<section class=\"wp-block-uagb-section uagb-section__wrap uagb-section__background-image uagb-block-d4213eee cst-slider cst-margin-top\"><div class=\"uagb-section__overlay\"><\/div><div class=\"uagb-section__inner-wrap\">\n<div class=\"wp-block-columns is-layout-flex wp-container-core-columns-is-layout-28f84493 wp-block-columns-is-layout-flex\">\n<div class=\"wp-block-column is-layout-flow wp-block-column-is-layout-flow\" style=\"flex-basis:100%\"><\/div>\n<\/div>\n\n\n\n<section class=\"wp-block-uagb-columns uagb-columns__wrap uagb-columns__background-undefined uagb-columns__stack-mobile uagb-columns__valign-undefined uagb-columns__gap-10 alignundefined uagb-block-5f4b8095\"><div class=\"uagb-columns__overlay\"><\/div><div class=\"uagb-columns__inner-wrap uagb-columns__columns-1\">\n<div class=\"wp-block-uagb-column uagb-column__wrap uagb-column__background-undefined uagb-block-a249ffbe\"><div class=\"uagb-column__overlay\"><\/div><div class=\"uagb-column__inner-wrap\">\n<figure class=\"wp-block-image size-full aligncenter\"><img decoding=\"async\" src=\"https:\/\/global-learning.ro\/cursuri-online\/wp-content\/uploads\/2020\/02\/logo.png\" alt=\"Global Learning\" class=\"wp-image-25569\" title=\"\"><\/figure>\n<\/div><\/div>\n<\/div><\/section>\n\n\n\n<section class=\"wp-block-uagb-columns uagb-columns__wrap uagb-columns__background-undefined uagb-columns__stack-mobile uagb-columns__valign-undefined uagb-columns__gap-10 alignundefined uagb-block-67e9b192\"><div class=\"uagb-columns__overlay\"><\/div><div class=\"uagb-columns__inner-wrap uagb-columns__columns-1\">\n<div class=\"wp-block-uagb-column uagb-column__wrap uagb-column__background-undefined uagb-block-960356a1\"><div class=\"uagb-column__overlay\"><\/div><div class=\"uagb-column__inner-wrap\">\n<div class=\"landing-txt-first-col\">\n<h2><span style=\"font-size: 36px;\"><strong>Continua cu noi!<\/strong><\/span><\/h2>\n<\/div>\n<\/div><\/div>\n<\/div><\/section>\n\n\n\n<section class=\"wp-block-uagb-columns uagb-columns__wrap uagb-columns__background-undefined uagb-columns__stack-mobile uagb-columns__valign-undefined uagb-columns__gap-10 alignundefined uagb-block-6d4b089c no-padding-top ebook-first-section\"><div class=\"uagb-columns__overlay\"><\/div><div class=\"uagb-columns__inner-wrap uagb-columns__columns-2\">\n<div class=\"wp-block-uagb-column uagb-column__wrap uagb-column__background-undefined uagb-block-7faf5b5d\"><div class=\"uagb-column__overlay\"><\/div><div class=\"uagb-column__inner-wrap\">\n<div class=\"landing-txt-first-col\">\n<p>Felicit\u0103ri pentru STARTUL \u00een limba englez\u0103!<\/p>\n<p>Pentru c\u0103 ai parcurs \u00eempreun\u0103 cu noi primele 6 lec\u021bii ale cursului <em>Pre A1 Starters English Course<\/em>, ai ACUM, pentru cursul \u00eentreg, adic\u0103 \u00eenc\u0103 <em>23 de <strong><span style=\"font-size: 30px;\">CAPITOLE<\/span><\/strong><\/em>, o <strong>SUPER REDUCERE de 60%<\/strong>.<\/p>\n<\/div>\n<\/div><\/div>\n\n\n\n<div class=\"wp-block-uagb-column uagb-column__wrap uagb-column__background-undefined uagb-block-9920ea84 cst-ebook-subscribe-offer\"><div class=\"uagb-column__overlay\"><\/div><div class=\"uagb-column__inner-wrap\">\n<div><a id=\"ebook\" href=\"#ebook\"><\/a><\/div>\n\n\n\n<div class=\"countdown-custom\"><span class=\"countdown-txt\">Grabeste-te!<\/span>[hurrytimer id=&#8221;36916&#8243;]<\/div>\n\n\n\n<div class=\"ld-course-status-content\" style=\"height: 68.25px;\">\n\t\t\t\t<div class=\"ld-course-status-action\">\n\t\t\t\t\t<a class=\"btn-join\" href=\"https:\/\/global-learning.ro\/cursuri-online\/produs\/pre-a1-starters-english-course\" id=\"btn-join\">Cumpara cursul cu -60% reducere<\/a><\/div>\n\t\t\t<\/div>\n\n\n\n<div class=\"countdown-custom-second-txt\"><span class=\"countdown-txt\">Foloseste codul <strong>REDUCERE60<\/strong> la finalizarea comenzii si cumperi cursul la 39 lei in loc de 99 lei<\/span><\/div>\n<\/div><\/div>\n<\/div><\/section>\n\n\n\n<div class=\"custom-lp-list\">\n<p>Cursul Pre A1 Starter English cuprinde:<\/p><\/div>\n\n\n\n<div class=\"wp-block-columns is-layout-flex wp-container-core-columns-is-layout-28f84493 wp-block-columns-is-layout-flex\">\n<div class=\"wp-block-column is-layout-flow wp-block-column-is-layout-flow\">\n<div class=\"custom-lp-list\">\n<span class=\"cold-md-4\">\n<ul class=\"cst-landing-ul\">\n<li>How to introduce yourself;<\/li>\n<li>The Alphabet;<\/li>\n<li>Personal Pronouns;<\/li>\n<li>There is, there are;<\/li>\n<li>The verb TO BE;<\/li>\n<li>The verb TO HAVE;<\/li>\n<li>Numbers;<\/li>\n<li>The colours;<\/li>\n<li>The articles \u2018a\u2019 and \u2019an\u2019;<\/li>\n<li>This, that, these, those;<\/li>\n<\/ul>\n<\/span>\n    <\/div>\n<\/div>\n\n\n\n<div class=\"wp-block-column is-layout-flow wp-block-column-is-layout-flow\">\n<div class=\"custom-lp-list\">\n<span class=\"cold-md-4\">\n<ul class=\"cst-landing-ul\">\n<li>Possessive adjectives;<\/li>\n<li>Possessive pronouns;<\/li>\n<li>Possessive\u2019s, whose;<\/li>\n<li>Prepositions of place;<\/li>\n<li>Some, any;<\/li>\n<li>Imperatives;<\/li>\n<li>The verb to do;<\/li>\n<li>The verb to make;<\/li>\n<li>The verb get;<\/li>\n<li>The verb have got;<\/li>\n<\/ul>\n<\/span>\n    <\/div>\n<\/div>\n\n\n\n<div class=\"wp-block-column is-layout-flow wp-block-column-is-layout-flow\">\n<div class=\"custom-lp-list\">\n<span class=\"cold-md-4\">\n<ul class=\"cst-landing-ul\">\n<li>The verb can;<\/li>\n<li>Present simple tense;<\/li> \n<li>Present continuous (present progressive);<\/li>\n<li>Clothes;<\/li> \n<li>Food;<\/li>\n<li>At the store;<\/li>\n<li>Transportation;<\/li>\n<li>To the doctor ;<\/li>\n<li>At the airport.<\/li>\n<\/ul>\n<\/span>\n    <\/div>\n<\/div>\n<\/div>\n<\/div><\/section>\n\n\n\n<section class=\"wp-block-uagb-columns uagb-columns__wrap uagb-columns__background-color uagb-columns__stack-mobile uagb-columns__valign-undefined uagb-columns__gap-10 alignundefined uagb-block-e385b4f5 side-padding\"><div class=\"uagb-columns__overlay\"><\/div><div class=\"uagb-columns__inner-wrap uagb-columns__columns-1\">\n<div class=\"wp-block-uagb-column uagb-column__wrap uagb-column__background-color uagb-block-46368f81 ebook-second-section ebook-info-col\"><div class=\"uagb-column__overlay\"><\/div><div class=\"uagb-column__inner-wrap\">\n<h4 class=\"wp-block-heading\"><strong>De ce s\u0103 descarci aceast\u0103 carte:<\/strong><\/h4>\n\n\n\n<section class=\"wp-block-uagb-columns uagb-columns__wrap uagb-columns__background-undefined uagb-columns__stack-mobile uagb-columns__valign-undefined uagb-columns__gap-10 alignundefined uagb-block-4f9f41af no-padding-top\"><div class=\"uagb-columns__overlay\"><\/div><div class=\"uagb-columns__inner-wrap uagb-columns__columns-2\">\n<div class=\"wp-block-uagb-column uagb-column__wrap uagb-column__background-undefined uagb-block-9f610ecf\"><div class=\"uagb-column__overlay\"><\/div><div class=\"uagb-column__inner-wrap\">\n<figure class=\"wp-block-image size-full\"><img decoding=\"async\" src=\"https:\/\/global-learning.ro\/cursuri-online\/wp-content\/uploads\/2021\/07\/Ebook.png\" alt=\"Ebook\" class=\"wp-image-36308\" title=\"\"><\/figure>\n<\/div><\/div>\n\n\n\n<div class=\"wp-block-uagb-column uagb-column__wrap uagb-column__background-undefined uagb-block-06c7f35c\"><div class=\"uagb-column__overlay\"><\/div><div class=\"uagb-column__inner-wrap\">\n<p class=\"cst-margin ebook-info\">Speciali\u0219tii no\u0219tri AU PESTE 25 DE ANI de experien\u021b\u0103 \u00een predarea limbii engleze at\u00e2t copiilor c\u00e2t \u0219i adul\u021bilor, \u0219tiu exact cum s\u0103 te ghideze pentru a te ini\u021bia \u00een aceast\u0103 limb\u0103 \u0219i pentru a te putea descurca \u00eentr-o \u021bar\u0103 vorbitoare de limb\u0103 englez\u0103. Acum po\u021bi c\u0103l\u0103tori f\u0103r\u0103 grija c\u0103 nu po\u021bi transmite mesaj, TE PO\u021aI EXPRIMA, te po\u021bi face \u00een\u021beles.<code><\/code><\/p>\n\n\n\n<div class=\"wp-block-uagb-icon-list uagb-icon-list__outer-wrap uagb-icon-list__layout-vertical uagb-block-8fad0ded\"><div class=\"uagb-icon-list__wrap\"><\/div><\/div>\n\n\n\n<ul class=\"wp-block-list\"><li>\u00cen sf\u00e2r\u0219it, ai no\u021biunile de baz\u0103 \u00een limba englez\u0103, traduse \u00een detaliu \u00een rom\u00e2n\u0103, \u0219i po\u021bi descoperi \u0219i singur no\u021biuni viitoare.<\/li><li>Po\u021bi transmite mesajele importante la birou sau atunci c\u00e2nd c\u0103l\u0103tore\u0219ti.<\/li><li>Ai materialul la \u00eendem\u00e2n\u0103 oriunde te-ai afla.<\/li><\/ul>\n\n\n\n<div class=\"ebook-download\"><a href=\"https:\/\/global-learning.ro\/cursuri-online\/produs\/pre-a1-starters-english-course\" class=\"ebook-download-btn\" target=\"_self\" rel=\"noopener noreferrer\">Cumpara cursul cu -60% reducere<\/a><\/div>\n<\/div><\/div>\n<\/div><\/section>\n\n\n<\/div><\/div>\n<\/div><\/section>\n\n\n\n<section class=\"wp-block-uagb-columns uagb-columns__wrap uagb-columns__background-color uagb-columns__stack-tablet uagb-columns__valign-center uagb-columns__gap-10 alignundefined uagb-block-c0953b75 ebook-third-section\"><div class=\"uagb-columns__overlay\"><\/div><div class=\"uagb-columns__inner-wrap uagb-columns__columns-2\">\n<div class=\"wp-block-uagb-column uagb-column__wrap uagb-column__background-undefined uagb-block-2bdf0982\"><div class=\"uagb-column__overlay\"><\/div><div class=\"uagb-column__inner-wrap\">\n<div class=\"wp-block-image\"><figure class=\"aligncenter is-resized\"><img decoding=\"async\" src=\"https:\/\/global-learning.ro\/cursuri-online\/wp-content\/uploads\/2020\/03\/cursuri-online-global-learning.png\" loading=\"lazy\" alt=\"Global Learning \u2013 Platforma de Cursuri Online \" class=\"wp-image-24726\" width=\"525\" height=\"525\" title=\"\"><figcaption><strong> Global Learning &#8211; Platforma de Cursuri Online <\/strong><\/figcaption><\/figure><\/div>\n<\/div><\/div>\n\n\n\n<div class=\"wp-block-uagb-column uagb-column__wrap uagb-column__background-color uagb-block-cd073ce2 cst-advantage-section\"><div class=\"uagb-column__overlay\"><\/div><div class=\"uagb-column__inner-wrap\">\n<div class=\"wp-block-uagb-info-box uagb-infobox__outer-wrap uagb-block-a68e1c58\"><div class=\"uagb-infobox__content-wrap uagb-infobox uagb-infobox-has-icon uagb-infobox-icon-left uagb-infobox-left uagb-infobox-image-valign-top uagb-infobox-enable-border-radius \"><div class=\"uagb-ifb-left-right-wrap\"><div class=\"uagb-ifb-image-icon-content uagb-ifb-imgicon-wrap\"><div class=\"uagb-ifb-icon-wrap\"><span class=\"uagb-ifb-icon\"><svg xmlns=\"http:\/\/www.w3.org\/2000\/svg\" viewbox=\"0 0 512 512\"><path d=\"M256 8c137 0 248 111 248 248S393 504 256 504 8 393 8 256 119 8 256 8zM140 300h116v70.9c0 10.7 13 16.1 20.5 8.5l114.3-114.9c4.7-4.7 4.7-12.2 0-16.9l-114.3-115c-7.6-7.6-20.5-2.2-20.5 8.5V212H140c-6.6 0-12 5.4-12 12v64c0 6.6 5.4 12 12 12z\"><\/path><\/svg><\/span><\/div><\/div><div class=\"uagb-ifb-content\"><div class=\"uagb-ifb-title-wrap\"><h4 class=\"uagb-ifb-title\">Accesibilitate<\/h4><\/div><div class=\"uagb-ifb-text-wrap\"><p class=\"uagb-ifb-desc\">Po\u0163i accesa cursurile online oric\u00e2nd \u015fi din orice loc, prin intermediul Internetului.<\/p><\/div><\/div><\/div><\/div><\/div>\n\n\n\n<div style=\"height:20px\" aria-hidden=\"true\" class=\"wp-block-spacer\"><\/div>\n\n\n\n<div class=\"wp-block-uagb-info-box uagb-infobox__outer-wrap uagb-block-efe74db3\"><div class=\"uagb-infobox__content-wrap uagb-infobox uagb-infobox-has-icon uagb-infobox-icon-left uagb-infobox-left uagb-infobox-image-valign-top uagb-infobox-enable-border-radius \"><div class=\"uagb-ifb-left-right-wrap\"><div class=\"uagb-ifb-image-icon-content uagb-ifb-imgicon-wrap\"><div class=\"uagb-ifb-icon-wrap\"><span class=\"uagb-ifb-icon\"><svg xmlns=\"http:\/\/www.w3.org\/2000\/svg\" viewbox=\"0 0 512 512\"><path d=\"M256 8c137 0 248 111 248 248S393 504 256 504 8 393 8 256 119 8 256 8zM140 300h116v70.9c0 10.7 13 16.1 20.5 8.5l114.3-114.9c4.7-4.7 4.7-12.2 0-16.9l-114.3-115c-7.6-7.6-20.5-2.2-20.5 8.5V212H140c-6.6 0-12 5.4-12 12v64c0 6.6 5.4 12 12 12z\"><\/path><\/svg><\/span><\/div><\/div><div class=\"uagb-ifb-content\"><div class=\"uagb-ifb-title-wrap\"><h4 class=\"uagb-ifb-title\">Costuri reduse<\/h4><\/div><div class=\"uagb-ifb-text-wrap\"><p class=\"uagb-ifb-desc\">Cursurile online reduc costurile cu transportul \u015fi materialele de \u00eenv\u0103\u0163are, timpul fiind de asemenea, economisit, \u00eenv\u0103\u0163\u00e2nd de acas\u0103.<\/p><\/div><\/div><\/div><\/div><\/div>\n\n\n\n<div style=\"height:20px\" aria-hidden=\"true\" class=\"wp-block-spacer\"><\/div>\n\n\n\n<div class=\"wp-block-uagb-info-box uagb-infobox__outer-wrap uagb-block-015316e0\"><div class=\"uagb-infobox__content-wrap uagb-infobox uagb-infobox-has-icon uagb-infobox-icon-left uagb-infobox-left uagb-infobox-image-valign-top uagb-infobox-enable-border-radius \"><div class=\"uagb-ifb-left-right-wrap\"><div class=\"uagb-ifb-image-icon-content uagb-ifb-imgicon-wrap\"><div class=\"uagb-ifb-icon-wrap\"><span class=\"uagb-ifb-icon\"><svg xmlns=\"http:\/\/www.w3.org\/2000\/svg\" viewbox=\"0 0 512 512\"><path d=\"M256 8c137 0 248 111 248 248S393 504 256 504 8 393 8 256 119 8 256 8zM140 300h116v70.9c0 10.7 13 16.1 20.5 8.5l114.3-114.9c4.7-4.7 4.7-12.2 0-16.9l-114.3-115c-7.6-7.6-20.5-2.2-20.5 8.5V212H140c-6.6 0-12 5.4-12 12v64c0 6.6 5.4 12 12 12z\"><\/path><\/svg><\/span><\/div><\/div><div class=\"uagb-ifb-content\"><div class=\"uagb-ifb-title-wrap\"><h4 class=\"uagb-ifb-title\">Suport de \u00eenv\u0103\u0163are<\/h4><\/div><div class=\"uagb-ifb-text-wrap\"><p class=\"uagb-ifb-desc\">Materialele video \u00ee\u0163i ofer\u0103 explica\u0163iile de care ai nevoie pentru a \u00eenv\u0103\u0163a lucruri noi sau pentru a le \u00een\u0163elege pe cele vechi care \u00ee\u0163i r\u0103m\u0103seser\u0103 neclare. Exerci\u0163iile te ajut\u0103 s\u0103 exersezi fiecare no\u0163iune. La finalul fiec\u0103rui curs, vei avea materiale desc\u0103rcabile ce pot fi folosite pentru studiul offline.<\/p><\/div><\/div><\/div><\/div><\/div>\n\n\n\n<div class=\"wp-block-uagb-info-box uagb-infobox__outer-wrap uagb-block-a927327f\"><div class=\"uagb-infobox__content-wrap uagb-infobox uagb-infobox-has-icon uagb-infobox-icon-left uagb-infobox-left uagb-infobox-image-valign-top uagb-infobox-enable-border-radius \"><div class=\"uagb-ifb-left-right-wrap\"><div class=\"uagb-ifb-image-icon-content uagb-ifb-imgicon-wrap\"><div class=\"uagb-ifb-icon-wrap\"><span class=\"uagb-ifb-icon\"><svg xmlns=\"http:\/\/www.w3.org\/2000\/svg\" viewbox=\"0 0 512 512\"><path d=\"M256 8c137 0 248 111 248 248S393 504 256 504 8 393 8 256 119 8 256 8zM140 300h116v70.9c0 10.7 13 16.1 20.5 8.5l114.3-114.9c4.7-4.7 4.7-12.2 0-16.9l-114.3-115c-7.6-7.6-20.5-2.2-20.5 8.5V212H140c-6.6 0-12 5.4-12 12v64c0 6.6 5.4 12 12 12z\"><\/path><\/svg><\/span><\/div><\/div><div class=\"uagb-ifb-content\"><div class=\"uagb-ifb-title-wrap\"><h4 class=\"uagb-ifb-title\">Metoda sistemului de testare online<\/h4><\/div><div class=\"uagb-ifb-text-wrap\"><p class=\"uagb-ifb-desc\">Este obiectiv\u0103 \u015fi se face \u00een timp real prin parcurgerea testelor de la fiecare curs. Rezultatele arat\u0103 punctajul ob\u0163inut, r\u0103spunsurile corecte \u015fi incorecte. Astfel, po\u0163i verifica \u00een mod eficient cuno\u015ftin\u0163ele dob\u00e2ndite \u015fi po\u0163i relua aspectele neclare ori de c\u00e2te ori este necesar.<\/p><\/div><\/div><\/div><\/div><\/div>\n<\/div><\/div>\n<\/div><\/section>\n\n\n\n<section class=\"wp-block-uagb-columns uagb-columns__wrap uagb-columns__background-color uagb-columns__stack-mobile uagb-columns__valign-undefined uagb-columns__gap-10 alignundefined uagb-block-691aa31d ebook-last-section\"><div class=\"uagb-columns__overlay\"><\/div><div class=\"uagb-columns__inner-wrap uagb-columns__columns-3\">\n<div class=\"wp-block-uagb-column uagb-column__wrap uagb-column__background-undefined uagb-block-de88940f\"><div class=\"uagb-column__overlay\"><\/div><div class=\"uagb-column__inner-wrap\">\n<p class=\"mobile-hidden\"><\/p>\n<\/div><\/div>\n\n\n\n<div class=\"wp-block-uagb-column uagb-column__wrap uagb-column__background-undefined uagb-block-60659dd0\"><div class=\"uagb-column__overlay\"><\/div><div class=\"uagb-column__inner-wrap\">\n<div class=\"uagb-infobox__outer-wrap uagb-block-4d1833d0-3b75-45bd-9eb9-31b75b77feb5\">\n    <div class=\"uagb-infobox__content-wrap uagb-infobox uagb-infobox-has-icon uagb-infobox-icon-above-title uagb-infobox-image-valign-top uagb-infobox-enable-border-radius \">\n        <div class=\"uagb-ifb-left-right-wrap\">\n            <div class=\"uagb-ifb-content custom-cta\">\n                <div class=\"uagb-ifb-title-wrap\">\n                    <p class=\"uagb-ifb-desc\">\u00cenva\u0163\u0103 exact ce ai nevoie!<\/p>\n                <\/div>\n                <div class=\"uagb-ifb-text-wrap\">\n                    <p class=\"uagb-ifb-desc\">\u00cencepe acum s\u0103 \u00eenve\u0163i, c\u00e2\u015ftig\u00e2nd timp! \u00censcrie-te ast\u0103zi \u015fi studiaz\u0103 \u00een propriul t\u0103u ritm.<\/p>\n                    <div class=\"uagb-ifb-cta uagb-infobox-cta-link-style\">\n                        <div class=\"uagb-ifb-button-wrapper\"><a href=\"https:\/\/global-learning.ro\/cursuri-online\/produs\/pre-a1-starters-english-course\" class=\"uagb-infobox-cta-link uagb-ifb-cta-button\" target=\"_self\" rel=\"noopener noreferrer\"><span class=\"uagb-ifb-cta-content-wrapper\"><span class=\"uagb-inline-editing \">Cumpara acum cursul cu -60% reducere<\/span><\/span><\/a><\/div>\n                    <\/div>\n                <\/div>\n            <\/div>\n        <\/div>\n    <\/div>\n<\/div>\n<\/div><\/div>\n\n\n\n<div class=\"wp-block-uagb-column uagb-column__wrap uagb-column__background-undefined uagb-block-f476567a mobile-hidden\"><div class=\"uagb-column__overlay\"><\/div><div class=\"uagb-column__inner-wrap\"><\/div><\/div>\n<\/div><\/section>\n\n\n\n<section class=\"wp-block-uagb-columns uagb-columns__wrap uagb-columns__background-color uagb-columns__stack-mobile uagb-columns__valign-undefined uagb-columns__gap-10 alignundefined uagb-block-726efa61 ebook-footer-section\"><div class=\"uagb-columns__overlay\"><\/div><div class=\"uagb-columns__inner-wrap uagb-columns__columns-2\">\n<div class=\"wp-block-uagb-column uagb-column__wrap uagb-column__background-undefined uagb-block-6fc7c80f\"><div class=\"uagb-column__overlay\"><\/div><div class=\"uagb-column__inner-wrap\">\n<div class=\"custom\"><p>\u00a9 Toate drepturile rezervate. 2021 <span class=\"copyright-br\"><br><\/span><a title=\"Cursuri germana - engleza\" href=\"https:\/\/global-learning.ro\/\" target=\"_blank\" rel=\"noopener\">global-learning.ro<\/a><\/p><\/div>\n<div class=\"custom-social-footer\">\n\t\t<ul class=\"custom-socials-footer\">\n\t\t\t<li class=\"custom-social-url\"><a rel=\"nofollow noopener\" href=\"https:\/\/www.facebook.com\/cursuri.romana.germana.engleza\/\" target=\"_blank\" aria-label=\"Facebook - Global-Learning.ro\" title=\"Facebook - Global-Learning.ro\"><i class=\"fab fa-facebook-f\"><\/i><\/a><\/li>\n\t\t\t<li class=\"custom-social-url\"><a rel=\"nofollow noopener\" href=\"https:\/\/twitter.com\/globallearningr\" target=\"_blank\" aria-label=\"Twitter - Global-Learning.ro\" title=\"Twitter - Global-Learning.ro\"><i class=\"fab fa-twitter\"><\/i><\/a><\/li>\n\t\t\t<li class=\"custom-social-url\"><a rel=\"nofollow noopener\" href=\"https:\/\/www.youtube.com\/channel\/UCsWzgMsXEMF_XkXPl92QMkg\" target=\"_blank\" aria-label=\"YouTube - Global-Learning.ro\" title=\"YouTube - Global-Learning.ro\"><i class=\"fab fa-youtube\"><\/i><\/a><\/li>\n\t\t\t<li class=\"custom-social-url\"><a rel=\"nofollow noopener\" href=\"https:\/\/www.instagram.com\/global.learning.ro\/\" target=\"_blank\" aria-label=\"Instagram - Global-Learning.ro\" title=\"Instagram - Global-Learning.ro\"><i class=\"fab fa-instagram\"><\/i><\/a><\/li>\n\t\t<\/ul>\n\t<\/div>\n<\/div><\/div>\n\n\n\n<div class=\"wp-block-uagb-column uagb-column__wrap uagb-column__background-undefined uagb-block-1346dfb2\"><div class=\"uagb-column__overlay\"><\/div><div class=\"uagb-column__inner-wrap\">\n<div class=\"custom\"><ul class=\"custom-ul-menu\">\n<li><a title=\"Termeni si Conditii\" href=\"https:\/\/global-learning.ro\/cursuri-online\/termeni-si-conditii\/\">Termeni si Conditii<\/a><\/li>\n<li><a title=\"Politica de Confidentialitate\" href=\"https:\/\/global-learning.ro\/cursuri-online\/politica-de-confidentialitate\/\">Confidentialitate<\/a><\/li>\n<li><a title=\"Politica Cookies\" href=\"https:\/\/global-learning.ro\/cursuri-online\/politica-cookie\/\">Politica de Cookies<\/a><\/li>\n<\/ul><\/div>\n<\/div><\/div>\n<\/div><\/section>\n\n\n\n<div class=\"wp-block-columns is-layout-flex wp-container-core-columns-is-layout-28f84493 wp-block-columns-is-layout-flex\">\n<div class=\"wp-block-column is-layout-flow wp-block-column-is-layout-flow\" style=\"flex-basis:100%\"><\/div>\n<\/div>\n","protected":false},"excerpt":{"rendered":"<p>De ce s\u0103 descarci aceast\u0103 carte: Speciali\u0219tii no\u0219tri AU PESTE 25 DE ANI de experien\u021b\u0103 \u00een predarea limbii engleze at\u00e2t copiilor c\u00e2t \u0219i adul\u021bilor, \u0219tiu exact cum s\u0103 te ghideze pentru a te ini\u021bia \u00een aceast\u0103 limb\u0103 \u0219i pentru a te putea descurca \u00eentr-o \u021bar\u0103 vorbitoare de limb\u0103 englez\u0103. Acum po\u021bi c\u0103l\u0103tori f\u0103r\u0103 grija c\u0103 [&hellip;]<\/p>\n","protected":false},"author":2,"featured_media":0,"parent":0,"menu_order":0,"comment_status":"closed","ping_status":"closed","template":"","meta":{"_uag_custom_page_level_css":"","site-sidebar-layout":"no-sidebar","site-content-layout":"page-builder","ast-site-content-layout":"default","site-content-style":"default","site-sidebar-style":"default","ast-global-header-display":"","ast-banner-title-visibility":"","ast-main-header-display":"","ast-hfb-above-header-display":"","ast-hfb-below-header-display":"","ast-hfb-mobile-header-display":"","site-post-title":"disabled","ast-breadcrumbs-content":"","ast-featured-img":"disabled","footer-sml-layout":"","ast-disable-related-posts":"","theme-transparent-header-meta":"enabled","adv-header-id-meta":"","stick-header-meta":"","header-above-stick-meta":"","header-main-stick-meta":"","header-below-stick-meta":"","astra-migrate-meta-layouts":"default","ast-page-background-enabled":"default","ast-page-background-meta":{"desktop":{"background-color":"","background-image":"","background-repeat":"repeat","background-position":"center center","background-size":"auto","background-attachment":"scroll","background-type":"","background-media":"","overlay-type":"","overlay-color":"","overlay-opacity":"","overlay-gradient":""},"tablet":{"background-color":"","background-image":"","background-repeat":"repeat","background-position":"center center","background-size":"auto","background-attachment":"scroll","background-type":"","background-media":"","overlay-type":"","overlay-color":"","overlay-opacity":"","overlay-gradient":""},"mobile":{"background-color":"","background-image":"","background-repeat":"repeat","background-position":"center center","background-size":"auto","background-attachment":"scroll","background-type":"","background-media":"","overlay-type":"","overlay-color":"","overlay-opacity":"","overlay-gradient":""}},"ast-content-background-meta":{"desktop":{"background-color":"var(--ast-global-color-5)","background-image":"","background-repeat":"repeat","background-position":"center center","background-size":"auto","background-attachment":"scroll","background-type":"","background-media":"","overlay-type":"","overlay-color":"","overlay-opacity":"","overlay-gradient":""},"tablet":{"background-color":"var(--ast-global-color-5)","background-image":"","background-repeat":"repeat","background-position":"center center","background-size":"auto","background-attachment":"scroll","background-type":"","background-media":"","overlay-type":"","overlay-color":"","overlay-opacity":"","overlay-gradient":""},"mobile":{"background-color":"var(--ast-global-color-5)","background-image":"","background-repeat":"repeat","background-position":"center center","background-size":"auto","background-attachment":"scroll","background-type":"","background-media":"","overlay-type":"","overlay-color":"","overlay-opacity":"","overlay-gradient":""}},"footnotes":""},"class_list":["post-36923","page","type-page","status-publish","hentry"],"uagb_featured_image_src":{"full":false,"thumbnail":false,"medium":false,"medium_large":false,"large":false,"1536x1536":false,"2048x2048":false,"mailpoet_newsletter_max":false,"woocommerce_thumbnail":false,"woocommerce_single":false,"woocommerce_gallery_thumbnail":false},"uagb_author_info":{"display_name":"SEO Undesigned","author_link":"https:\/\/global-learning.ro\/cursuri-online\/author\/undesigned\/"},"uagb_comment_info":0,"uagb_excerpt":"De ce s\u0103 descarci aceast\u0103 carte: Speciali\u0219tii no\u0219tri AU PESTE 25 DE ANI de experien\u021b\u0103 \u00een predarea limbii engleze at\u00e2t copiilor c\u00e2t \u0219i adul\u021bilor, \u0219tiu exact cum s\u0103 te ghideze pentru a te ini\u021bia \u00een aceast\u0103 limb\u0103 \u0219i pentru a te putea descurca \u00eentr-o \u021bar\u0103 vorbitoare de limb\u0103 englez\u0103. Acum po\u021bi c\u0103l\u0103tori f\u0103r\u0103 grija c\u0103&hellip;","_links":{"self":[{"href":"https:\/\/global-learning.ro\/cursuri-online\/wp-json\/wp\/v2\/pages\/36923","targetHints":{"allow":["GET"]}}],"collection":[{"href":"https:\/\/global-learning.ro\/cursuri-online\/wp-json\/wp\/v2\/pages"}],"about":[{"href":"https:\/\/global-learning.ro\/cursuri-online\/wp-json\/wp\/v2\/types\/page"}],"author":[{"embeddable":true,"href":"https:\/\/global-learning.ro\/cursuri-online\/wp-json\/wp\/v2\/users\/2"}],"replies":[{"embeddable":true,"href":"https:\/\/global-learning.ro\/cursuri-online\/wp-json\/wp\/v2\/comments?post=36923"}],"version-history":[{"count":0,"href":"https:\/\/global-learning.ro\/cursuri-online\/wp-json\/wp\/v2\/pages\/36923\/revisions"}],"wp:attachment":[{"href":"https:\/\/global-learning.ro\/cursuri-online\/wp-json\/wp\/v2\/media?parent=36923"}],"curies":[{"name":"wp","href":"https:\/\/api.w.org\/{rel}","templated":true}]}}