{"id":401,"date":"2019-03-19T13:42:23","date_gmt":"2019-03-19T13:42:23","guid":{"rendered":"http:\/\/rishabh.sharkz.in\/?page_id=401"},"modified":"2023-09-14T17:31:11","modified_gmt":"2023-09-14T15:31:11","slug":"contact","status":"publish","type":"page","link":"https:\/\/global-learning.ro\/cursuri-online\/contact\/","title":{"rendered":"Contact"},"content":{"rendered":"\n<section class=\"wp-block-uagb-columns uagb-columns__wrap uagb-columns__background-gradient uagb-columns__stack-mobile uagb-columns__valign- uagb-columns__gap-10 align uagb-block-95d7fbcd uagb-columns__columns-3 uagb-columns__max_width-theme\"><div class=\"uagb-columns__overlay\"><\/div><div class=\"uagb-columns__inner-wrap uagb-columns__columns-3\">\n<div class=\"wp-block-uagb-column uagb-column__wrap uagb-column__background-undefined uagb-block-c4e52c31\"><div class=\"uagb-column__overlay\"><\/div>\n<p><\/p>\n<\/div>\n\n\n\n<div class=\"wp-block-uagb-column uagb-column__wrap uagb-column__background-undefined uagb-block-7b2259ea\"><div class=\"uagb-column__overlay\"><\/div>\n<div class=\"wp-block-uagb-info-box uagb-block-56ea935e uagb-infobox__content-wrap  uagb-infobox-icon-above-title uagb-infobox-image-valign-top\"><div class=\"uagb-ifb-content\"><div class=\"uagb-ifb-title-wrap\"><\/div><\/div><\/div>\n<\/div>\n\n\n\n<div class=\"wp-block-uagb-column uagb-column__wrap uagb-column__background-undefined uagb-block-f68d2c2d\"><div class=\"uagb-column__overlay\"><\/div>\n<p><\/p>\n<div class=\"wp-block-uagb-column uagb-column__wrap uagb-column__background-undefined uagb-block-c4e52c31\">\n<div class=\"uagb-column__overlay\">\u00a0<\/div>\n\n<p>\u00a0<\/p>\n<\/div>\n<p><\/p>\n<\/div>\n<\/div><\/section>\n\n\n\n<h1 class=\"aligncenter cst-h1\">Ai nevoie de ajutor?<\/h1>\n<p class=\"aligncenter\" style=\"font-size: 20px;\">Ne poti contacta folosind una din metodele de mai jos<\/p>\n\n\n\n<section class=\"wp-block-uagb-columns uagb-columns__wrap uagb-columns__background-color uagb-columns__stack-tablet uagb-columns__valign-center uagb-columns__gap-10 align uagb-block-7018e8d6 uagb-columns__columns-3 uagb-columns__max_width-theme\"><div class=\"uagb-columns__overlay\"><\/div><div class=\"uagb-columns__inner-wrap uagb-columns__columns-3\">\n<div class=\"wp-block-uagb-column uagb-column__wrap uagb-column__background-color uagb-block-a8b94f1f\"><div class=\"uagb-column__overlay\"><\/div>\n<div style=\"margin: auto;\" class=\"wp-block-uagb-info-box uagb-infobox__outer-wrap uagb-block-3975d8fe\"><div class=\"uagb-infobox__content-wrap uagb-infobox uagb-infobox-has-image uagb-infobox-icon-above-title uagb-infobox-image-valign-top uagb-infobox-enable-border-radius \"><div class=\"uagb-ifb-left-right-wrap\"><div class=\"uagb-ifb-content\"><div class=\"uagb-ifb-image-icon-content uagb-ifb-imgicon-wrap\"><div class=\"uagb-ifb-image\"><div class=\"uagb-ifb-image-content\"><img decoding=\"async\" class=\"\" src=\"https:\/\/global-learning.ro\/cursuri-online\/wp-content\/uploads\/2020\/07\/phone01.png\" alt=\"telefon\" title=\"\"><\/div><\/div><\/div><div class=\"uagb-ifb-title-wrap\"><span class=\"uagb-ifb-title-prefix\">Telefon<\/span><h3 class=\"uagb-ifb-title\"> <a href=\"tel:+40723642817\">+40 723 642 817<\/a> <\/h3><\/div><div class=\"uagb-ifb-text-wrap\"><\/div><\/div><\/div><\/div><\/div>\n<\/div>\n\n\n\n<div class=\"wp-block-uagb-column uagb-column__wrap uagb-column__background-color uagb-block-850f679c\"><div class=\"uagb-column__overlay\"><\/div>\n<div style=\"margin: auto;\" class=\"wp-block-uagb-info-box uagb-infobox__outer-wrap uagb-block-d2143f59\"><div class=\"uagb-infobox__content-wrap uagb-infobox uagb-infobox-has-image uagb-infobox-icon-above-title uagb-infobox-image-valign-top uagb-infobox-enable-border-radius \"><div class=\"uagb-ifb-left-right-wrap\"><div class=\"uagb-ifb-content\"><div class=\"uagb-ifb-image-icon-content uagb-ifb-imgicon-wrap\"><div class=\"uagb-ifb-image\"><figure><img decoding=\"async\" class=\"\" src=\"https:\/\/global-learning.ro\/cursuri-online\/wp-content\/uploads\/2020\/07\/mail.png\" alt=\"mail\" title=\"\"><\/figure><div class=\"uagb-ifb-image-content\"><\/div><\/div><\/div><div class=\"uagb-ifb-title-wrap\"><span class=\"uagb-ifb-title-prefix\">Email<\/span><h3 class=\"uagb-ifb-title\"><a href=\"mailto:info@global-learning.ro\">&nbsp;info@global-learning.ro<\/a>  <\/h3><\/div><div class=\"uagb-ifb-text-wrap\"><\/div><\/div><\/div><\/div><\/div>\n\n\n\n<p><\/p>\n<\/div>\n\n\n\n<div class=\"wp-block-uagb-column uagb-column__wrap uagb-column__background-color uagb-block-7bade008\"><div class=\"uagb-column__overlay\"><\/div>\n<div style=\"margin: auto;\" class=\"wp-block-uagb-info-box uagb-infobox__outer-wrap uagb-block-837800ed\"><div class=\"uagb-infobox__content-wrap uagb-infobox uagb-infobox-has-image uagb-infobox-icon-above-title uagb-infobox-image-valign-top uagb-infobox-enable-border-radius \"><div class=\"uagb-ifb-left-right-wrap\"><div class=\"uagb-ifb-content\"><div class=\"uagb-ifb-image-icon-content uagb-ifb-imgicon-wrap\"><figure><img decoding=\"async\" class=\"\" src=\"https:\/\/global-learning.ro\/cursuri-online\/wp-content\/uploads\/2020\/07\/map.png\" alt=\"locatie\" title=\"\"><\/figure><div class=\"uagb-ifb-image\"><figure><\/figure><div class=\"uagb-ifb-image-content\"><\/div><\/div><\/div><div class=\"uagb-ifb-title-wrap\"><span class=\"uagb-ifb-title-prefix\">Adresa<\/span><h3 class=\"uagb-ifb-title\"><a href=\"https:\/\/g.page\/Global-Learning-Cursuri?share\" rel=\"nofollow\">Str. Ion G. Raco\u021beanu 7, Buc<\/a> <\/h3><\/div><div class=\"uagb-ifb-text-wrap\"><\/div><\/div><\/div><\/div><\/div>\n<\/div>\n<\/div><\/section>\n\n\n\n<section class=\"wp-block-uagb-section uagb-section__wrap uagb-section__background-color uagb-block-9ee7c69d\"><div class=\"uagb-section__overlay\"><\/div><div class=\"uagb-section__inner-wrap\">\n<p>&nbsp;<\/p>\n\n\n\n<div class=\"wp-block-uagb-advanced-heading uagb-block-d7daecda\" id=\"uagb-adv-heading-d2a65f11-dc57-40e4-a40d-228a720e0948\"><h2 class=\"uagb-heading-text\">Formular de contact<\/h2><\/div>\n<\/div><\/section>\n\n\n\n<section class=\"wp-block-uagb-columns uagb-columns__wrap uagb-columns__background-color uagb-columns__stack-tablet uagb-columns__valign-center uagb-columns__gap-10 align uagb-block-7cc99e99 uagb-columns__columns-3 uagb-columns__max_width-theme\"><div class=\"uagb-columns__overlay\"><\/div><div class=\"uagb-columns__inner-wrap uagb-columns__columns-3\">\n<div class=\"wp-block-uagb-column uagb-column__wrap uagb-column__background-undefined uagb-block-ba9283fd hidden uag-hide-tab uag-hide-mob uag-hide-tab uag-hide-mob\"><div class=\"uagb-column__overlay\"><\/div><\/div>\n\n\n\n<div class=\"wp-block-uagb-column uagb-column__wrap uagb-column__background-color uagb-block-9e359179\"><div class=\"uagb-column__overlay\"><\/div>\n<div style=\"height:20px\" aria-hidden=\"true\" class=\"wp-block-spacer\"><\/div>\n\n\n\n<div class=\"wpcf7 no-js\" id=\"wpcf7-f29623-o1\" lang=\"ro-RO\" dir=\"ltr\" data-wpcf7-id=\"29623\">\n<div class=\"screen-reader-response\"><p role=\"status\" aria-live=\"polite\" aria-atomic=\"true\"><\/p> <ul><\/ul><\/div>\n<form action=\"\/cursuri-online\/wp-json\/wp\/v2\/pages\/401#wpcf7-f29623-o1\" method=\"post\" class=\"wpcf7-form init\" aria-label=\"Formular de contact\" novalidate=\"novalidate\" data-status=\"init\">\n<fieldset class=\"hidden-fields-container\"><input type=\"hidden\" name=\"_wpcf7\" value=\"29623\" \/><input type=\"hidden\" name=\"_wpcf7_version\" value=\"6.1.5\" \/><input type=\"hidden\" name=\"_wpcf7_locale\" value=\"ro_RO\" \/><input type=\"hidden\" name=\"_wpcf7_unit_tag\" value=\"wpcf7-f29623-o1\" \/><input type=\"hidden\" name=\"_wpcf7_container_post\" value=\"0\" \/><input type=\"hidden\" name=\"_wpcf7_posted_data_hash\" value=\"\" \/><input type=\"hidden\" name=\"_wpcf7_recaptcha_response\" value=\"\" \/>\n<\/fieldset>\n<p><label> Numele t\u0103u<br \/>\n<span class=\"wpcf7-form-control-wrap\" data-name=\"your-name\"><input size=\"40\" maxlength=\"400\" class=\"wpcf7-form-control wpcf7-text wpcf7-validates-as-required\" aria-required=\"true\" aria-invalid=\"false\" value=\"\" type=\"text\" name=\"your-name\" \/><\/span> <\/label>\n<\/p>\n<p><label> Email<br \/>\n<span class=\"wpcf7-form-control-wrap\" data-name=\"your-email\"><input size=\"40\" maxlength=\"400\" class=\"wpcf7-form-control wpcf7-email wpcf7-validates-as-required wpcf7-text wpcf7-validates-as-email\" aria-required=\"true\" aria-invalid=\"false\" value=\"\" type=\"email\" name=\"your-email\" \/><\/span> <\/label>\n<\/p>\n<p><label> Subiect<br \/>\n<span class=\"wpcf7-form-control-wrap\" data-name=\"your-subject\"><input size=\"40\" maxlength=\"400\" class=\"wpcf7-form-control wpcf7-text\" aria-invalid=\"false\" value=\"\" type=\"text\" name=\"your-subject\" \/><\/span> <\/label>\n<\/p>\n<p><label> Mesajul t\u0103u<br \/>\n<span class=\"wpcf7-form-control-wrap\" data-name=\"your-message\"><textarea cols=\"40\" rows=\"10\" maxlength=\"2000\" class=\"wpcf7-form-control wpcf7-textarea\" aria-invalid=\"false\" name=\"your-message\"><\/textarea><\/span> <\/label>\n<\/p>\n<div class=\"gdpr-info-cf7\">\n\t<p><label><span class=\"wpcf7-form-control-wrap\" data-name=\"GDPR\"><span class=\"wpcf7-form-control wpcf7-acceptance\"><span class=\"wpcf7-list-item\"><input type=\"checkbox\" name=\"GDPR\" value=\"1\" aria-invalid=\"false\" \/><\/span><\/span><\/span> <span class=\"gdpr-info\"> Prin utilizarea formularului sunte\u021bi de acord cu <a href=\"https:\/\/global-learning.ro\/cursuri-online\/termeni-si-conditii\/\"  target=\"_blank\">Termenii, conditiile<\/a> si <a href=\"https:\/\/global-learning.ro\/cursuri-online\/politica-cookie\/\"  target=\"_blank\">Politica de confidentialitate<\/a>. <\/span><\/label>\n\t<\/p>\n<\/div>\n<div class=\"col-md-12 captcha\">\n<\/div>\n<p><input class=\"wpcf7-form-control wpcf7-submit has-spinner\" type=\"submit\" value=\"Trimite\" \/>\n<\/p><div class=\"wpcf7-response-output\" aria-hidden=\"true\"><\/div>\n<\/form>\n<\/div>\n\n<\/div>\n\n\n\n<div class=\"wp-block-uagb-column uagb-column__wrap uagb-column__background-undefined uagb-block-7ca773d4 uag-hide-tab uag-hide-mob uag-hide-tab uag-hide-mob\"><div class=\"uagb-column__overlay\"><\/div><\/div>\n<\/div><div class=\"uagb-columns__shape uagb-columns__shape-bottom\" data-negative=\"false\"><svg xmlns=\"https:\/\/www.w3.org\/2000\/svg\" viewBox=\"0 0 1000 100\" preserveAspectRatio=\"none\"><path class=\"uagb-columns__shape-fill\" d=\"M421.9,6.5c22.6-2.5,51.5,0.4,75.5,5.3c23.6,4.9,70.9,23.5,100.5,35.7c75.8,32.2,133.7,44.5,192.6,49.7  c23.6,2.1,48.7,3.5,103.4-2.5c54.7-6,106.2-25.6,106.2-25.6V0H0v30.3c0,0,72,32.6,158.4,30.5c39.2-0.7,92.8-6.7,134-22.4  c21.2-8.1,52.2-18.2,79.7-24.2C399.3,7.9,411.6,7.5,421.9,6.5z\"><\/path><\/svg><\/div><\/section>\n\n\n\n<section class=\"wp-block-uagb-columns uagb-columns__wrap uagb-columns__background-color uagb-columns__stack-mobile uagb-columns__valign- uagb-columns__gap-10 align uagb-block-abe64d8f uagb-columns__columns-3 uagb-columns__max_width-theme\"><div class=\"uagb-columns__overlay\"><\/div><div class=\"uagb-columns__inner-wrap uagb-columns__columns-3\">\n<div class=\"wp-block-uagb-column uagb-column__wrap uagb-column__background-undefined uagb-block-da0603f2\"><div class=\"uagb-column__overlay\"><\/div>\n<p><\/p>\n<\/div>\n\n\n\n<div class=\"wp-block-uagb-column uagb-column__wrap uagb-column__background-undefined uagb-block-33594d00\"><div class=\"uagb-column__overlay\"><\/div>\n<div class=\"uagb-infobox__outer-wrap uagb-block-4d1833d0-3b75-45bd-9eb9-31b75b77feb5\">\n    <div class=\"uagb-infobox__content-wrap uagb-infobox uagb-infobox-has-icon uagb-infobox-icon-above-title uagb-infobox-image-valign-top uagb-infobox-enable-border-radius \">\n        <div class=\"uagb-ifb-left-right-wrap\">\n            <div class=\"uagb-ifb-content custom-cta\">\n                <div class=\"uagb-ifb-title-wrap\">\n                    <h2 class=\"uagb-ifb-title\">\u00cenva\u0163\u0103 exact ce ai nevoie!<\/h2>\n                <\/div>\n                <div class=\"uagb-ifb-text-wrap\">\n                    <p class=\"uagb-ifb-desc\">\u00cencepe acum s\u0103 \u00eenve\u0163i, c\u00e2\u015ftig\u00e2nd timp! \u00censcrie-te ast\u0103zi \u015fi studiaz\u0103 \u00een propriul t\u0103u ritm.<\/p>\n                    <div class=\"uagb-ifb-cta uagb-infobox-cta-link-style\">\n                        <div class=\"uagb-ifb-button-wrapper\"><a href=\"https:\/\/global-learning.ro\/cursuri-online\/contul-meu\/\" class=\"uagb-infobox-cta-link uagb-ifb-cta-button\" target=\"_self\" rel=\"noopener noreferrer\"><span class=\"uagb-ifb-cta-content-wrapper\"><span class=\"uagb-inline-editing \">Inscrieri<\/span><\/span><\/a><\/div>\n                    <\/div>\n                <\/div>\n            <\/div>\n        <\/div>\n    <\/div>\n<\/div>\n<\/div>\n\n\n\n<div class=\"wp-block-uagb-column uagb-column__wrap uagb-column__background-undefined uagb-block-c80f4f65\"><div class=\"uagb-column__overlay\"><\/div><\/div>\n<\/div><\/section>\n","protected":false},"excerpt":{"rendered":"<p>\u00a0 Ai nevoie de ajutor? Ne poti contacta folosind una din metodele de mai jos Telefon +40 723 642 817 Email &nbsp;info@global-learning.ro Adresa Str. Ion G. Raco\u021beanu 7, Buc \u00cenva\u0163\u0103 exact ce ai nevoie! \u00cencepe acum s\u0103 \u00eenve\u0163i, c\u00e2\u015ftig\u00e2nd timp! \u00censcrie-te ast\u0103zi \u015fi studiaz\u0103 \u00een propriul t\u0103u ritm. Inscrieri<\/p>\n","protected":false},"author":2,"featured_media":0,"parent":0,"menu_order":0,"comment_status":"closed","ping_status":"closed","template":"","meta":{"_uag_custom_page_level_css":"","site-sidebar-layout":"no-sidebar","site-content-layout":"page-builder","ast-site-content-layout":"full-width-container","site-content-style":"unboxed","site-sidebar-style":"unboxed","ast-global-header-display":"","ast-banner-title-visibility":"","ast-main-header-display":"","ast-hfb-above-header-display":"","ast-hfb-below-header-display":"","ast-hfb-mobile-header-display":"","site-post-title":"disabled","ast-breadcrumbs-content":"","ast-featured-img":"disabled","footer-sml-layout":"","ast-disable-related-posts":"","theme-transparent-header-meta":"enabled","adv-header-id-meta":"","stick-header-meta":"","header-above-stick-meta":"","header-main-stick-meta":"","header-below-stick-meta":"","astra-migrate-meta-layouts":"set","ast-page-background-enabled":"default","ast-page-background-meta":{"desktop":{"background-color":"","background-image":"","background-repeat":"repeat","background-position":"center center","background-size":"auto","background-attachment":"scroll","background-type":"","background-media":"","overlay-type":"","overlay-color":"","overlay-opacity":"","overlay-gradient":""},"tablet":{"background-color":"","background-image":"","background-repeat":"repeat","background-position":"center center","background-size":"auto","background-attachment":"scroll","background-type":"","background-media":"","overlay-type":"","overlay-color":"","overlay-opacity":"","overlay-gradient":""},"mobile":{"background-color":"","background-image":"","background-repeat":"repeat","background-position":"center center","background-size":"auto","background-attachment":"scroll","background-type":"","background-media":"","overlay-type":"","overlay-color":"","overlay-opacity":"","overlay-gradient":""}},"ast-content-background-meta":{"desktop":{"background-color":"var(--ast-global-color-5)","background-image":"","background-repeat":"repeat","background-position":"center center","background-size":"auto","background-attachment":"scroll","background-type":"","background-media":"","overlay-type":"","overlay-color":"","overlay-opacity":"","overlay-gradient":""},"tablet":{"background-color":"var(--ast-global-color-5)","background-image":"","background-repeat":"repeat","background-position":"center center","background-size":"auto","background-attachment":"scroll","background-type":"","background-media":"","overlay-type":"","overlay-color":"","overlay-opacity":"","overlay-gradient":""},"mobile":{"background-color":"var(--ast-global-color-5)","background-image":"","background-repeat":"repeat","background-position":"center center","background-size":"auto","background-attachment":"scroll","background-type":"","background-media":"","overlay-type":"","overlay-color":"","overlay-opacity":"","overlay-gradient":""}},"footnotes":""},"class_list":["post-401","page","type-page","status-publish","hentry"],"uagb_featured_image_src":{"full":false,"thumbnail":false,"medium":false,"medium_large":false,"large":false,"1536x1536":false,"2048x2048":false,"mailpoet_newsletter_max":false,"woocommerce_thumbnail":false,"woocommerce_single":false,"woocommerce_gallery_thumbnail":false},"uagb_author_info":{"display_name":"SEO Undesigned","author_link":"https:\/\/global-learning.ro\/cursuri-online\/author\/undesigned\/"},"uagb_comment_info":0,"uagb_excerpt":"\u00a0 Ai nevoie de ajutor? Ne poti contacta folosind una din metodele de mai jos Telefon +40 723 642 817 Email &nbsp;info@global-learning.ro Adresa Str. Ion G. Raco\u021beanu 7, Buc \u00cenva\u0163\u0103 exact ce ai nevoie! \u00cencepe acum s\u0103 \u00eenve\u0163i, c\u00e2\u015ftig\u00e2nd timp! \u00censcrie-te ast\u0103zi \u015fi studiaz\u0103 \u00een propriul t\u0103u ritm. Inscrieri","_links":{"self":[{"href":"https:\/\/global-learning.ro\/cursuri-online\/wp-json\/wp\/v2\/pages\/401","targetHints":{"allow":["GET"]}}],"collection":[{"href":"https:\/\/global-learning.ro\/cursuri-online\/wp-json\/wp\/v2\/pages"}],"about":[{"href":"https:\/\/global-learning.ro\/cursuri-online\/wp-json\/wp\/v2\/types\/page"}],"author":[{"embeddable":true,"href":"https:\/\/global-learning.ro\/cursuri-online\/wp-json\/wp\/v2\/users\/2"}],"replies":[{"embeddable":true,"href":"https:\/\/global-learning.ro\/cursuri-online\/wp-json\/wp\/v2\/comments?post=401"}],"version-history":[{"count":19,"href":"https:\/\/global-learning.ro\/cursuri-online\/wp-json\/wp\/v2\/pages\/401\/revisions"}],"predecessor-version":[{"id":55206,"href":"https:\/\/global-learning.ro\/cursuri-online\/wp-json\/wp\/v2\/pages\/401\/revisions\/55206"}],"wp:attachment":[{"href":"https:\/\/global-learning.ro\/cursuri-online\/wp-json\/wp\/v2\/media?parent=401"}],"curies":[{"name":"wp","href":"https:\/\/api.w.org\/{rel}","templated":true}]}}