{"id":25647,"date":"2020-02-10T14:31:59","date_gmt":"2020-02-10T14:31:59","guid":{"rendered":"https:\/\/www.global-learning.ro\/cursuri-online\/?post_type=product&#038;p=25647"},"modified":"2024-05-23T10:10:30","modified_gmt":"2024-05-23T08:10:30","slug":"curs-engleza","status":"publish","type":"product","link":"https:\/\/global-learning.ro\/cursuri-online\/produs\/curs-engleza\/","title":{"rendered":"English Tenses \u2013 Theory and exercises"},"content":{"rendered":"<h2><em><strong>Curs limba engleza online &#8211; English Tenses<\/strong><\/em><\/h2>\n<p>Would you like to learn exactly that thing that you need without wasting time and money?<br \/>\nChoose the courses on the Global Learning Platform. which will help you to clarify different things from different areas. You can continue your personal and professional development without having to participate in a long course of months or years to go to an institute, school \u2026 where you have to be on time and respect a schedule.<br \/>\nDo you need a specific course and not to graduate a school, institute?<br \/>\nChoose our courses and it will make it all possible.<\/p>\n<p>Vrei s\u0103 \u00eenve\u021bi exact acel lucru de care ai nevoie f\u0103r\u0103 a risipi timp \u0219i bani?<br \/>\nAlege cursurile de pe platforma Global Learning, care te vor ajuta s\u0103 \u00ee\u021bi clarifici no\u021biuni din diferite domenii. \u00ce\u021bi po\u021bi continua dezvoltarea pe plan personal sau profesional, f\u0103r\u0103 a fi nevoit s\u0103 participi la un curs de luni sau ani de zile \u00eentr-o institu\u021bie la care trebuie s\u0103 fii prezent conform unui anumit program.<br \/>\nAi nevoie de un curs specific \u0219i nu de toat\u0103 materia care s-ar preda \u00eentr-o institu\u021bie?<br \/>\nAlege cursurile noastre \u0219i totul va fi posibil!<\/p>\n<p>&nbsp;<\/p>\n<h2><strong>Description<\/strong><\/h2>\n<p>Complete information on each of the 12 tenses + \u2018going to\u2019 future in video lessons: the whole theory, hundreds of examples, exercises, quizzes, + evaluation.<\/p>\n<p>A downloadable pdf book to use offline.<\/p>\n<p>It\u2019ll help you speak and write more confidently.<\/p>\n<p>&nbsp;<\/p>\n<h2>B<strong>enefits<\/strong><\/h2>\n<p>1. You will have great support for your English exams: High-school graduation, CAE, IELTS\u2026<br \/>\n(Vei avea un suport extraordinar pentru examene: BAC, CAE, IELTS\u2026)<\/p>\n<p>2. You will master all English Tenses with all their shades of meaning and details<br \/>\n(Vei st\u0103p\u00e2ni timpurile gramaticale ale limbii engleze cu toate nuan\u021bele de in\u021beles \u0219i alte detalii.<\/p>\n<p>3. You will speak English at work and with native people more confidently.<br \/>\n(Vei vorbi limba englez\u0103 la munc\u0103 \u0219i cu vorbitorii nativi de limba englez\u0103 cu mai mult\u0103 \u00eencredere, mai sigur pe tine.)<\/p>\n<p><strong>Produsul se poate accesa Online \u00een Platforma Global Learning, \u00een format .PDF, dup\u0103 achizi\u021bie, prin contul creat.<\/strong><\/p>\n","protected":false},"excerpt":{"rendered":"<p>Complete information on each of the 12 tenses + \u2018going to\u2019 future in video lessons: the whole theory, hundreds of examples, exercises, quizzes + evaluation.<br \/>\nA downloadable pdf book to use offline.<br \/>\nIt\u2019ll help you speak and write more confidently.<\/p>\n<p><strong>Produsul se poate accesa Online \u00een Platforma Global Learning, \u00een format .PDF, dup\u0103 achizi\u021bie, prin contul creat.<\/strong><\/p>\n","protected":false},"featured_media":55118,"comment_status":"open","ping_status":"closed","template":"","meta":{"_uag_custom_page_level_css":"","site-sidebar-layout":"default","site-content-layout":"default","ast-site-content-layout":"default","site-content-style":"default","site-sidebar-style":"default","ast-global-header-display":"","ast-banner-title-visibility":"","ast-main-header-display":"","ast-hfb-above-header-display":"","ast-hfb-below-header-display":"","ast-hfb-mobile-header-display":"","site-post-title":"","ast-breadcrumbs-content":"","ast-featured-img":"","footer-sml-layout":"","ast-disable-related-posts":"","theme-transparent-header-meta":"default","adv-header-id-meta":"","stick-header-meta":"","header-above-stick-meta":"","header-main-stick-meta":"","header-below-stick-meta":"","astra-migrate-meta-layouts":"set","ast-page-background-enabled":"default","ast-page-background-meta":{"desktop":{"background-color":"","background-image":"","background-repeat":"repeat","background-position":"center center","background-size":"auto","background-attachment":"scroll","background-type":"","background-media":"","overlay-type":"","overlay-color":"","overlay-opacity":"","overlay-gradient":""},"tablet":{"background-color":"","background-image":"","background-repeat":"repeat","background-position":"center center","background-size":"auto","background-attachment":"scroll","background-type":"","background-media":"","overlay-type":"","overlay-color":"","overlay-opacity":"","overlay-gradient":""},"mobile":{"background-color":"","background-image":"","background-repeat":"repeat","background-position":"center center","background-size":"auto","background-attachment":"scroll","background-type":"","background-media":"","overlay-type":"","overlay-color":"","overlay-opacity":"","overlay-gradient":""}},"ast-content-background-meta":{"desktop":{"background-color":"var(--ast-global-color-5)","background-image":"","background-repeat":"repeat","background-position":"center center","background-size":"auto","background-attachment":"scroll","background-type":"","background-media":"","overlay-type":"","overlay-color":"","overlay-opacity":"","overlay-gradient":""},"tablet":{"background-color":"var(--ast-global-color-5)","background-image":"","background-repeat":"repeat","background-position":"center center","background-size":"auto","background-attachment":"scroll","background-type":"","background-media":"","overlay-type":"","overlay-color":"","overlay-opacity":"","overlay-gradient":""},"mobile":{"background-color":"var(--ast-global-color-5)","background-image":"","background-repeat":"repeat","background-position":"center center","background-size":"auto","background-attachment":"scroll","background-type":"","background-media":"","overlay-type":"","overlay-color":"","overlay-opacity":"","overlay-gradient":""}}},"product_brand":[],"product_cat":[26],"product_tag":[],"class_list":{"0":"post-25647","1":"product","2":"type-product","3":"status-publish","4":"has-post-thumbnail","6":"product_cat-cursuri-engleza","7":"desktop-align-left","8":"tablet-align-left","9":"mobile-align-left","11":"first","12":"instock","13":"virtual","14":"sold-individually","15":"purchasable","16":"product-type-simple"},"uagb_featured_image_src":{"full":["https:\/\/global-learning.ro\/cursuri-online\/wp-content\/uploads\/2016\/12\/English-Tenses-NOU-imagine-FINALA-produs-png.webp",1024,570,false],"thumbnail":["https:\/\/global-learning.ro\/cursuri-online\/wp-content\/uploads\/2016\/12\/English-Tenses-NOU-imagine-FINALA-produs-150x150.webp",150,150,true],"medium":["https:\/\/global-learning.ro\/cursuri-online\/wp-content\/uploads\/2016\/12\/English-Tenses-NOU-imagine-FINALA-produs-378x210.webp",378,210,true],"medium_large":["https:\/\/global-learning.ro\/cursuri-online\/wp-content\/uploads\/2016\/12\/English-Tenses-NOU-imagine-FINALA-produs-768x428.webp",768,428,true],"large":["https:\/\/global-learning.ro\/cursuri-online\/wp-content\/uploads\/2016\/12\/English-Tenses-NOU-imagine-FINALA-produs-987x549.webp",987,549,true],"1536x1536":["https:\/\/global-learning.ro\/cursuri-online\/wp-content\/uploads\/2016\/12\/English-Tenses-NOU-imagine-FINALA-produs-png.webp",1024,570,false],"2048x2048":["https:\/\/global-learning.ro\/cursuri-online\/wp-content\/uploads\/2016\/12\/English-Tenses-NOU-imagine-FINALA-produs-png.webp",1024,570,false],"mailpoet_newsletter_max":["https:\/\/global-learning.ro\/cursuri-online\/wp-content\/uploads\/2016\/12\/English-Tenses-NOU-imagine-FINALA-produs-png.webp",1024,570,false],"woocommerce_thumbnail":["https:\/\/global-learning.ro\/cursuri-online\/wp-content\/uploads\/2016\/12\/English-Tenses-NOU-imagine-FINALA-produs-285x159.webp",285,159,true],"woocommerce_single":["https:\/\/global-learning.ro\/cursuri-online\/wp-content\/uploads\/2016\/12\/English-Tenses-NOU-imagine-FINALA-produs-600x334.webp",600,334,true],"woocommerce_gallery_thumbnail":["https:\/\/global-learning.ro\/cursuri-online\/wp-content\/uploads\/2016\/12\/English-Tenses-NOU-imagine-FINALA-produs-100x100.webp",100,100,true]},"uagb_author_info":{"display_name":"SEO Undesigned","author_link":"https:\/\/global-learning.ro\/cursuri-online\/author\/"},"uagb_comment_info":1,"uagb_excerpt":"Complete information on each of the 12 tenses + \u2018going to\u2019 future in video lessons: the whole theory, hundreds of examples, exercises, quizzes + evaluation. A downloadable pdf book to use offline. It\u2019ll help you speak and write more confidently. Produsul se poate accesa Online \u00een Platforma Global Learning, \u00een format .PDF, dup\u0103 achizi\u021bie, prin&hellip;","_links":{"self":[{"href":"https:\/\/global-learning.ro\/cursuri-online\/wp-json\/wp\/v2\/product\/25647","targetHints":{"allow":["GET"]}}],"collection":[{"href":"https:\/\/global-learning.ro\/cursuri-online\/wp-json\/wp\/v2\/product"}],"about":[{"href":"https:\/\/global-learning.ro\/cursuri-online\/wp-json\/wp\/v2\/types\/product"}],"replies":[{"embeddable":true,"href":"https:\/\/global-learning.ro\/cursuri-online\/wp-json\/wp\/v2\/comments?post=25647"}],"wp:featuredmedia":[{"embeddable":true,"href":"https:\/\/global-learning.ro\/cursuri-online\/wp-json\/wp\/v2\/media\/55118"}],"wp:attachment":[{"href":"https:\/\/global-learning.ro\/cursuri-online\/wp-json\/wp\/v2\/media?parent=25647"}],"wp:term":[{"taxonomy":"product_brand","embeddable":true,"href":"https:\/\/global-learning.ro\/cursuri-online\/wp-json\/wp\/v2\/product_brand?post=25647"},{"taxonomy":"product_cat","embeddable":true,"href":"https:\/\/global-learning.ro\/cursuri-online\/wp-json\/wp\/v2\/product_cat?post=25647"},{"taxonomy":"product_tag","embeddable":true,"href":"https:\/\/global-learning.ro\/cursuri-online\/wp-json\/wp\/v2\/product_tag?post=25647"}],"curies":[{"name":"wp","href":"https:\/\/api.w.org\/{rel}","templated":true}]}}