{"id":25648,"date":"2020-02-10T14:32:24","date_gmt":"2020-02-10T14:32:24","guid":{"rendered":"https:\/\/www.global-learning.ro\/cursuri-online\/?post_type=product&#038;p=25648"},"modified":"2024-11-11T15:37:23","modified_gmt":"2024-11-11T13:37:23","slug":"pre-a1-starters-english-course-part-i","status":"publish","type":"product","link":"https:\/\/global-learning.ro\/cursuri-online\/produs\/pre-a1-starters-english-course-part-i\/","title":{"rendered":"Pre A1 Starters English Course Part I"},"content":{"rendered":"<h2>Pre A1 Starters English Course Part I<\/h2>\n<p>Dac\u0103 vrei s\u0103 \u00eenve\u021bi limba englez\u0103 \u0219i te afli la nivel de starter, deci vrei s\u0103 o iei de la \u00eenceput, atunci Cursul<strong>\u00a0Start English<\/strong>\u00a0este produsul perfect pentru tine pentru c\u0103 \u00eenve\u021bi de la alfabet p\u00e2n\u0103 la a te exprima \u00een foarte multe situa\u021bii de zi cu zi.<\/p>\n","protected":false},"excerpt":{"rendered":"<p>Curs Pre A1 Starters English Course Part I &#8211; Dac\u0103 vrei s\u0103 \u00eenve\u021bi limba englez\u0103 \u0219i te afli la nivel de starter, deci vrei s\u0103 o iei de la \u00eenceput, atunci acesta este produsul perfect pentru tine pentru c\u0103 \u00eenve\u021bi de la alfabet p\u00e2n\u0103 la a te exprima \u00een foarte multe situa\u021bii de zi cu zi, din via\u021ba noastr\u0103..<\/p>\n<p><strong>Cursul se poate accesa doar online \u00een Platforma Global Learning, \u00een format .PDF, dup\u0103 achizi\u021bie, prin contul creat.<\/strong><\/p>\n","protected":false},"featured_media":36077,"comment_status":"open","ping_status":"closed","template":"","meta":{"_uag_custom_page_level_css":"","site-sidebar-layout":"default","site-content-layout":"default","ast-site-content-layout":"default","site-content-style":"default","site-sidebar-style":"default","ast-global-header-display":"","ast-banner-title-visibility":"","ast-main-header-display":"","ast-hfb-above-header-display":"","ast-hfb-below-header-display":"","ast-hfb-mobile-header-display":"","site-post-title":"","ast-breadcrumbs-content":"","ast-featured-img":"","footer-sml-layout":"","ast-disable-related-posts":"","theme-transparent-header-meta":"default","adv-header-id-meta":"","stick-header-meta":"","header-above-stick-meta":"","header-main-stick-meta":"","header-below-stick-meta":"","astra-migrate-meta-layouts":"set","ast-page-background-enabled":"default","ast-page-background-meta":{"desktop":{"background-color":"","background-image":"","background-repeat":"repeat","background-position":"center center","background-size":"auto","background-attachment":"scroll","background-type":"","background-media":"","overlay-type":"","overlay-color":"","overlay-opacity":"","overlay-gradient":""},"tablet":{"background-color":"","background-image":"","background-repeat":"repeat","background-position":"center center","background-size":"auto","background-attachment":"scroll","background-type":"","background-media":"","overlay-type":"","overlay-color":"","overlay-opacity":"","overlay-gradient":""},"mobile":{"background-color":"","background-image":"","background-repeat":"repeat","background-position":"center center","background-size":"auto","background-attachment":"scroll","background-type":"","background-media":"","overlay-type":"","overlay-color":"","overlay-opacity":"","overlay-gradient":""}},"ast-content-background-meta":{"desktop":{"background-color":"var(--ast-global-color-5)","background-image":"","background-repeat":"repeat","background-position":"center center","background-size":"auto","background-attachment":"scroll","background-type":"","background-media":"","overlay-type":"","overlay-color":"","overlay-opacity":"","overlay-gradient":""},"tablet":{"background-color":"var(--ast-global-color-5)","background-image":"","background-repeat":"repeat","background-position":"center center","background-size":"auto","background-attachment":"scroll","background-type":"","background-media":"","overlay-type":"","overlay-color":"","overlay-opacity":"","overlay-gradient":""},"mobile":{"background-color":"var(--ast-global-color-5)","background-image":"","background-repeat":"repeat","background-position":"center center","background-size":"auto","background-attachment":"scroll","background-type":"","background-media":"","overlay-type":"","overlay-color":"","overlay-opacity":"","overlay-gradient":""}}},"product_brand":[],"product_cat":[26],"product_tag":[],"class_list":{"0":"post-25648","1":"product","2":"type-product","3":"status-publish","4":"has-post-thumbnail","6":"product_cat-cursuri-engleza","7":"desktop-align-left","8":"tablet-align-left","9":"mobile-align-left","11":"first","12":"instock","13":"virtual","14":"sold-individually","15":"purchasable","16":"product-type-simple"},"uagb_featured_image_src":{"full":["https:\/\/global-learning.ro\/cursuri-online\/wp-content\/uploads\/2020\/02\/Pre-A1-Starters-English-Course-Part-I-imagine-produs-png.webp",1024,570,false],"thumbnail":["https:\/\/global-learning.ro\/cursuri-online\/wp-content\/uploads\/2020\/02\/Pre-A1-Starters-English-Course-Part-I-imagine-produs-150x150.webp",150,150,true],"medium":["https:\/\/global-learning.ro\/cursuri-online\/wp-content\/uploads\/2020\/02\/Pre-A1-Starters-English-Course-Part-I-imagine-produs-378x210.webp",378,210,true],"medium_large":["https:\/\/global-learning.ro\/cursuri-online\/wp-content\/uploads\/2020\/02\/Pre-A1-Starters-English-Course-Part-I-imagine-produs-768x428.webp",768,428,true],"large":["https:\/\/global-learning.ro\/cursuri-online\/wp-content\/uploads\/2020\/02\/Pre-A1-Starters-English-Course-Part-I-imagine-produs-987x549.webp",987,549,true],"1536x1536":["https:\/\/global-learning.ro\/cursuri-online\/wp-content\/uploads\/2020\/02\/Pre-A1-Starters-English-Course-Part-I-imagine-produs-png.webp",1024,570,false],"2048x2048":["https:\/\/global-learning.ro\/cursuri-online\/wp-content\/uploads\/2020\/02\/Pre-A1-Starters-English-Course-Part-I-imagine-produs-png.webp",1024,570,false],"mailpoet_newsletter_max":["https:\/\/global-learning.ro\/cursuri-online\/wp-content\/uploads\/2020\/02\/Pre-A1-Starters-English-Course-Part-I-imagine-produs-png.webp",1024,570,false],"woocommerce_thumbnail":["https:\/\/global-learning.ro\/cursuri-online\/wp-content\/uploads\/2020\/02\/Pre-A1-Starters-English-Course-Part-I-imagine-produs-285x159.webp",285,159,true],"woocommerce_single":["https:\/\/global-learning.ro\/cursuri-online\/wp-content\/uploads\/2020\/02\/Pre-A1-Starters-English-Course-Part-I-imagine-produs-600x334.webp",600,334,true],"woocommerce_gallery_thumbnail":["https:\/\/global-learning.ro\/cursuri-online\/wp-content\/uploads\/2020\/02\/Pre-A1-Starters-English-Course-Part-I-imagine-produs-100x100.webp",100,100,true]},"uagb_author_info":{"display_name":"SEO Undesigned","author_link":"https:\/\/global-learning.ro\/cursuri-online\/author\/"},"uagb_comment_info":1,"uagb_excerpt":"Curs Pre A1 Starters English Course Part I - Dac\u0103 vrei s\u0103 \u00eenve\u021bi limba englez\u0103 \u0219i te afli la nivel de starter, deci vrei s\u0103 o iei de la \u00eenceput, atunci acesta este produsul perfect pentru tine pentru c\u0103 \u00eenve\u021bi de la alfabet p\u00e2n\u0103 la a te exprima \u00een foarte multe situa\u021bii de zi cu&hellip;","_links":{"self":[{"href":"https:\/\/global-learning.ro\/cursuri-online\/wp-json\/wp\/v2\/product\/25648","targetHints":{"allow":["GET"]}}],"collection":[{"href":"https:\/\/global-learning.ro\/cursuri-online\/wp-json\/wp\/v2\/product"}],"about":[{"href":"https:\/\/global-learning.ro\/cursuri-online\/wp-json\/wp\/v2\/types\/product"}],"replies":[{"embeddable":true,"href":"https:\/\/global-learning.ro\/cursuri-online\/wp-json\/wp\/v2\/comments?post=25648"}],"wp:featuredmedia":[{"embeddable":true,"href":"https:\/\/global-learning.ro\/cursuri-online\/wp-json\/wp\/v2\/media\/36077"}],"wp:attachment":[{"href":"https:\/\/global-learning.ro\/cursuri-online\/wp-json\/wp\/v2\/media?parent=25648"}],"wp:term":[{"taxonomy":"product_brand","embeddable":true,"href":"https:\/\/global-learning.ro\/cursuri-online\/wp-json\/wp\/v2\/product_brand?post=25648"},{"taxonomy":"product_cat","embeddable":true,"href":"https:\/\/global-learning.ro\/cursuri-online\/wp-json\/wp\/v2\/product_cat?post=25648"},{"taxonomy":"product_tag","embeddable":true,"href":"https:\/\/global-learning.ro\/cursuri-online\/wp-json\/wp\/v2\/product_tag?post=25648"}],"curies":[{"name":"wp","href":"https:\/\/api.w.org\/{rel}","templated":true}]}}