{"id":29595,"date":"2020-03-16T12:12:17","date_gmt":"2020-03-16T12:12:17","guid":{"rendered":"https:\/\/www.global-learning.ro\/cursuri-online\/?post_type=product&#038;p=29595"},"modified":"2024-05-23T10:19:48","modified_gmt":"2024-05-23T08:19:48","slug":"english-conditionals","status":"publish","type":"product","link":"https:\/\/global-learning.ro\/cursuri-online\/produs\/english-conditionals\/","title":{"rendered":"English Conditionals"},"content":{"rendered":"<h2><em><strong>English Conditionals<\/strong><\/em><\/h2>\n<p>Would you like to learn exactly that thing that you need without wasting time and money?<br \/>\nChoose the courses on the Global Learning Platform. which will help you to clarify different things from different areas. You can continue your personal and professional development without having to participate in a long course of months or years to go to an institute, school \u2026 where you have to be on time and respect a schedule.<br \/>\nDo you need a specific course and not to graduate a school, institute?<br \/>\nChoose our courses and it will make it all possible.<\/p>\n<p>Vrei s\u0103 \u00eenve\u021bi exact acel lucru de care ai nevoie f\u0103r\u0103 a risipi timp \u0219i bani?<br \/>\nAlege cursurile de pe platforma Global Learning, care te vor ajuta s\u0103 \u00ee\u021bi clarifici no\u021biuni din diferite domenii. \u00ce\u021bi po\u021bi continua dezvoltarea pe plan personal sau profesional, f\u0103r\u0103 a fi nevoit s\u0103 participi la un curs de luni sau ani de zile \u00eentr-o institu\u021bie la care trebuie s\u0103 fii prezent conform unui anumit program.<br \/>\nAi nevoie de un curs specific \u0219i nu de toat\u0103 materia care s-ar preda \u00eentr-o institu\u021bie?<br \/>\nAlege cursurile noastre \u0219i totul va fi posibil!<\/p>\n<p>&nbsp;<\/p>\n<h2>Description<\/h2>\n<p>Video + written lessons of Zero, First, Second, Third, Third Conditional with the continuous form of Past Perfect and Mixed Conditionals.<\/p>\n<p>PDF downloadable files to use offline.<\/p>\n<p>Watch it now to learn HOW\/WHEN to use the conditionals in conversations!<\/p>\n<p>&nbsp;<\/p>\n<h2>B<strong>enefits<\/strong><\/h2>\n<p>1. You will get a lot of tips and tricks of how to identify different kind of conditionals.<br \/>\n(Vei avea o mul\u021bime de trucuri despre cum s\u0103 identifici fiecare tip de conditional.)<\/p>\n<p>2. You will have a very clear idea of how and when to use each kind of conditionals at school, at work, in your exams and daily conversations.<br \/>\n(Vei avea foarte clar \u00een minte cum \u0219i unde s\u0103 folose\u0219ti fiecare tip de conditional at\u00e2t la \u0219coal\u0103, la munc\u0103, \u00een examene, c\u00e2t \u0219i \u00een conversa\u021biile zilnice pe care trebuie s\u0103 le por\u021bi \u00een limba englez\u0103.)<\/p>\n<p>3. You will have a deeper knowledge of the structure of all conditionals including the mixed ones.<br \/>\n(Vei avea o cunoa\u0219tere profund\u0103 a structurii tuturor condi\u021bionalelor, inclusiv a celor mixte.)<\/p>\n","protected":false},"excerpt":{"rendered":"<p>Video + written lessons of Zero, First, Second, Third, Third Conditional with the continuous form of Past Perfect and Mixed Conditionals.<br \/>\nPDF downloadable files to use offline.<br \/>\nWatch it now to learn HOW\/WHEN to use the conditionals in conversations!<\/p>\n<p><strong>Cursul se poate accesa doar online \u00een Platforma Global Learning, \u00een format .PDF, dup\u0103 achizi\u021bie, prin contul creat.<\/strong><\/p>\n","protected":false},"featured_media":29550,"comment_status":"open","ping_status":"closed","template":"","meta":{"_uag_custom_page_level_css":"","site-sidebar-layout":"default","site-content-layout":"default","ast-site-content-layout":"default","site-content-style":"default","site-sidebar-style":"default","ast-global-header-display":"","ast-banner-title-visibility":"","ast-main-header-display":"","ast-hfb-above-header-display":"","ast-hfb-below-header-display":"","ast-hfb-mobile-header-display":"","site-post-title":"","ast-breadcrumbs-content":"","ast-featured-img":"","footer-sml-layout":"","ast-disable-related-posts":"","theme-transparent-header-meta":"default","adv-header-id-meta":"","stick-header-meta":"","header-above-stick-meta":"","header-main-stick-meta":"","header-below-stick-meta":"","astra-migrate-meta-layouts":"set","ast-page-background-enabled":"default","ast-page-background-meta":{"desktop":{"background-color":"","background-image":"","background-repeat":"repeat","background-position":"center center","background-size":"auto","background-attachment":"scroll","background-type":"","background-media":"","overlay-type":"","overlay-color":"","overlay-opacity":"","overlay-gradient":""},"tablet":{"background-color":"","background-image":"","background-repeat":"repeat","background-position":"center center","background-size":"auto","background-attachment":"scroll","background-type":"","background-media":"","overlay-type":"","overlay-color":"","overlay-opacity":"","overlay-gradient":""},"mobile":{"background-color":"","background-image":"","background-repeat":"repeat","background-position":"center center","background-size":"auto","background-attachment":"scroll","background-type":"","background-media":"","overlay-type":"","overlay-color":"","overlay-opacity":"","overlay-gradient":""}},"ast-content-background-meta":{"desktop":{"background-color":"var(--ast-global-color-5)","background-image":"","background-repeat":"repeat","background-position":"center center","background-size":"auto","background-attachment":"scroll","background-type":"","background-media":"","overlay-type":"","overlay-color":"","overlay-opacity":"","overlay-gradient":""},"tablet":{"background-color":"var(--ast-global-color-5)","background-image":"","background-repeat":"repeat","background-position":"center center","background-size":"auto","background-attachment":"scroll","background-type":"","background-media":"","overlay-type":"","overlay-color":"","overlay-opacity":"","overlay-gradient":""},"mobile":{"background-color":"var(--ast-global-color-5)","background-image":"","background-repeat":"repeat","background-position":"center center","background-size":"auto","background-attachment":"scroll","background-type":"","background-media":"","overlay-type":"","overlay-color":"","overlay-opacity":"","overlay-gradient":""}}},"product_brand":[],"product_cat":[26],"product_tag":[],"class_list":{"0":"post-29595","1":"product","2":"type-product","3":"status-publish","4":"has-post-thumbnail","6":"product_cat-cursuri-engleza","7":"desktop-align-left","8":"tablet-align-left","9":"mobile-align-left","11":"first","12":"instock","13":"virtual","14":"sold-individually","15":"purchasable","16":"product-type-simple"},"uagb_featured_image_src":{"full":["https:\/\/global-learning.ro\/cursuri-online\/wp-content\/uploads\/2016\/12\/english-Conditionals-jpg.webp",1024,570,false],"thumbnail":["https:\/\/global-learning.ro\/cursuri-online\/wp-content\/uploads\/2016\/12\/english-Conditionals-jpg-150x150.webp",150,150,true],"medium":["https:\/\/global-learning.ro\/cursuri-online\/wp-content\/uploads\/2016\/12\/english-Conditionals-jpg-378x210.webp",378,210,true],"medium_large":["https:\/\/global-learning.ro\/cursuri-online\/wp-content\/uploads\/2016\/12\/english-Conditionals-jpg-768x428.webp",768,428,true],"large":["https:\/\/global-learning.ro\/cursuri-online\/wp-content\/uploads\/2016\/12\/english-Conditionals-jpg-987x549.webp",987,549,true],"1536x1536":["https:\/\/global-learning.ro\/cursuri-online\/wp-content\/uploads\/2016\/12\/english-Conditionals-jpg.webp",1024,570,false],"2048x2048":["https:\/\/global-learning.ro\/cursuri-online\/wp-content\/uploads\/2016\/12\/english-Conditionals-jpg.webp",1024,570,false],"mailpoet_newsletter_max":["https:\/\/global-learning.ro\/cursuri-online\/wp-content\/uploads\/2016\/12\/english-Conditionals-jpg.webp",1024,570,false],"woocommerce_thumbnail":["https:\/\/global-learning.ro\/cursuri-online\/wp-content\/uploads\/2016\/12\/english-Conditionals-jpg-285x159.webp",285,159,true],"woocommerce_single":["https:\/\/global-learning.ro\/cursuri-online\/wp-content\/uploads\/2016\/12\/english-Conditionals-jpg-600x334.webp",600,334,true],"woocommerce_gallery_thumbnail":["https:\/\/global-learning.ro\/cursuri-online\/wp-content\/uploads\/2016\/12\/english-Conditionals-jpg-100x100.webp",100,100,true]},"uagb_author_info":{"display_name":"SEO Undesigned","author_link":"https:\/\/global-learning.ro\/cursuri-online\/author\/"},"uagb_comment_info":0,"uagb_excerpt":"Video + written lessons of Zero, First, Second, Third, Third Conditional with the continuous form of Past Perfect and Mixed Conditionals. PDF downloadable files to use offline. Watch it now to learn HOW\/WHEN to use the conditionals in conversations! Cursul se poate accesa doar online \u00een Platforma Global Learning, \u00een format .PDF, dup\u0103 achizi\u021bie, prin&hellip;","_links":{"self":[{"href":"https:\/\/global-learning.ro\/cursuri-online\/wp-json\/wp\/v2\/product\/29595","targetHints":{"allow":["GET"]}}],"collection":[{"href":"https:\/\/global-learning.ro\/cursuri-online\/wp-json\/wp\/v2\/product"}],"about":[{"href":"https:\/\/global-learning.ro\/cursuri-online\/wp-json\/wp\/v2\/types\/product"}],"replies":[{"embeddable":true,"href":"https:\/\/global-learning.ro\/cursuri-online\/wp-json\/wp\/v2\/comments?post=29595"}],"wp:featuredmedia":[{"embeddable":true,"href":"https:\/\/global-learning.ro\/cursuri-online\/wp-json\/wp\/v2\/media\/29550"}],"wp:attachment":[{"href":"https:\/\/global-learning.ro\/cursuri-online\/wp-json\/wp\/v2\/media?parent=29595"}],"wp:term":[{"taxonomy":"product_brand","embeddable":true,"href":"https:\/\/global-learning.ro\/cursuri-online\/wp-json\/wp\/v2\/product_brand?post=29595"},{"taxonomy":"product_cat","embeddable":true,"href":"https:\/\/global-learning.ro\/cursuri-online\/wp-json\/wp\/v2\/product_cat?post=29595"},{"taxonomy":"product_tag","embeddable":true,"href":"https:\/\/global-learning.ro\/cursuri-online\/wp-json\/wp\/v2\/product_tag?post=29595"}],"curies":[{"name":"wp","href":"https:\/\/api.w.org\/{rel}","templated":true}]}}