{"id":34515,"date":"2021-02-19T14:58:39","date_gmt":"2021-02-19T12:58:39","guid":{"rendered":"https:\/\/www.global-learning.ro\/cursuri-online\/?post_type=product&#038;p=34515"},"modified":"2024-05-23T10:09:55","modified_gmt":"2024-05-23T08:09:55","slug":"curs-online-variante-de-subiecte-admitere-cls-v-romana","status":"publish","type":"product","link":"https:\/\/global-learning.ro\/cursuri-online\/produs\/curs-online-variante-de-subiecte-admitere-cls-v-romana\/","title":{"rendered":"Curs Online &#8211; Modele si variante de subiecte &#8211; examenul de admitere in clasa a V-a limba romana"},"content":{"rendered":"<p>Cursul de fa\u021b\u0103 \u00ee\u0219i propune s\u0103 ofere elevilor de clasa a IV-a, un set de 20 de teste de limb\u0103 \u0219i literatur\u0103 rom\u00e2n\u0103 cu exerci\u021bii rezolvate, de tipul celor care s-au dat de-a lungul anilor, \u00een diferite \u0219coli \u0219i licee din toat\u0103 \u021bara, la examenele de admitere \u00een clasa a V-a. Cursul este valoros, deoarece con\u021bine at\u00e2t sugestii de exerci\u021bii care acoper\u0103 toat\u0103 programa \u0219colar\u0103, c\u00e2t \u0219i metode de rezolvare a acestora, adic\u0103, pe l\u00e2ng\u0103 solu\u021biile exerci\u021biilor de vocabular, gramatic\u0103 &#8230;<\/p>\n<p><strong>Produsul se poate accesa Online \u00een Platforma Global Learning, \u00een format .PDF, dup\u0103 achizi\u021bie, prin contul creat.<\/strong><\/p>\n","protected":false},"excerpt":{"rendered":"<p>Cursul de fa\u021b\u0103 \u00ee\u0219i propune s\u0103 ofere elevilor de clasa a IV-a, un set de 20 de teste de limb\u0103 \u0219i literatur\u0103 rom\u00e2n\u0103 cu exerci\u021bii rezolvate, de tipul celor care s-au dat de-a lungul anilor, \u00een diferite \u0219coli \u0219i licee din toat\u0103 \u021bara, la examenele de admitere \u00een clasa a V-a. Cursul este valoros, deoarece con\u021bine at\u00e2t sugestii de exerci\u021bii care acoper\u0103 toat\u0103 programa \u0219colar\u0103, c\u00e2t \u0219i metode de rezolvare a acestora, adic\u0103, pe l\u00e2ng\u0103 solu\u021biile exerci\u021biilor de vocabular, gramatic\u0103 &#8230;<\/p>\n<p><strong>Produsul se poate accesa Online \u00een Platforma Global Learning, \u00een format .PDF, dup\u0103 achizi\u021bie, prin contul creat.<\/strong><\/p>\n","protected":false},"featured_media":34544,"comment_status":"open","ping_status":"closed","template":"","meta":{"_uag_custom_page_level_css":"","site-sidebar-layout":"default","site-content-layout":"default","ast-site-content-layout":"default","site-content-style":"default","site-sidebar-style":"default","ast-global-header-display":"","ast-banner-title-visibility":"","ast-main-header-display":"","ast-hfb-above-header-display":"","ast-hfb-below-header-display":"","ast-hfb-mobile-header-display":"","site-post-title":"","ast-breadcrumbs-content":"","ast-featured-img":"","footer-sml-layout":"","ast-disable-related-posts":"","theme-transparent-header-meta":"default","adv-header-id-meta":"","stick-header-meta":"","header-above-stick-meta":"","header-main-stick-meta":"","header-below-stick-meta":"","astra-migrate-meta-layouts":"set","ast-page-background-enabled":"default","ast-page-background-meta":{"desktop":{"background-color":"","background-image":"","background-repeat":"repeat","background-position":"center center","background-size":"auto","background-attachment":"scroll","background-type":"","background-media":"","overlay-type":"","overlay-color":"","overlay-opacity":"","overlay-gradient":""},"tablet":{"background-color":"","background-image":"","background-repeat":"repeat","background-position":"center center","background-size":"auto","background-attachment":"scroll","background-type":"","background-media":"","overlay-type":"","overlay-color":"","overlay-opacity":"","overlay-gradient":""},"mobile":{"background-color":"","background-image":"","background-repeat":"repeat","background-position":"center center","background-size":"auto","background-attachment":"scroll","background-type":"","background-media":"","overlay-type":"","overlay-color":"","overlay-opacity":"","overlay-gradient":""}},"ast-content-background-meta":{"desktop":{"background-color":"var(--ast-global-color-5)","background-image":"","background-repeat":"repeat","background-position":"center center","background-size":"auto","background-attachment":"scroll","background-type":"","background-media":"","overlay-type":"","overlay-color":"","overlay-opacity":"","overlay-gradient":""},"tablet":{"background-color":"var(--ast-global-color-5)","background-image":"","background-repeat":"repeat","background-position":"center center","background-size":"auto","background-attachment":"scroll","background-type":"","background-media":"","overlay-type":"","overlay-color":"","overlay-opacity":"","overlay-gradient":""},"mobile":{"background-color":"var(--ast-global-color-5)","background-image":"","background-repeat":"repeat","background-position":"center center","background-size":"auto","background-attachment":"scroll","background-type":"","background-media":"","overlay-type":"","overlay-color":"","overlay-opacity":"","overlay-gradient":""}}},"product_brand":[],"product_cat":[31],"product_tag":[],"class_list":{"0":"post-34515","1":"product","2":"type-product","3":"status-publish","4":"has-post-thumbnail","6":"product_cat-cursuri-romana","7":"desktop-align-left","8":"tablet-align-left","9":"mobile-align-left","11":"first","12":"instock","13":"virtual","14":"purchasable","15":"product-type-simple"},"uagb_featured_image_src":{"full":["https:\/\/global-learning.ro\/cursuri-online\/wp-content\/uploads\/2021\/02\/Admitere-in-clasa-a-Va-imagine-produs-jpg.webp",987,549,false],"thumbnail":["https:\/\/global-learning.ro\/cursuri-online\/wp-content\/uploads\/2021\/02\/Admitere-in-clasa-a-Va-imagine-produs-jpg-150x150.webp",150,150,true],"medium":["https:\/\/global-learning.ro\/cursuri-online\/wp-content\/uploads\/2021\/02\/Admitere-in-clasa-a-Va-imagine-produs-jpg-378x210.webp",378,210,true],"medium_large":["https:\/\/global-learning.ro\/cursuri-online\/wp-content\/uploads\/2021\/02\/Admitere-in-clasa-a-Va-imagine-produs-jpg-768x427.webp",768,427,true],"large":["https:\/\/global-learning.ro\/cursuri-online\/wp-content\/uploads\/2021\/02\/Admitere-in-clasa-a-Va-imagine-produs-jpg.webp",987,549,false],"1536x1536":["https:\/\/global-learning.ro\/cursuri-online\/wp-content\/uploads\/2021\/02\/Admitere-in-clasa-a-Va-imagine-produs-jpg.webp",987,549,false],"2048x2048":["https:\/\/global-learning.ro\/cursuri-online\/wp-content\/uploads\/2021\/02\/Admitere-in-clasa-a-Va-imagine-produs-jpg.webp",987,549,false],"mailpoet_newsletter_max":["https:\/\/global-learning.ro\/cursuri-online\/wp-content\/uploads\/2021\/02\/Admitere-in-clasa-a-Va-imagine-produs-jpg.webp",987,549,false],"woocommerce_thumbnail":["https:\/\/global-learning.ro\/cursuri-online\/wp-content\/uploads\/2021\/02\/Admitere-in-clasa-a-Va-imagine-produs-jpg-285x159.webp",285,159,true],"woocommerce_single":["https:\/\/global-learning.ro\/cursuri-online\/wp-content\/uploads\/2021\/02\/Admitere-in-clasa-a-Va-imagine-produs-jpg-600x334.webp",600,334,true],"woocommerce_gallery_thumbnail":["https:\/\/global-learning.ro\/cursuri-online\/wp-content\/uploads\/2021\/02\/Admitere-in-clasa-a-Va-imagine-produs-jpg-100x100.webp",100,100,true]},"uagb_author_info":{"display_name":"admin","author_link":"https:\/\/global-learning.ro\/cursuri-online\/author\/"},"uagb_comment_info":0,"uagb_excerpt":"Cursul de fa\u021b\u0103 \u00ee\u0219i propune s\u0103 ofere elevilor de clasa a IV-a, un set de 20 de teste de limb\u0103 \u0219i literatur\u0103 rom\u00e2n\u0103 cu exerci\u021bii rezolvate, de tipul celor care s-au dat de-a lungul anilor, \u00een diferite \u0219coli \u0219i licee din toat\u0103 \u021bara, la examenele de admitere \u00een clasa a V-a. Cursul este valoros, deoarece&hellip;","_links":{"self":[{"href":"https:\/\/global-learning.ro\/cursuri-online\/wp-json\/wp\/v2\/product\/34515","targetHints":{"allow":["GET"]}}],"collection":[{"href":"https:\/\/global-learning.ro\/cursuri-online\/wp-json\/wp\/v2\/product"}],"about":[{"href":"https:\/\/global-learning.ro\/cursuri-online\/wp-json\/wp\/v2\/types\/product"}],"replies":[{"embeddable":true,"href":"https:\/\/global-learning.ro\/cursuri-online\/wp-json\/wp\/v2\/comments?post=34515"}],"wp:featuredmedia":[{"embeddable":true,"href":"https:\/\/global-learning.ro\/cursuri-online\/wp-json\/wp\/v2\/media\/34544"}],"wp:attachment":[{"href":"https:\/\/global-learning.ro\/cursuri-online\/wp-json\/wp\/v2\/media?parent=34515"}],"wp:term":[{"taxonomy":"product_brand","embeddable":true,"href":"https:\/\/global-learning.ro\/cursuri-online\/wp-json\/wp\/v2\/product_brand?post=34515"},{"taxonomy":"product_cat","embeddable":true,"href":"https:\/\/global-learning.ro\/cursuri-online\/wp-json\/wp\/v2\/product_cat?post=34515"},{"taxonomy":"product_tag","embeddable":true,"href":"https:\/\/global-learning.ro\/cursuri-online\/wp-json\/wp\/v2\/product_tag?post=34515"}],"curies":[{"name":"wp","href":"https:\/\/api.w.org\/{rel}","templated":true}]}}