{"id":34779,"date":"2021-03-29T10:41:03","date_gmt":"2021-03-29T08:41:03","guid":{"rendered":"https:\/\/www.global-learning.ro\/cursuri-online\/?post_type=product&#038;p=34779"},"modified":"2024-05-23T10:21:11","modified_gmt":"2024-05-23T08:21:11","slug":"primele-mele-propozitii-in-limba-romana-i","status":"publish","type":"product","link":"https:\/\/global-learning.ro\/cursuri-online\/produs\/primele-mele-propozitii-in-limba-romana-i\/","title":{"rendered":"Primele mele propozi\u021bii \u00een limba rom\u00e2n\u0103 &#8211; I"},"content":{"rendered":"<h2><strong><em>Primele mele propozi\u021bii \u00een limba rom\u00e2n\u0103 <\/em><\/strong><\/h2>\n<p>Un produs care con\u021bine 13 videoclipuri animate, exerci\u021bii \u0219i pdf-uri desc\u0103rcabile dup\u0103 fiecare film. Este un curs pentru \u00eencep\u0103tori precum copii, adolescen\u021bi sau orice alt\u0103 v\u00e2rst\u0103.<br \/>\nDe ce este special? Acest lucru se datoreaz\u0103 faptului c\u0103 ve\u021bi g\u0103si un vocabular complex, u\u0219or de re\u021binut \u00a0datorit\u0103 propozi\u021biilor aflate \u00een acord cu imaginile, organizate pe teme diverse, din mediul fiec\u0103ruia dintre noi, cum ar fi: gr\u0103dina, parcul, parcul de distrac\u021bii, strada, benzin\u0103ria.<\/p>\n<p>\u0218i mai mult, la sf\u00e2r\u0219itul fiec\u0103rui videoclip, ve\u021bi g\u0103si altul care con\u021bine vocabularul filmului animat, at\u00e2t verbele, c\u00e2t \u0219i substantivele. O imagine \u0219i o pronun\u021bie \u00eenso\u021besc fiecare cuv\u00e2nt, astfel \u00eenc\u00e2t va fi foarte u\u0219or s\u0103 le aminti\u021bi.<\/p>\n","protected":false},"excerpt":{"rendered":"<p><strong><em>Primele mele propozi\u021bii \u00een limba rom\u00e2n\u0103<\/em><\/strong>, un produs care con\u021bine 13 videoclipuri animate, exerci\u021bii \u0219i pdf-uri desc\u0103rcabile dup\u0103 fiecare film. Este un curs pentru \u00eencep\u0103tori precum copii, adolescen\u021bi sau orice alt\u0103 v\u00e2rst\u0103.<\/p>\n<p><strong>Cursul se poate accesa doar online \u00een Platforma Global Learning, \u00een format .PDF, dup\u0103 achizi\u021bie, prin contul creat.<\/strong><\/p>\n","protected":false},"featured_media":35863,"comment_status":"open","ping_status":"closed","template":"","meta":{"_uag_custom_page_level_css":"","site-sidebar-layout":"default","site-content-layout":"default","ast-site-content-layout":"default","site-content-style":"default","site-sidebar-style":"default","ast-global-header-display":"","ast-banner-title-visibility":"","ast-main-header-display":"","ast-hfb-above-header-display":"","ast-hfb-below-header-display":"","ast-hfb-mobile-header-display":"","site-post-title":"","ast-breadcrumbs-content":"","ast-featured-img":"","footer-sml-layout":"","ast-disable-related-posts":"","theme-transparent-header-meta":"default","adv-header-id-meta":"","stick-header-meta":"","header-above-stick-meta":"","header-main-stick-meta":"","header-below-stick-meta":"","astra-migrate-meta-layouts":"set","ast-page-background-enabled":"default","ast-page-background-meta":{"desktop":{"background-color":"","background-image":"","background-repeat":"repeat","background-position":"center center","background-size":"auto","background-attachment":"scroll","background-type":"","background-media":"","overlay-type":"","overlay-color":"","overlay-opacity":"","overlay-gradient":""},"tablet":{"background-color":"","background-image":"","background-repeat":"repeat","background-position":"center center","background-size":"auto","background-attachment":"scroll","background-type":"","background-media":"","overlay-type":"","overlay-color":"","overlay-opacity":"","overlay-gradient":""},"mobile":{"background-color":"","background-image":"","background-repeat":"repeat","background-position":"center center","background-size":"auto","background-attachment":"scroll","background-type":"","background-media":"","overlay-type":"","overlay-color":"","overlay-opacity":"","overlay-gradient":""}},"ast-content-background-meta":{"desktop":{"background-color":"var(--ast-global-color-5)","background-image":"","background-repeat":"repeat","background-position":"center center","background-size":"auto","background-attachment":"scroll","background-type":"","background-media":"","overlay-type":"","overlay-color":"","overlay-opacity":"","overlay-gradient":""},"tablet":{"background-color":"var(--ast-global-color-5)","background-image":"","background-repeat":"repeat","background-position":"center center","background-size":"auto","background-attachment":"scroll","background-type":"","background-media":"","overlay-type":"","overlay-color":"","overlay-opacity":"","overlay-gradient":""},"mobile":{"background-color":"var(--ast-global-color-5)","background-image":"","background-repeat":"repeat","background-position":"center center","background-size":"auto","background-attachment":"scroll","background-type":"","background-media":"","overlay-type":"","overlay-color":"","overlay-opacity":"","overlay-gradient":""}}},"product_brand":[],"product_cat":[52],"product_tag":[55,45,54,53],"class_list":{"0":"post-34779","1":"product","2":"type-product","3":"status-publish","4":"has-post-thumbnail","6":"product_cat-cursuri-araba","7":"product_tag-invata-romana","8":"product_tag-learn-romanian","9":"product_tag-propozitii-in-araba","10":"product_tag-propozitii-in-romana","11":"desktop-align-left","12":"tablet-align-left","13":"mobile-align-left","15":"first","16":"instock","17":"virtual","18":"purchasable","19":"product-type-simple"},"uagb_featured_image_src":{"full":["https:\/\/global-learning.ro\/cursuri-online\/wp-content\/uploads\/2021\/02\/Primele-mele-propozitii-in-limba-romana-\u2013-partea-intai-jpg.webp",987,549,false],"thumbnail":["https:\/\/global-learning.ro\/cursuri-online\/wp-content\/uploads\/2021\/02\/Primele-mele-propozitii-in-limba-romana-\u2013-partea-intai-jpg-150x150.webp",150,150,true],"medium":["https:\/\/global-learning.ro\/cursuri-online\/wp-content\/uploads\/2021\/02\/Primele-mele-propozitii-in-limba-romana-\u2013-partea-intai-jpg-378x210.webp",378,210,true],"medium_large":["https:\/\/global-learning.ro\/cursuri-online\/wp-content\/uploads\/2021\/02\/Primele-mele-propozitii-in-limba-romana-\u2013-partea-intai-jpg-768x427.webp",768,427,true],"large":["https:\/\/global-learning.ro\/cursuri-online\/wp-content\/uploads\/2021\/02\/Primele-mele-propozitii-in-limba-romana-\u2013-partea-intai-jpg.webp",987,549,false],"1536x1536":["https:\/\/global-learning.ro\/cursuri-online\/wp-content\/uploads\/2021\/02\/Primele-mele-propozitii-in-limba-romana-\u2013-partea-intai-jpg.webp",987,549,false],"2048x2048":["https:\/\/global-learning.ro\/cursuri-online\/wp-content\/uploads\/2021\/02\/Primele-mele-propozitii-in-limba-romana-\u2013-partea-intai-jpg.webp",987,549,false],"mailpoet_newsletter_max":["https:\/\/global-learning.ro\/cursuri-online\/wp-content\/uploads\/2021\/02\/Primele-mele-propozitii-in-limba-romana-\u2013-partea-intai-jpg.webp",987,549,false],"woocommerce_thumbnail":["https:\/\/global-learning.ro\/cursuri-online\/wp-content\/uploads\/2021\/02\/Primele-mele-propozitii-in-limba-romana-\u2013-partea-intai-jpg-285x159.webp",285,159,true],"woocommerce_single":["https:\/\/global-learning.ro\/cursuri-online\/wp-content\/uploads\/2021\/02\/Primele-mele-propozitii-in-limba-romana-\u2013-partea-intai-jpg-600x334.webp",600,334,true],"woocommerce_gallery_thumbnail":["https:\/\/global-learning.ro\/cursuri-online\/wp-content\/uploads\/2021\/02\/Primele-mele-propozitii-in-limba-romana-\u2013-partea-intai-jpg-100x100.webp",100,100,true]},"uagb_author_info":{"display_name":"admin","author_link":"https:\/\/global-learning.ro\/cursuri-online\/author\/"},"uagb_comment_info":0,"uagb_excerpt":"Primele mele propozi\u021bii \u00een limba rom\u00e2n\u0103, un produs care con\u021bine 13 videoclipuri animate, exerci\u021bii \u0219i pdf-uri desc\u0103rcabile dup\u0103 fiecare film. Este un curs pentru \u00eencep\u0103tori precum copii, adolescen\u021bi sau orice alt\u0103 v\u00e2rst\u0103. Cursul se poate accesa doar online \u00een Platforma Global Learning, \u00een format .PDF, dup\u0103 achizi\u021bie, prin contul creat.","_links":{"self":[{"href":"https:\/\/global-learning.ro\/cursuri-online\/wp-json\/wp\/v2\/product\/34779","targetHints":{"allow":["GET"]}}],"collection":[{"href":"https:\/\/global-learning.ro\/cursuri-online\/wp-json\/wp\/v2\/product"}],"about":[{"href":"https:\/\/global-learning.ro\/cursuri-online\/wp-json\/wp\/v2\/types\/product"}],"replies":[{"embeddable":true,"href":"https:\/\/global-learning.ro\/cursuri-online\/wp-json\/wp\/v2\/comments?post=34779"}],"wp:featuredmedia":[{"embeddable":true,"href":"https:\/\/global-learning.ro\/cursuri-online\/wp-json\/wp\/v2\/media\/35863"}],"wp:attachment":[{"href":"https:\/\/global-learning.ro\/cursuri-online\/wp-json\/wp\/v2\/media?parent=34779"}],"wp:term":[{"taxonomy":"product_brand","embeddable":true,"href":"https:\/\/global-learning.ro\/cursuri-online\/wp-json\/wp\/v2\/product_brand?post=34779"},{"taxonomy":"product_cat","embeddable":true,"href":"https:\/\/global-learning.ro\/cursuri-online\/wp-json\/wp\/v2\/product_cat?post=34779"},{"taxonomy":"product_tag","embeddable":true,"href":"https:\/\/global-learning.ro\/cursuri-online\/wp-json\/wp\/v2\/product_tag?post=34779"}],"curies":[{"name":"wp","href":"https:\/\/api.w.org\/{rel}","templated":true}]}}