{"id":36070,"date":"2021-07-06T09:13:49","date_gmt":"2021-07-06T07:13:49","guid":{"rendered":"https:\/\/www.global-learning.ro\/cursuri-online\/?post_type=product&#038;p=36070"},"modified":"2024-11-10T20:01:47","modified_gmt":"2024-11-10T18:01:47","slug":"pre-a1-starters-english-course","status":"publish","type":"product","link":"https:\/\/global-learning.ro\/cursuri-online\/produs\/pre-a1-starters-english-course\/","title":{"rendered":"Pre A1 Starters English Course"},"content":{"rendered":"<p><strong><span style=\"font-size: 20px;\">Pre A1 Starters English Course<\/span><\/strong><\/p>\n<p><span style=\"font-size: 14px;\">Acest produs te ghideaz\u0103 pas cu pas \u00een \u00eenv\u0103\u021barea limbii engleze, \u00ee\u021bi ofer\u0103 <strong>TRADUCEREA \u00ceN LIMBA ROM\u00c2N\u0102<\/strong> astfel \u00eenc\u00e2t s\u0103 ai <strong>SIGURAN\u021aA<\/strong> c\u0103 \u0219tii exact ceea ce spui, \u00ee\u021bi ofer\u0103 explica\u021biile, scheme \u0219i video pentru fiecare lec\u021bie a\u0219a \u00eenc\u00e2t s\u0103 auzi o voce citind \u0219i s\u0103 \u0219tii exact cum se citesc acele cuvinte. <\/span><\/p>\n","protected":false},"excerpt":{"rendered":"<p>Acest produs te ghideaz\u0103 pas cu pas \u00een \u00eenv\u0103\u021barea limbii engleze, \u00ee\u021bi ofer\u0103 <strong>TRADUCEREA \u00ceN LIMBA ROM\u00c2N\u0102<\/strong> astfel \u00eenc\u00e2t s\u0103 ai <strong>SIGURAN\u021aA<\/strong> c\u0103 \u0219tii exact ceea ce spui, \u00ee\u021bi ofer\u0103 explica\u021biile, scheme \u0219i video pentru fiecare lec\u021bie a\u0219a \u00eenc\u00e2t s\u0103 auzi o voce citind \u0219i s\u0103 \u0219tii exact cum se citesc acele cuvinte.<\/p>\n<p><strong>Cursul se poate accesa doar online \u00een Platforma Global Learning, \u00een format .PDF, dup\u0103 achizi\u021bie, prin contul creat.<\/strong><\/p>\n","protected":false},"featured_media":55136,"comment_status":"open","ping_status":"closed","template":"","meta":{"_uag_custom_page_level_css":"","site-sidebar-layout":"default","site-content-layout":"default","ast-site-content-layout":"default","site-content-style":"default","site-sidebar-style":"default","ast-global-header-display":"","ast-banner-title-visibility":"","ast-main-header-display":"","ast-hfb-above-header-display":"","ast-hfb-below-header-display":"","ast-hfb-mobile-header-display":"","site-post-title":"","ast-breadcrumbs-content":"","ast-featured-img":"","footer-sml-layout":"","ast-disable-related-posts":"","theme-transparent-header-meta":"default","adv-header-id-meta":"","stick-header-meta":"","header-above-stick-meta":"","header-main-stick-meta":"","header-below-stick-meta":"","astra-migrate-meta-layouts":"set","ast-page-background-enabled":"default","ast-page-background-meta":{"desktop":{"background-color":"","background-image":"","background-repeat":"repeat","background-position":"center center","background-size":"auto","background-attachment":"scroll","background-type":"","background-media":"","overlay-type":"","overlay-color":"","overlay-opacity":"","overlay-gradient":""},"tablet":{"background-color":"","background-image":"","background-repeat":"repeat","background-position":"center center","background-size":"auto","background-attachment":"scroll","background-type":"","background-media":"","overlay-type":"","overlay-color":"","overlay-opacity":"","overlay-gradient":""},"mobile":{"background-color":"","background-image":"","background-repeat":"repeat","background-position":"center center","background-size":"auto","background-attachment":"scroll","background-type":"","background-media":"","overlay-type":"","overlay-color":"","overlay-opacity":"","overlay-gradient":""}},"ast-content-background-meta":{"desktop":{"background-color":"var(--ast-global-color-5)","background-image":"","background-repeat":"repeat","background-position":"center center","background-size":"auto","background-attachment":"scroll","background-type":"","background-media":"","overlay-type":"","overlay-color":"","overlay-opacity":"","overlay-gradient":""},"tablet":{"background-color":"var(--ast-global-color-5)","background-image":"","background-repeat":"repeat","background-position":"center center","background-size":"auto","background-attachment":"scroll","background-type":"","background-media":"","overlay-type":"","overlay-color":"","overlay-opacity":"","overlay-gradient":""},"mobile":{"background-color":"var(--ast-global-color-5)","background-image":"","background-repeat":"repeat","background-position":"center center","background-size":"auto","background-attachment":"scroll","background-type":"","background-media":"","overlay-type":"","overlay-color":"","overlay-opacity":"","overlay-gradient":""}}},"product_brand":[],"product_cat":[26],"product_tag":[],"class_list":{"0":"post-36070","1":"product","2":"type-product","3":"status-publish","4":"has-post-thumbnail","6":"product_cat-cursuri-engleza","7":"desktop-align-left","8":"tablet-align-left","9":"mobile-align-left","11":"first","12":"instock","13":"virtual","14":"purchasable","15":"product-type-simple"},"uagb_featured_image_src":{"full":["https:\/\/global-learning.ro\/cursuri-online\/wp-content\/uploads\/2021\/07\/Pre-A1-NOU-imagine-FINALA-produs-png.webp",1024,570,false],"thumbnail":["https:\/\/global-learning.ro\/cursuri-online\/wp-content\/uploads\/2021\/07\/Pre-A1-NOU-imagine-FINALA-produs-150x150.webp",150,150,true],"medium":["https:\/\/global-learning.ro\/cursuri-online\/wp-content\/uploads\/2021\/07\/Pre-A1-NOU-imagine-FINALA-produs-378x210.webp",378,210,true],"medium_large":["https:\/\/global-learning.ro\/cursuri-online\/wp-content\/uploads\/2021\/07\/Pre-A1-NOU-imagine-FINALA-produs-768x428.webp",768,428,true],"large":["https:\/\/global-learning.ro\/cursuri-online\/wp-content\/uploads\/2021\/07\/Pre-A1-NOU-imagine-FINALA-produs-987x549.webp",987,549,true],"1536x1536":["https:\/\/global-learning.ro\/cursuri-online\/wp-content\/uploads\/2021\/07\/Pre-A1-NOU-imagine-FINALA-produs-png.webp",1024,570,false],"2048x2048":["https:\/\/global-learning.ro\/cursuri-online\/wp-content\/uploads\/2021\/07\/Pre-A1-NOU-imagine-FINALA-produs-png.webp",1024,570,false],"mailpoet_newsletter_max":["https:\/\/global-learning.ro\/cursuri-online\/wp-content\/uploads\/2021\/07\/Pre-A1-NOU-imagine-FINALA-produs-png.webp",1024,570,false],"woocommerce_thumbnail":["https:\/\/global-learning.ro\/cursuri-online\/wp-content\/uploads\/2021\/07\/Pre-A1-NOU-imagine-FINALA-produs-285x159.webp",285,159,true],"woocommerce_single":["https:\/\/global-learning.ro\/cursuri-online\/wp-content\/uploads\/2021\/07\/Pre-A1-NOU-imagine-FINALA-produs-600x334.webp",600,334,true],"woocommerce_gallery_thumbnail":["https:\/\/global-learning.ro\/cursuri-online\/wp-content\/uploads\/2021\/07\/Pre-A1-NOU-imagine-FINALA-produs-100x100.webp",100,100,true]},"uagb_author_info":{"display_name":"admin","author_link":"https:\/\/global-learning.ro\/cursuri-online\/author\/"},"uagb_comment_info":0,"uagb_excerpt":"Acest produs te ghideaz\u0103 pas cu pas \u00een \u00eenv\u0103\u021barea limbii engleze, \u00ee\u021bi ofer\u0103 TRADUCEREA \u00ceN LIMBA ROM\u00c2N\u0102 astfel \u00eenc\u00e2t s\u0103 ai SIGURAN\u021aA c\u0103 \u0219tii exact ceea ce spui, \u00ee\u021bi ofer\u0103 explica\u021biile, scheme \u0219i video pentru fiecare lec\u021bie a\u0219a \u00eenc\u00e2t s\u0103 auzi o voce citind \u0219i s\u0103 \u0219tii exact cum se citesc acele cuvinte. Cursul se&hellip;","_links":{"self":[{"href":"https:\/\/global-learning.ro\/cursuri-online\/wp-json\/wp\/v2\/product\/36070","targetHints":{"allow":["GET"]}}],"collection":[{"href":"https:\/\/global-learning.ro\/cursuri-online\/wp-json\/wp\/v2\/product"}],"about":[{"href":"https:\/\/global-learning.ro\/cursuri-online\/wp-json\/wp\/v2\/types\/product"}],"replies":[{"embeddable":true,"href":"https:\/\/global-learning.ro\/cursuri-online\/wp-json\/wp\/v2\/comments?post=36070"}],"wp:featuredmedia":[{"embeddable":true,"href":"https:\/\/global-learning.ro\/cursuri-online\/wp-json\/wp\/v2\/media\/55136"}],"wp:attachment":[{"href":"https:\/\/global-learning.ro\/cursuri-online\/wp-json\/wp\/v2\/media?parent=36070"}],"wp:term":[{"taxonomy":"product_brand","embeddable":true,"href":"https:\/\/global-learning.ro\/cursuri-online\/wp-json\/wp\/v2\/product_brand?post=36070"},{"taxonomy":"product_cat","embeddable":true,"href":"https:\/\/global-learning.ro\/cursuri-online\/wp-json\/wp\/v2\/product_cat?post=36070"},{"taxonomy":"product_tag","embeddable":true,"href":"https:\/\/global-learning.ro\/cursuri-online\/wp-json\/wp\/v2\/product_tag?post=36070"}],"curies":[{"name":"wp","href":"https:\/\/api.w.org\/{rel}","templated":true}]}}