{"id":52878,"date":"2022-08-09T07:37:30","date_gmt":"2022-08-09T05:37:30","guid":{"rendered":"https:\/\/www.global-learning.ro\/cursuri-online\/?post_type=product&#038;p=52878"},"modified":"2024-05-23T10:13:13","modified_gmt":"2024-05-23T08:13:13","slug":"elementary-english-course-for-children-a1-a2","status":"publish","type":"product","link":"https:\/\/global-learning.ro\/cursuri-online\/produs\/elementary-english-course-for-children-a1-a2\/","title":{"rendered":"Elementary English Course for Children A1-A2"},"content":{"rendered":"<h2><em><strong>Elementary\u00a0English Course\u00a0for Children A1-A2<\/strong><\/em><\/h2>\n<p>To benefit from effective and beautiful learning completed with great results, Professor Pingui invites your children to join his little penguins class where they can learn together English grammar from the beginner to the intermediate level. This course covers all the grammar in the school curriculum for grades I &#8211; IV, corresponding to the levels from Starter (A1) to Flyers (A2).<\/p>\n","protected":false},"excerpt":{"rendered":"<p>To benefit from effective and beautiful learning completed with great results, Professor Pingui invites your children to join his little penguins class where they can learn together English grammar from the beginner to the intermediate level. This course covers all the grammar in the school curriculum for grades I &#8211; IV, corresponding to the levels from Starter (A1) to Flyers (A2).<\/p>\n<p><strong>Cursul se poate accesa doar online \u00een Platforma Global Learning, \u00een format .PDF, dup\u0103 achizi\u021bie, prin contul creat.<\/strong><\/p>\n","protected":false},"featured_media":52872,"comment_status":"open","ping_status":"closed","template":"","meta":{"_uag_custom_page_level_css":"","site-sidebar-layout":"default","site-content-layout":"default","ast-site-content-layout":"default","site-content-style":"default","site-sidebar-style":"default","ast-global-header-display":"","ast-banner-title-visibility":"","ast-main-header-display":"","ast-hfb-above-header-display":"","ast-hfb-below-header-display":"","ast-hfb-mobile-header-display":"","site-post-title":"","ast-breadcrumbs-content":"","ast-featured-img":"","footer-sml-layout":"","ast-disable-related-posts":"","theme-transparent-header-meta":"default","adv-header-id-meta":"","stick-header-meta":"","header-above-stick-meta":"","header-main-stick-meta":"","header-below-stick-meta":"","astra-migrate-meta-layouts":"set","ast-page-background-enabled":"default","ast-page-background-meta":{"desktop":{"background-color":"","background-image":"","background-repeat":"repeat","background-position":"center center","background-size":"auto","background-attachment":"scroll","background-type":"","background-media":"","overlay-type":"","overlay-color":"","overlay-opacity":"","overlay-gradient":""},"tablet":{"background-color":"","background-image":"","background-repeat":"repeat","background-position":"center center","background-size":"auto","background-attachment":"scroll","background-type":"","background-media":"","overlay-type":"","overlay-color":"","overlay-opacity":"","overlay-gradient":""},"mobile":{"background-color":"","background-image":"","background-repeat":"repeat","background-position":"center center","background-size":"auto","background-attachment":"scroll","background-type":"","background-media":"","overlay-type":"","overlay-color":"","overlay-opacity":"","overlay-gradient":""}},"ast-content-background-meta":{"desktop":{"background-color":"var(--ast-global-color-5)","background-image":"","background-repeat":"repeat","background-position":"center center","background-size":"auto","background-attachment":"scroll","background-type":"","background-media":"","overlay-type":"","overlay-color":"","overlay-opacity":"","overlay-gradient":""},"tablet":{"background-color":"var(--ast-global-color-5)","background-image":"","background-repeat":"repeat","background-position":"center center","background-size":"auto","background-attachment":"scroll","background-type":"","background-media":"","overlay-type":"","overlay-color":"","overlay-opacity":"","overlay-gradient":""},"mobile":{"background-color":"var(--ast-global-color-5)","background-image":"","background-repeat":"repeat","background-position":"center center","background-size":"auto","background-attachment":"scroll","background-type":"","background-media":"","overlay-type":"","overlay-color":"","overlay-opacity":"","overlay-gradient":""}}},"product_brand":[],"product_cat":[26],"product_tag":[],"class_list":{"0":"post-52878","1":"product","2":"type-product","3":"status-publish","4":"has-post-thumbnail","6":"product_cat-cursuri-engleza","7":"desktop-align-left","8":"tablet-align-left","9":"mobile-align-left","11":"first","12":"instock","13":"virtual","14":"purchasable","15":"product-type-simple"},"uagb_featured_image_src":{"full":["https:\/\/global-learning.ro\/cursuri-online\/wp-content\/uploads\/2021\/11\/Engleza-Copii-A1-A2-imagine-FINALA-produs-png.webp",1024,570,false],"thumbnail":["https:\/\/global-learning.ro\/cursuri-online\/wp-content\/uploads\/2021\/11\/Engleza-Copii-A1-A2-imagine-FINALA-produs-150x150.webp",150,150,true],"medium":["https:\/\/global-learning.ro\/cursuri-online\/wp-content\/uploads\/2021\/11\/Engleza-Copii-A1-A2-imagine-FINALA-produs-378x210.webp",378,210,true],"medium_large":["https:\/\/global-learning.ro\/cursuri-online\/wp-content\/uploads\/2021\/11\/Engleza-Copii-A1-A2-imagine-FINALA-produs-768x428.webp",768,428,true],"large":["https:\/\/global-learning.ro\/cursuri-online\/wp-content\/uploads\/2021\/11\/Engleza-Copii-A1-A2-imagine-FINALA-produs-987x549.webp",987,549,true],"1536x1536":["https:\/\/global-learning.ro\/cursuri-online\/wp-content\/uploads\/2021\/11\/Engleza-Copii-A1-A2-imagine-FINALA-produs-png.webp",1024,570,false],"2048x2048":["https:\/\/global-learning.ro\/cursuri-online\/wp-content\/uploads\/2021\/11\/Engleza-Copii-A1-A2-imagine-FINALA-produs-png.webp",1024,570,false],"mailpoet_newsletter_max":["https:\/\/global-learning.ro\/cursuri-online\/wp-content\/uploads\/2021\/11\/Engleza-Copii-A1-A2-imagine-FINALA-produs-png.webp",1024,570,false],"woocommerce_thumbnail":["https:\/\/global-learning.ro\/cursuri-online\/wp-content\/uploads\/2021\/11\/Engleza-Copii-A1-A2-imagine-FINALA-produs-285x159.webp",285,159,true],"woocommerce_single":["https:\/\/global-learning.ro\/cursuri-online\/wp-content\/uploads\/2021\/11\/Engleza-Copii-A1-A2-imagine-FINALA-produs-600x334.webp",600,334,true],"woocommerce_gallery_thumbnail":["https:\/\/global-learning.ro\/cursuri-online\/wp-content\/uploads\/2021\/11\/Engleza-Copii-A1-A2-imagine-FINALA-produs-100x100.webp",100,100,true]},"uagb_author_info":{"display_name":"admin","author_link":"https:\/\/global-learning.ro\/cursuri-online\/author\/"},"uagb_comment_info":1,"uagb_excerpt":"To benefit from effective and beautiful learning completed with great results, Professor Pingui invites your children to join his little penguins class where they can learn together English grammar from the beginner to the intermediate level. This course covers all the grammar in the school curriculum for grades I - IV, corresponding to the levels&hellip;","_links":{"self":[{"href":"https:\/\/global-learning.ro\/cursuri-online\/wp-json\/wp\/v2\/product\/52878","targetHints":{"allow":["GET"]}}],"collection":[{"href":"https:\/\/global-learning.ro\/cursuri-online\/wp-json\/wp\/v2\/product"}],"about":[{"href":"https:\/\/global-learning.ro\/cursuri-online\/wp-json\/wp\/v2\/types\/product"}],"replies":[{"embeddable":true,"href":"https:\/\/global-learning.ro\/cursuri-online\/wp-json\/wp\/v2\/comments?post=52878"}],"wp:featuredmedia":[{"embeddable":true,"href":"https:\/\/global-learning.ro\/cursuri-online\/wp-json\/wp\/v2\/media\/52872"}],"wp:attachment":[{"href":"https:\/\/global-learning.ro\/cursuri-online\/wp-json\/wp\/v2\/media?parent=52878"}],"wp:term":[{"taxonomy":"product_brand","embeddable":true,"href":"https:\/\/global-learning.ro\/cursuri-online\/wp-json\/wp\/v2\/product_brand?post=52878"},{"taxonomy":"product_cat","embeddable":true,"href":"https:\/\/global-learning.ro\/cursuri-online\/wp-json\/wp\/v2\/product_cat?post=52878"},{"taxonomy":"product_tag","embeddable":true,"href":"https:\/\/global-learning.ro\/cursuri-online\/wp-json\/wp\/v2\/product_tag?post=52878"}],"curies":[{"name":"wp","href":"https:\/\/api.w.org\/{rel}","templated":true}]}}