{"id":55072,"date":"2023-08-01T13:19:19","date_gmt":"2023-08-01T11:19:19","guid":{"rendered":"https:\/\/www.global-learning.ro\/cursuri-online\/?post_type=product&#038;p=55072"},"modified":"2024-11-22T14:51:47","modified_gmt":"2024-11-22T12:51:47","slug":"die-geschichte-der-drei-kleinen-ger-rom","status":"publish","type":"product","link":"https:\/\/global-learning.ro\/cursuri-online\/produs\/die-geschichte-der-drei-kleinen-ger-rom\/","title":{"rendered":"Die Geschichte der drei Kleinen \u2013 Povestea celor trei micuti"},"content":{"rendered":"<p>Ihr Kind wird sich freuen, mit den beiden Figuren Chipy und Hammy Rum\u00e4nisch und Deutsch zu lernen.<\/p>\r\n<p>Es waren einmal eine kleine Maus, Chipy, und ein kleiner weisser Hamster, Hammy. Sie lebten beide in dem Haus einer alten Dame.<\/p>\r\n<p>Die alte Dame wusste nur von dem Hamster, sie hatte keine Ahnung, dass eine andere Maus in einem Loch des Hauses war.<\/p>\r\n<p>Au fost odat\u0103 un \u015foricel mic, Chipy \u015fi un mic hamster alb, Hammy. Ei am\u00e2ndoi locuiau \u00een casa unei doamne \u00een v\u00e2rst\u0103.<\/p>\r\n<p>Doamna \u00een v\u00e2rst\u0103 \u015ftia doar de hamster \u015fi nu avea nici o idee c\u0103 se afla \u015fi un alt \u015foricel \u00een gaura casei.<\/p>\r\n<p><strong>Produsul se poate accesa Online \u00een Platforma Global Learning, \u00een format .PDF, dup\u0103 achizi\u021bie, prin contul creat.<\/strong><\/p>\r\n<p><\/p><!-- \/wp:post-content -->","protected":false},"excerpt":{"rendered":"<p>Ihr Kind wird sich freuen, mit den beiden Figuren Chipy und Hammy Englisch und Deutsch zu lernen.<\/p>\n<p>Es waren einmal eine kleine Maus, Chipy, und ein kleiner weisser Hamster, Hammy. Sie lebten beide in dem Haus einer alten Dame. Die alte Dame wusste nur von dem Hamster, sie hatte keine Ahnung, dass eine andere Maus in einem Loch des Hauses war.<\/p>\n<p><strong>Produsul se poate accesa Online \u00een Platforma Global Learning, \u00een format .PDF, dup\u0103 achizi\u021bie, prin contul creat.<\/strong><\/p>\n","protected":false},"featured_media":55065,"comment_status":"open","ping_status":"closed","template":"","meta":{"_uag_custom_page_level_css":"","site-sidebar-layout":"default","site-content-layout":"default","ast-site-content-layout":"default","site-content-style":"default","site-sidebar-style":"default","ast-global-header-display":"","ast-banner-title-visibility":"","ast-main-header-display":"","ast-hfb-above-header-display":"","ast-hfb-below-header-display":"","ast-hfb-mobile-header-display":"","site-post-title":"","ast-breadcrumbs-content":"","ast-featured-img":"","footer-sml-layout":"","ast-disable-related-posts":"","theme-transparent-header-meta":"default","adv-header-id-meta":"","stick-header-meta":"","header-above-stick-meta":"","header-main-stick-meta":"","header-below-stick-meta":"","astra-migrate-meta-layouts":"set","ast-page-background-enabled":"default","ast-page-background-meta":{"desktop":{"background-color":"","background-image":"","background-repeat":"repeat","background-position":"center center","background-size":"auto","background-attachment":"scroll","background-type":"","background-media":"","overlay-type":"","overlay-color":"","overlay-opacity":"","overlay-gradient":""},"tablet":{"background-color":"","background-image":"","background-repeat":"repeat","background-position":"center center","background-size":"auto","background-attachment":"scroll","background-type":"","background-media":"","overlay-type":"","overlay-color":"","overlay-opacity":"","overlay-gradient":""},"mobile":{"background-color":"","background-image":"","background-repeat":"repeat","background-position":"center center","background-size":"auto","background-attachment":"scroll","background-type":"","background-media":"","overlay-type":"","overlay-color":"","overlay-opacity":"","overlay-gradient":""}},"ast-content-background-meta":{"desktop":{"background-color":"var(--ast-global-color-5)","background-image":"","background-repeat":"repeat","background-position":"center center","background-size":"auto","background-attachment":"scroll","background-type":"","background-media":"","overlay-type":"","overlay-color":"","overlay-opacity":"","overlay-gradient":""},"tablet":{"background-color":"var(--ast-global-color-5)","background-image":"","background-repeat":"repeat","background-position":"center center","background-size":"auto","background-attachment":"scroll","background-type":"","background-media":"","overlay-type":"","overlay-color":"","overlay-opacity":"","overlay-gradient":""},"mobile":{"background-color":"var(--ast-global-color-5)","background-image":"","background-repeat":"repeat","background-position":"center center","background-size":"auto","background-attachment":"scroll","background-type":"","background-media":"","overlay-type":"","overlay-color":"","overlay-opacity":"","overlay-gradient":""}}},"product_brand":[],"product_cat":[109],"product_tag":[],"class_list":{"0":"post-55072","1":"product","2":"type-product","3":"status-publish","4":"has-post-thumbnail","6":"product_cat-carti-digitale","7":"desktop-align-left","8":"tablet-align-left","9":"mobile-align-left","11":"first","12":"instock","13":"downloadable","14":"virtual","15":"purchasable","16":"product-type-simple"},"uagb_featured_image_src":{"full":["https:\/\/global-learning.ro\/cursuri-online\/wp-content\/uploads\/2023\/08\/The-story-of-GER-RO-imagine-FINALA-produs-png.webp",1024,570,false],"thumbnail":["https:\/\/global-learning.ro\/cursuri-online\/wp-content\/uploads\/2023\/08\/The-story-of-GER-RO-imagine-FINALA-produs-150x150.webp",150,150,true],"medium":["https:\/\/global-learning.ro\/cursuri-online\/wp-content\/uploads\/2023\/08\/The-story-of-GER-RO-imagine-FINALA-produs-378x210.webp",378,210,true],"medium_large":["https:\/\/global-learning.ro\/cursuri-online\/wp-content\/uploads\/2023\/08\/The-story-of-GER-RO-imagine-FINALA-produs-768x428.webp",768,428,true],"large":["https:\/\/global-learning.ro\/cursuri-online\/wp-content\/uploads\/2023\/08\/The-story-of-GER-RO-imagine-FINALA-produs-987x549.webp",987,549,true],"1536x1536":["https:\/\/global-learning.ro\/cursuri-online\/wp-content\/uploads\/2023\/08\/The-story-of-GER-RO-imagine-FINALA-produs-png.webp",1024,570,false],"2048x2048":["https:\/\/global-learning.ro\/cursuri-online\/wp-content\/uploads\/2023\/08\/The-story-of-GER-RO-imagine-FINALA-produs-png.webp",1024,570,false],"mailpoet_newsletter_max":["https:\/\/global-learning.ro\/cursuri-online\/wp-content\/uploads\/2023\/08\/The-story-of-GER-RO-imagine-FINALA-produs-png.webp",1024,570,false],"woocommerce_thumbnail":["https:\/\/global-learning.ro\/cursuri-online\/wp-content\/uploads\/2023\/08\/The-story-of-GER-RO-imagine-FINALA-produs-285x159.webp",285,159,true],"woocommerce_single":["https:\/\/global-learning.ro\/cursuri-online\/wp-content\/uploads\/2023\/08\/The-story-of-GER-RO-imagine-FINALA-produs-600x334.webp",600,334,true],"woocommerce_gallery_thumbnail":["https:\/\/global-learning.ro\/cursuri-online\/wp-content\/uploads\/2023\/08\/The-story-of-GER-RO-imagine-FINALA-produs-100x100.webp",100,100,true]},"uagb_author_info":{"display_name":"admin","author_link":"https:\/\/global-learning.ro\/cursuri-online\/author\/"},"uagb_comment_info":0,"uagb_excerpt":"Ihr Kind wird sich freuen, mit den beiden Figuren Chipy und Hammy Englisch und Deutsch zu lernen. Es waren einmal eine kleine Maus, Chipy, und ein kleiner weisser Hamster, Hammy. Sie lebten beide in dem Haus einer alten Dame. Die alte Dame wusste nur von dem Hamster, sie hatte keine Ahnung, dass eine andere Maus&hellip;","_links":{"self":[{"href":"https:\/\/global-learning.ro\/cursuri-online\/wp-json\/wp\/v2\/product\/55072","targetHints":{"allow":["GET"]}}],"collection":[{"href":"https:\/\/global-learning.ro\/cursuri-online\/wp-json\/wp\/v2\/product"}],"about":[{"href":"https:\/\/global-learning.ro\/cursuri-online\/wp-json\/wp\/v2\/types\/product"}],"replies":[{"embeddable":true,"href":"https:\/\/global-learning.ro\/cursuri-online\/wp-json\/wp\/v2\/comments?post=55072"}],"wp:featuredmedia":[{"embeddable":true,"href":"https:\/\/global-learning.ro\/cursuri-online\/wp-json\/wp\/v2\/media\/55065"}],"wp:attachment":[{"href":"https:\/\/global-learning.ro\/cursuri-online\/wp-json\/wp\/v2\/media?parent=55072"}],"wp:term":[{"taxonomy":"product_brand","embeddable":true,"href":"https:\/\/global-learning.ro\/cursuri-online\/wp-json\/wp\/v2\/product_brand?post=55072"},{"taxonomy":"product_cat","embeddable":true,"href":"https:\/\/global-learning.ro\/cursuri-online\/wp-json\/wp\/v2\/product_cat?post=55072"},{"taxonomy":"product_tag","embeddable":true,"href":"https:\/\/global-learning.ro\/cursuri-online\/wp-json\/wp\/v2\/product_tag?post=55072"}],"curies":[{"name":"wp","href":"https:\/\/api.w.org\/{rel}","templated":true}]}}