{"id":55239,"date":"2023-11-08T12:03:21","date_gmt":"2023-11-08T10:03:21","guid":{"rendered":"https:\/\/www.global-learning.ro\/cursuri-online\/?post_type=product&#038;p=55239"},"modified":"2025-10-14T16:04:38","modified_gmt":"2025-10-14T13:04:38","slug":"e-book-pre-a1-starters-english","status":"publish","type":"product","link":"https:\/\/global-learning.ro\/cursuri-online\/produs\/e-book-pre-a1-starters-english\/","title":{"rendered":"E-book Pre A1 Starters English"},"content":{"rendered":"","protected":false},"excerpt":{"rendered":"<p>E-book Pre A1 Starters English &#8211; Cum s\u0103 VORBE\u0218TI \u00een limba englez\u0103 atunci c\u00e2nd e\u0219ti \u00eencep\u0103tor de la zero<\/p>\n<p><strong>Produsul se poate accesa Online \u00een Platforma Global Learning, \u00een format .PDF, dup\u0103 achizi\u021bie, prin contul creat.<\/strong><\/p>\n","protected":false},"featured_media":55251,"comment_status":"open","ping_status":"closed","template":"","meta":{"_uag_custom_page_level_css":"","site-sidebar-layout":"default","site-content-layout":"","ast-site-content-layout":"default","site-content-style":"default","site-sidebar-style":"default","ast-global-header-display":"","ast-banner-title-visibility":"","ast-main-header-display":"","ast-hfb-above-header-display":"","ast-hfb-below-header-display":"","ast-hfb-mobile-header-display":"","site-post-title":"","ast-breadcrumbs-content":"","ast-featured-img":"","footer-sml-layout":"","ast-disable-related-posts":"","theme-transparent-header-meta":"default","adv-header-id-meta":"","stick-header-meta":"","header-above-stick-meta":"","header-main-stick-meta":"","header-below-stick-meta":"","astra-migrate-meta-layouts":"set","ast-page-background-enabled":"default","ast-page-background-meta":{"desktop":{"background-color":"","background-image":"","background-repeat":"repeat","background-position":"center center","background-size":"auto","background-attachment":"scroll","background-type":"","background-media":"","overlay-type":"","overlay-color":"","overlay-opacity":"","overlay-gradient":""},"tablet":{"background-color":"","background-image":"","background-repeat":"repeat","background-position":"center center","background-size":"auto","background-attachment":"scroll","background-type":"","background-media":"","overlay-type":"","overlay-color":"","overlay-opacity":"","overlay-gradient":""},"mobile":{"background-color":"","background-image":"","background-repeat":"repeat","background-position":"center center","background-size":"auto","background-attachment":"scroll","background-type":"","background-media":"","overlay-type":"","overlay-color":"","overlay-opacity":"","overlay-gradient":""}},"ast-content-background-meta":{"desktop":{"background-color":"var(--ast-global-color-5)","background-image":"","background-repeat":"repeat","background-position":"center center","background-size":"auto","background-attachment":"scroll","background-type":"","background-media":"","overlay-type":"","overlay-color":"","overlay-opacity":"","overlay-gradient":""},"tablet":{"background-color":"var(--ast-global-color-5)","background-image":"","background-repeat":"repeat","background-position":"center center","background-size":"auto","background-attachment":"scroll","background-type":"","background-media":"","overlay-type":"","overlay-color":"","overlay-opacity":"","overlay-gradient":""},"mobile":{"background-color":"var(--ast-global-color-5)","background-image":"","background-repeat":"repeat","background-position":"center center","background-size":"auto","background-attachment":"scroll","background-type":"","background-media":"","overlay-type":"","overlay-color":"","overlay-opacity":"","overlay-gradient":""}}},"product_brand":[],"product_cat":[109],"product_tag":[],"class_list":{"0":"post-55239","1":"product","2":"type-product","3":"status-publish","4":"has-post-thumbnail","6":"product_cat-carti-digitale","7":"desktop-align-left","8":"tablet-align-left","9":"mobile-align-left","11":"first","12":"instock","13":"downloadable","14":"virtual","15":"purchasable","16":"product-type-simple"},"uagb_featured_image_src":{"full":["https:\/\/global-learning.ro\/cursuri-online\/wp-content\/uploads\/2023\/11\/E-book-Pre-A1-Starters-English-1-jpg.webp",1024,570,false],"thumbnail":["https:\/\/global-learning.ro\/cursuri-online\/wp-content\/uploads\/2023\/11\/E-book-Pre-A1-Starters-English-1-jpg-150x150.webp",150,150,true],"medium":["https:\/\/global-learning.ro\/cursuri-online\/wp-content\/uploads\/2023\/11\/E-book-Pre-A1-Starters-English-1-jpg-378x210.webp",378,210,true],"medium_large":["https:\/\/global-learning.ro\/cursuri-online\/wp-content\/uploads\/2023\/11\/E-book-Pre-A1-Starters-English-1-jpg-768x428.webp",768,428,true],"large":["https:\/\/global-learning.ro\/cursuri-online\/wp-content\/uploads\/2023\/11\/E-book-Pre-A1-Starters-English-1-jpg-987x549.webp",987,549,true],"1536x1536":["https:\/\/global-learning.ro\/cursuri-online\/wp-content\/uploads\/2023\/11\/E-book-Pre-A1-Starters-English-1-jpg.webp",1024,570,false],"2048x2048":["https:\/\/global-learning.ro\/cursuri-online\/wp-content\/uploads\/2023\/11\/E-book-Pre-A1-Starters-English-1-jpg.webp",1024,570,false],"mailpoet_newsletter_max":["https:\/\/global-learning.ro\/cursuri-online\/wp-content\/uploads\/2023\/11\/E-book-Pre-A1-Starters-English-1-jpg.webp",1024,570,false],"woocommerce_thumbnail":["https:\/\/global-learning.ro\/cursuri-online\/wp-content\/uploads\/2023\/11\/E-book-Pre-A1-Starters-English-1-jpg-285x159.webp",285,159,true],"woocommerce_single":["https:\/\/global-learning.ro\/cursuri-online\/wp-content\/uploads\/2023\/11\/E-book-Pre-A1-Starters-English-1-jpg-600x334.webp",600,334,true],"woocommerce_gallery_thumbnail":["https:\/\/global-learning.ro\/cursuri-online\/wp-content\/uploads\/2023\/11\/E-book-Pre-A1-Starters-English-1-jpg-100x100.webp",100,100,true]},"uagb_author_info":{"display_name":"SEO Undesigned","author_link":"https:\/\/global-learning.ro\/cursuri-online\/author\/"},"uagb_comment_info":0,"uagb_excerpt":"E-book Pre A1 Starters English - Cum s\u0103 VORBE\u0218TI \u00een limba englez\u0103 atunci c\u00e2nd e\u0219ti \u00eencep\u0103tor de la zero Produsul se poate accesa Online \u00een Platforma Global Learning, \u00een format .PDF, dup\u0103 achizi\u021bie, prin contul creat.","_links":{"self":[{"href":"https:\/\/global-learning.ro\/cursuri-online\/wp-json\/wp\/v2\/product\/55239","targetHints":{"allow":["GET"]}}],"collection":[{"href":"https:\/\/global-learning.ro\/cursuri-online\/wp-json\/wp\/v2\/product"}],"about":[{"href":"https:\/\/global-learning.ro\/cursuri-online\/wp-json\/wp\/v2\/types\/product"}],"replies":[{"embeddable":true,"href":"https:\/\/global-learning.ro\/cursuri-online\/wp-json\/wp\/v2\/comments?post=55239"}],"wp:featuredmedia":[{"embeddable":true,"href":"https:\/\/global-learning.ro\/cursuri-online\/wp-json\/wp\/v2\/media\/55251"}],"wp:attachment":[{"href":"https:\/\/global-learning.ro\/cursuri-online\/wp-json\/wp\/v2\/media?parent=55239"}],"wp:term":[{"taxonomy":"product_brand","embeddable":true,"href":"https:\/\/global-learning.ro\/cursuri-online\/wp-json\/wp\/v2\/product_brand?post=55239"},{"taxonomy":"product_cat","embeddable":true,"href":"https:\/\/global-learning.ro\/cursuri-online\/wp-json\/wp\/v2\/product_cat?post=55239"},{"taxonomy":"product_tag","embeddable":true,"href":"https:\/\/global-learning.ro\/cursuri-online\/wp-json\/wp\/v2\/product_tag?post=55239"}],"curies":[{"name":"wp","href":"https:\/\/api.w.org\/{rel}","templated":true}]}}