{"id":57539,"date":"2026-05-06T17:56:38","date_gmt":"2026-05-06T14:56:38","guid":{"rendered":"https:\/\/global-learning.ro\/cursuri-online\/?post_type=product&#038;p=57539"},"modified":"2026-05-06T18:14:08","modified_gmt":"2026-05-06T15:14:08","slug":"pregatire-examen-cambridge-c1-cae-certif-advanced-english","status":"publish","type":"product","link":"https:\/\/global-learning.ro\/cursuri-online\/produs\/pregatire-examen-cambridge-c1-cae-certif-advanced-english\/","title":{"rendered":"Preg\u0103tire Examen Cambridge nivel C1 &#8211; CAE &#8211; Certificate \u00een Advanced English"},"content":{"rendered":"<p>Curs de limba englez\u0103 de preg\u0103tire complet\u0103 pentru examenul Cambridge \u00een vederea ob\u021binerii certificatului CAE \u2013 C1.<\/p>\r\n<p>Acesta este un MODUL INTENSIV de preg\u0103tire CU PROFESOR pentru examenul CAE.<\/p>\r\n<p><strong>CURS CU PROFESOR \u2013 ONLINE (ZOOM) \u2013 20 \u0219edin\u021be a 2 ore \u0219edin\u021ba (se va achita conform contractului primit de le Global Learning la cererea dumneavoastr\u0103 de \u00eenscriere trimis\u0103 la info@global-learning.ro).<\/strong><\/p>\r\n<p>Vei participa pe toat\u0103 durata modulului la toate cursurile pentru cele 4 probe: reading, writing, speaking and listening.<\/p>\r\n<p>\u2713 Abordare integral\u0103, se vor lucra materiale dup\u0103 modelul celor de la examen!<\/p>\r\n<p>\u2713 Dac\u0103 vei lipsi, vei primi un link unde vei g\u0103si timp de 48 de ore \u0219edin\u021ba \u00eenregistrat\u0103!<\/p>\r\n<p>\u2713 Materiale \u0219i mentori la dispozi\u021bia ta!<\/p>\r\n<p>\u2713 Cuprinde \u0219i recapitulare a gramaticii!<\/p>\r\n<p>\u2713 Cuprinde recomand\u0103ri personalizate de \u00eenv\u0103\u021bare!<\/p>\r\n<p>\u2713 Cuprinde o sesiune exclusiv\u0103 de simulare a examenului!<\/p>\r\n<p><strong>Taxa de examinare nu intr\u0103 \u00een acest cost. Pe aceasta o pl\u0103te\u015fte cursantul numai dac\u0103 dore\u015fte \u00eenscrierea la examenul de la British Council, \u00eenscriere pe care o putem efectua noi \u015fi are un pre\u0163 separat, stabilit de Centrul de Examinare British Council.<\/strong><\/p>\r\n<p><!-- \/wp:post-content --><\/p><!-- \/wp:freeform -->","protected":false},"excerpt":{"rendered":"<p>Curs de limba englez\u0103 de preg\u0103tire complet\u0103 pentru examenul Cambridge \u00een vederea ob\u021binerii certificatului CAE \u2013 C1<\/p>\n<p><!-- \/wp:list --><\/p>\n<p><strong>CURS CU PROFESOR \u2013 ONLINE (ZOOM) \u2013 20 \u0219edin\u021be a 2 ore \u0219edin\u021ba (se va achita conform contractului primit de le Global Learning la cererea dumneavoastr\u0103 de \u00eenscriere trimis\u0103 la info@global-learning.ro).<\/strong><\/p>\n","protected":false},"featured_media":57540,"comment_status":"open","ping_status":"closed","template":"","meta":{"_uag_custom_page_level_css":"","site-sidebar-layout":"default","site-content-layout":"default","ast-site-content-layout":"default","site-content-style":"default","site-sidebar-style":"default","ast-global-header-display":"","ast-banner-title-visibility":"","ast-main-header-display":"","ast-hfb-above-header-display":"","ast-hfb-below-header-display":"","ast-hfb-mobile-header-display":"","site-post-title":"","ast-breadcrumbs-content":"","ast-featured-img":"","footer-sml-layout":"","ast-disable-related-posts":"","theme-transparent-header-meta":"default","adv-header-id-meta":"","stick-header-meta":"","header-above-stick-meta":"","header-main-stick-meta":"","header-below-stick-meta":"","astra-migrate-meta-layouts":"set","ast-page-background-enabled":"default","ast-page-background-meta":{"desktop":{"background-color":"","background-image":"","background-repeat":"repeat","background-position":"center center","background-size":"auto","background-attachment":"scroll","background-type":"","background-media":"","overlay-type":"","overlay-color":"","overlay-opacity":"","overlay-gradient":""},"tablet":{"background-color":"","background-image":"","background-repeat":"repeat","background-position":"center center","background-size":"auto","background-attachment":"scroll","background-type":"","background-media":"","overlay-type":"","overlay-color":"","overlay-opacity":"","overlay-gradient":""},"mobile":{"background-color":"","background-image":"","background-repeat":"repeat","background-position":"center center","background-size":"auto","background-attachment":"scroll","background-type":"","background-media":"","overlay-type":"","overlay-color":"","overlay-opacity":"","overlay-gradient":""}},"ast-content-background-meta":{"desktop":{"background-color":"var(--ast-global-color-5)","background-image":"","background-repeat":"repeat","background-position":"center center","background-size":"auto","background-attachment":"scroll","background-type":"","background-media":"","overlay-type":"","overlay-color":"","overlay-opacity":"","overlay-gradient":""},"tablet":{"background-color":"var(--ast-global-color-5)","background-image":"","background-repeat":"repeat","background-position":"center center","background-size":"auto","background-attachment":"scroll","background-type":"","background-media":"","overlay-type":"","overlay-color":"","overlay-opacity":"","overlay-gradient":""},"mobile":{"background-color":"var(--ast-global-color-5)","background-image":"","background-repeat":"repeat","background-position":"center center","background-size":"auto","background-attachment":"scroll","background-type":"","background-media":"","overlay-type":"","overlay-color":"","overlay-opacity":"","overlay-gradient":""}}},"product_brand":[],"product_cat":[26],"product_tag":[],"class_list":{"0":"post-57539","1":"product","2":"type-product","3":"status-publish","4":"has-post-thumbnail","6":"product_cat-cursuri-engleza","7":"desktop-align-left","8":"tablet-align-left","9":"mobile-align-left","11":"first","12":"instock","13":"virtual","14":"sold-individually","15":"purchasable","16":"product-type-course"},"uagb_featured_image_src":{"full":["https:\/\/global-learning.ro\/cursuri-online\/wp-content\/uploads\/2026\/05\/Cambridge-nivel-C1-CAE.avif",1680,936,false],"thumbnail":["https:\/\/global-learning.ro\/cursuri-online\/wp-content\/uploads\/2026\/05\/Cambridge-nivel-C1-CAE-150x150.avif",150,150,true],"medium":["https:\/\/global-learning.ro\/cursuri-online\/wp-content\/uploads\/2026\/05\/Cambridge-nivel-C1-CAE-378x211.avif",378,211,true],"medium_large":["https:\/\/global-learning.ro\/cursuri-online\/wp-content\/uploads\/2026\/05\/Cambridge-nivel-C1-CAE-768x428.avif",768,428,true],"large":["https:\/\/global-learning.ro\/cursuri-online\/wp-content\/uploads\/2026\/05\/Cambridge-nivel-C1-CAE-987x550.avif",987,550,true],"1536x1536":["https:\/\/global-learning.ro\/cursuri-online\/wp-content\/uploads\/2026\/05\/Cambridge-nivel-C1-CAE-1536x856.avif",1536,856,true],"2048x2048":["https:\/\/global-learning.ro\/cursuri-online\/wp-content\/uploads\/2026\/05\/Cambridge-nivel-C1-CAE.avif",1680,936,false],"mailpoet_newsletter_max":["https:\/\/global-learning.ro\/cursuri-online\/wp-content\/uploads\/2026\/05\/Cambridge-nivel-C1-CAE-1320x735.avif",1320,735,true],"woocommerce_thumbnail":["https:\/\/global-learning.ro\/cursuri-online\/wp-content\/uploads\/2026\/05\/Cambridge-nivel-C1-CAE-285x159.avif",285,159,true],"woocommerce_single":["https:\/\/global-learning.ro\/cursuri-online\/wp-content\/uploads\/2026\/05\/Cambridge-nivel-C1-CAE-600x334.avif",600,334,true],"woocommerce_gallery_thumbnail":["https:\/\/global-learning.ro\/cursuri-online\/wp-content\/uploads\/2026\/05\/Cambridge-nivel-C1-CAE-100x100.avif",100,100,true]},"uagb_author_info":{"display_name":"SEO Undesigned","author_link":"https:\/\/global-learning.ro\/cursuri-online\/author\/"},"uagb_comment_info":0,"uagb_excerpt":"Curs de limba englez\u0103 de preg\u0103tire complet\u0103 pentru examenul Cambridge \u00een vederea ob\u021binerii certificatului CAE \u2013 C1 CURS CU PROFESOR \u2013 ONLINE (ZOOM) \u2013 20 \u0219edin\u021be a 2 ore \u0219edin\u021ba (se va achita conform contractului primit de le Global Learning la cererea dumneavoastr\u0103 de \u00eenscriere trimis\u0103 la info@global-learning.ro).","_links":{"self":[{"href":"https:\/\/global-learning.ro\/cursuri-online\/wp-json\/wp\/v2\/product\/57539","targetHints":{"allow":["GET"]}}],"collection":[{"href":"https:\/\/global-learning.ro\/cursuri-online\/wp-json\/wp\/v2\/product"}],"about":[{"href":"https:\/\/global-learning.ro\/cursuri-online\/wp-json\/wp\/v2\/types\/product"}],"replies":[{"embeddable":true,"href":"https:\/\/global-learning.ro\/cursuri-online\/wp-json\/wp\/v2\/comments?post=57539"}],"wp:featuredmedia":[{"embeddable":true,"href":"https:\/\/global-learning.ro\/cursuri-online\/wp-json\/wp\/v2\/media\/57540"}],"wp:attachment":[{"href":"https:\/\/global-learning.ro\/cursuri-online\/wp-json\/wp\/v2\/media?parent=57539"}],"wp:term":[{"taxonomy":"product_brand","embeddable":true,"href":"https:\/\/global-learning.ro\/cursuri-online\/wp-json\/wp\/v2\/product_brand?post=57539"},{"taxonomy":"product_cat","embeddable":true,"href":"https:\/\/global-learning.ro\/cursuri-online\/wp-json\/wp\/v2\/product_cat?post=57539"},{"taxonomy":"product_tag","embeddable":true,"href":"https:\/\/global-learning.ro\/cursuri-online\/wp-json\/wp\/v2\/product_tag?post=57539"}],"curies":[{"name":"wp","href":"https:\/\/api.w.org\/{rel}","templated":true}]}}